{"id":161898,"date":"2022-09-07T16:51:01","date_gmt":"2022-09-07T14:51:01","guid":{"rendered":"https:\/\/lediamant.ch\/produit\/geschenkideen-de\/valentinstag-de\/auswahl-fuer-ihn-de\/maurice-lacroix-pontos-day-date-41mm-blaues-zifferblatt-blaues-textilarmband\/"},"modified":"2022-09-07T16:51:01","modified_gmt":"2022-09-07T14:51:01","slug":"maurice-lacroix-pontos-day-date-41mm-blaues-zifferblatt-blaues-textilarmband","status":"publish","type":"product","link":"https:\/\/lediamant.ch\/de\/geschenkideen\/161898-maurice-lacroix-pontos-day-date-41mm-blaues-zifferblatt-blaues-textilarmband\/","title":{"rendered":"Maurice Lacroix PONTOS Day Date 41mm, blaues Zifferblatt, blaues Textilarmband"},"content":{"rendered":"<p>Seit ihren Anf\u00e4ngen wird der Geist dieser Kollektion durch ihre Linien und ihr Geh\u00e4use verk\u00f6rpert. Dieser Geist ist zeitgen\u00f6ssisch und respektiert die Codes der traditionellen Uhrmacherei, angezogen, ohne formell zu sein, raffiniert, ohne sich auf Design-Kunstst\u00fccken auszuruhen. Eine Suche nach dem Zeitlosen, fernab von Gewohnheiten und Bequemlichkeit. Die ganze Pers\u00f6nlichkeit der PONTOS kommt durch ihr rundes, detailreiches Geh\u00e4use zum Ausdruck. Es wird von einer Schulter auf beiden Seiten der Krone gepr\u00e4gt, die diese sch\u00fctzt und eine leichte Asymmetrie schafft.\u00a0<\/p>\n","protected":false},"excerpt":{"rendered":"<p>Seit ihren Anf\u00e4ngen wird der Geist dieser Kollektion durch ihre Linien und ihr Geh\u00e4use verk\u00f6rpert. Dieser Geist ist zeitgen\u00f6ssisch und respektiert die Codes der traditionellen Uhrmacherei, angezogen, ohne formell zu sein, raffiniert, ohne sich auf Design-Kunstst\u00fccken auszuruhen. Eine Suche nach dem Zeitlosen, fernab von Gewohnheiten und Bequemlichkeit. Die ganze Pers\u00f6nlichkeit der PONTOS kommt durch ihr &#8230; <a title=\"Maurice Lacroix PONTOS Day Date 41mm, blaues Zifferblatt, blaues Textilarmband\" class=\"read-more\" href=\"https:\/\/lediamant.ch\/de\/geschenkideen\/161898-maurice-lacroix-pontos-day-date-41mm-blaues-zifferblatt-blaues-textilarmband\/\" aria-label=\"Mehr Informationen \u00fcber Maurice Lacroix PONTOS Day Date 41mm, blaues Zifferblatt, blaues Textilarmband\">Weiterlesen &#8230;<\/a><\/p>\n","protected":false},"featured_media":161891,"template":"","meta":{"_acf_changed":false,"_seopress_robots_primary_cat":"","_seopress_titles_title":"","_seopress_titles_desc":"","_seopress_robots_index":""},"brand":[27103],"product_brand":[],"product_cat":[27213,27125,27149,27339,27123,27153],"product_tag":[],"class_list":{"0":"post-161898","1":"product","2":"type-product","3":"status-publish","4":"has-post-thumbnail","6":"brand-mauricelacroix-de","7":"product_cat-auswahl-fuer-ihn-de","8":"product_cat-geschenkideen","9":"product_cat-maurice-lacroix-de","10":"product_cat-pontos-de","11":"product_cat-uhren","12":"product_cat-valentinstag-de","13":"pa_couleurduboitier-grau-de","14":"pa_couleurdubracelet-blau-de","15":"pa_couleurducadran-blau","16":"pa_etancheite-100m-de","17":"pa_forme-runden","18":"pa_garantie-24monate","19":"pa_genre-mann","20":"pa_matiere-stahl","21":"pa_matierebraceletmontre-textil-de","22":"pa_mouvement-automatik-de","23":"pa_swissmade-ja-de","24":"pa_verre-saphir-de","25":"sales-flash-overlay","26":"woocommerce-text-align-center","27":"woocommerce-image-align-center","28":"do-quantity-buttons","30":"first","31":"instock","32":"taxable","33":"shipping-taxable","34":"purchasable","35":"product-type-simple"},"acf":[],"_links":{"self":[{"href":"https:\/\/lediamant.ch\/de\/wp-json\/wp\/v2\/product\/161898","targetHints":{"allow":["GET"]}}],"collection":[{"href":"https:\/\/lediamant.ch\/de\/wp-json\/wp\/v2\/product"}],"about":[{"href":"https:\/\/lediamant.ch\/de\/wp-json\/wp\/v2\/types\/product"}],"wp:featuredmedia":[{"embeddable":true,"href":"https:\/\/lediamant.ch\/de\/wp-json\/wp\/v2\/media\/161891"}],"wp:attachment":[{"href":"https:\/\/lediamant.ch\/de\/wp-json\/wp\/v2\/media?parent=161898"}],"wp:term":[{"taxonomy":"brand","embeddable":true,"href":"https:\/\/lediamant.ch\/de\/wp-json\/wp\/v2\/brand?post=161898"},{"taxonomy":"product_brand","embeddable":true,"href":"https:\/\/lediamant.ch\/de\/wp-json\/wp\/v2\/product_brand?post=161898"},{"taxonomy":"product_cat","embeddable":true,"href":"https:\/\/lediamant.ch\/de\/wp-json\/wp\/v2\/product_cat?post=161898"},{"taxonomy":"product_tag","embeddable":true,"href":"https:\/\/lediamant.ch\/de\/wp-json\/wp\/v2\/product_tag?post=161898"}],"curies":[{"name":"wp","href":"https:\/\/api.w.org\/{rel}","templated":true}]}}