{"id":162024,"date":"2022-09-14T17:05:02","date_gmt":"2022-09-14T15:05:02","guid":{"rendered":"https:\/\/lediamant.ch\/produit\/uhren-de\/balmain-de\/downtown-de\/ophrys-de\/balmain-ophrys-8\/"},"modified":"2024-12-23T13:30:22","modified_gmt":"2024-12-23T12:30:22","slug":"balmain-ophrys-8","status":"publish","type":"product","link":"https:\/\/lediamant.ch\/de\/uhren\/162024-balmain-ophrys-8\/","title":{"rendered":"Balmain Ophrys 38mm"},"content":{"rendered":"<p>Die neue Damenkollektion Ophrys von Balmain, die von Taucheruhren inspiriert ist, vereint technische Raffinesse mit originellen Farben. Als Anspielung auf die ber\u00fchmten Marini\u00e8res, die von den gr\u00f6\u00dften Couturiers entworfen wurden, prangen auf den Zifferbl\u00e4ttern stolz Streifen. Die neue Kollektion Ophrys von Balmain hat eine sportliche Silhouette, die die Codes der Taucheruhren aufgreift, aber sehr feminin ist. Die Uhren verf\u00fcgen \u00fcber eine verschraubte Krone, eine drehbare L\u00fcnette und sind bis 20 bar (200 Meter) wasserdicht.<\/p>\n","protected":false},"excerpt":{"rendered":"<p>Balmain Quarzuhr, Kollektion Ophrys, zweifarbiges Geh\u00e4use aus Stahl mit gelber PVD-Beschichtung, silberfarbenes Zifferblatt, Saphirglas, zweifarbiges Stahlarmband.<\/p>\n","protected":false},"featured_media":215416,"template":"","meta":{"_acf_changed":false,"_seopress_robots_primary_cat":"27173","_seopress_titles_title":"","_seopress_titles_desc":"Die Ophrys Kollektion von Balmain vereint technische Raffinesse und farbenfrohe Designs, inspiriert von Taucheruhren und Couturiers.","_seopress_robots_index":""},"brand":[27083],"product_brand":[],"product_cat":[27173,27477,27123],"product_tag":[],"class_list":{"0":"post-162024","1":"product","2":"type-product","3":"status-publish","4":"has-post-thumbnail","6":"brand-balmain-de","7":"product_cat-balmain-de","8":"product_cat-ophrys-de","9":"product_cat-uhren","10":"pa_couleurduboitier-zweifarbig-de","11":"pa_couleurducadran-silber","12":"pa_etancheite-200m-de","13":"pa_forme-runden","14":"pa_garantie-24monate","15":"pa_genre-frau","16":"pa_matiere-zweifarbigstahlgelbgoldpvd","17":"pa_matierebraceletmontre-edelstahl","18":"pa_mouvement-quarzbatterie-de","19":"pa_swissmade-ja-de","20":"pa_typedemontre-sportuhren","21":"pa_verre-saphir-de","22":"sales-flash-overlay","23":"woocommerce-text-align-center","24":"woocommerce-image-align-center","25":"do-quantity-buttons","27":"first","28":"instock","29":"taxable","30":"shipping-taxable","31":"purchasable","32":"product-type-simple"},"acf":[],"_links":{"self":[{"href":"https:\/\/lediamant.ch\/de\/wp-json\/wp\/v2\/product\/162024","targetHints":{"allow":["GET"]}}],"collection":[{"href":"https:\/\/lediamant.ch\/de\/wp-json\/wp\/v2\/product"}],"about":[{"href":"https:\/\/lediamant.ch\/de\/wp-json\/wp\/v2\/types\/product"}],"wp:featuredmedia":[{"embeddable":true,"href":"https:\/\/lediamant.ch\/de\/wp-json\/wp\/v2\/media\/215416"}],"wp:attachment":[{"href":"https:\/\/lediamant.ch\/de\/wp-json\/wp\/v2\/media?parent=162024"}],"wp:term":[{"taxonomy":"brand","embeddable":true,"href":"https:\/\/lediamant.ch\/de\/wp-json\/wp\/v2\/brand?post=162024"},{"taxonomy":"product_brand","embeddable":true,"href":"https:\/\/lediamant.ch\/de\/wp-json\/wp\/v2\/product_brand?post=162024"},{"taxonomy":"product_cat","embeddable":true,"href":"https:\/\/lediamant.ch\/de\/wp-json\/wp\/v2\/product_cat?post=162024"},{"taxonomy":"product_tag","embeddable":true,"href":"https:\/\/lediamant.ch\/de\/wp-json\/wp\/v2\/product_tag?post=162024"}],"curies":[{"name":"wp","href":"https:\/\/api.w.org\/{rel}","templated":true}]}}