{"id":162064,"date":"2022-09-19T01:02:24","date_gmt":"2022-09-18T23:02:24","guid":{"rendered":"https:\/\/lediamant.ch\/produit\/uhren-de\/tissot-de\/tissot-t-lady-de\/tissot-bellissima-de\/tissot-bellissima-quartz-small-lady-26-mm-mit-47-diamanten\/"},"modified":"2022-09-19T01:02:24","modified_gmt":"2022-09-18T23:02:24","slug":"tissot-bellissima-quartz-small-lady-26-mm-mit-47-diamanten","status":"publish","type":"product","link":"https:\/\/lediamant.ch\/de\/uhren\/162064-tissot-bellissima-quartz-small-lady-26-mm-mit-47-diamanten\/","title":{"rendered":"Tissot Bellissima Quartz Small Lady 26 mm mit 47 Diamanten"},"content":{"rendered":"<p>Die Tissot Bellissima Small Lady ist die &#8222;kleine Schwester&#8220; der Tissot Bellissima Automatic. Wie letztere beeindruckt sie mit ihrem eleganten Design und den sch\u00f6nen Details und mit einem sehr femininen Geh\u00e4usedurchmesser von 26 Millimetern.<\/p>\n<p>Dieses Modell verf\u00fcgt \u00fcber ein Swiss Made Quarzwerk und ein kratzfestes, gew\u00f6lbtes und entspiegeltes Saphirglas. Die r\u00f6mischen Ziffern und das kleine Datum bei 6 Uhr verleihen der Tissot Bellissima Small Lady eine elegante Ausstrahlung.<\/p>\n<p>Ihr Zifferblatt aus wei\u00dfem Perlmutt ist in einem Geh\u00e4use aus Edelstahl 316L mit einer mit 47 Diamanten besetzten L\u00fcnette eingeschlossen. Das Armband aus Edelstahl 316L liegt mit seiner Butterfly-Druckknopfschlie\u00dfe sicher und bequem am Handgelenk an.<\/p>\n","protected":false},"excerpt":{"rendered":"<p>Die Tissot Bellissima Small Lady ist die &#8222;kleine Schwester&#8220; der Tissot Bellissima Automatic. Wie letztere beeindruckt sie mit ihrem eleganten Design und den sch\u00f6nen Details und mit einem sehr femininen Geh\u00e4usedurchmesser von 26 Millimetern. Dieses Modell verf\u00fcgt \u00fcber ein Swiss Made Quarzwerk und ein kratzfestes, gew\u00f6lbtes und entspiegeltes Saphirglas. Die r\u00f6mischen Ziffern und das kleine &#8230; <a title=\"Tissot Bellissima Quartz Small Lady 26 mm mit 47 Diamanten\" class=\"read-more\" href=\"https:\/\/lediamant.ch\/de\/uhren\/162064-tissot-bellissima-quartz-small-lady-26-mm-mit-47-diamanten\/\" aria-label=\"Mehr Informationen \u00fcber Tissot Bellissima Quartz Small Lady 26 mm mit 47 Diamanten\">Weiterlesen &#8230;<\/a><\/p>\n","protected":false},"featured_media":162052,"template":"","meta":{"_acf_changed":false,"_seopress_robots_primary_cat":"","_seopress_titles_title":"","_seopress_titles_desc":"","_seopress_robots_index":""},"brand":[27087],"product_brand":[],"product_cat":[27137,27297,27159,27383,27123],"product_tag":[],"class_list":{"0":"post-162064","1":"product","2":"type-product","3":"status-publish","4":"has-post-thumbnail","6":"brand-tissot-de","7":"product_cat-bracelet-ajustable-de","8":"product_cat-exklusiv-fur-damen","9":"product_cat-tissot-de","10":"product_cat-tissot-bellissima","11":"product_cat-uhren","12":"pa_couleurduboitier-grau-de","13":"pa_couleurdubracelet-grau-de","14":"pa_couleurducadran-perlmutt","15":"pa_dimensions-o-26-mm","16":"pa_etancheite-50m-de","17":"pa_forme-runden","18":"pa_matiere-stahl","19":"pa_matierebraceletmontre-edelstahl","20":"pa_mouvement-quarzbatterie-de","21":"pa_typedemontre-uhrenmitdiamanten","22":"sales-flash-overlay","23":"woocommerce-text-align-center","24":"woocommerce-image-align-center","25":"do-quantity-buttons","27":"first","28":"instock","29":"taxable","30":"shipping-taxable","31":"purchasable","32":"product-type-simple"},"acf":[],"_links":{"self":[{"href":"https:\/\/lediamant.ch\/de\/wp-json\/wp\/v2\/product\/162064","targetHints":{"allow":["GET"]}}],"collection":[{"href":"https:\/\/lediamant.ch\/de\/wp-json\/wp\/v2\/product"}],"about":[{"href":"https:\/\/lediamant.ch\/de\/wp-json\/wp\/v2\/types\/product"}],"wp:featuredmedia":[{"embeddable":true,"href":"https:\/\/lediamant.ch\/de\/wp-json\/wp\/v2\/media\/162052"}],"wp:attachment":[{"href":"https:\/\/lediamant.ch\/de\/wp-json\/wp\/v2\/media?parent=162064"}],"wp:term":[{"taxonomy":"brand","embeddable":true,"href":"https:\/\/lediamant.ch\/de\/wp-json\/wp\/v2\/brand?post=162064"},{"taxonomy":"product_brand","embeddable":true,"href":"https:\/\/lediamant.ch\/de\/wp-json\/wp\/v2\/product_brand?post=162064"},{"taxonomy":"product_cat","embeddable":true,"href":"https:\/\/lediamant.ch\/de\/wp-json\/wp\/v2\/product_cat?post=162064"},{"taxonomy":"product_tag","embeddable":true,"href":"https:\/\/lediamant.ch\/de\/wp-json\/wp\/v2\/product_tag?post=162064"}],"curies":[{"name":"wp","href":"https:\/\/api.w.org\/{rel}","templated":true}]}}