{"id":162088,"date":"2022-09-19T01:02:55","date_gmt":"2022-09-18T23:02:55","guid":{"rendered":"https:\/\/lediamant.ch\/produit\/uhren-de\/tissot-de\/tissot-t-classic-de\/tissot-prx-quartz-de\/tissot-prx-40-mm\/"},"modified":"2022-09-19T01:02:55","modified_gmt":"2022-09-18T23:02:55","slug":"tissot-prx-40-mm","status":"publish","type":"product","link":"https:\/\/lediamant.ch\/de\/uhren\/162088-tissot-prx-40-mm\/","title":{"rendered":"Tissot PRX 40 mm"},"content":{"rendered":"<p>Tissot legt ein emblematisches Design aus den sp\u00e4ten 1970er Jahren mit integriertem Geh\u00e4use und Armband neu auf. Das Geh\u00e4use der Tissot PRX 40 hat einen Durchmesser von 40 mm. Es hat eine leicht tonnenf\u00f6rmige Linie und beherbergt eine glatte, schmale und runde L\u00fcnette.<\/p>\n","protected":false},"excerpt":{"rendered":"<p>Tissot legt ein emblematisches Design aus den sp\u00e4ten 1970er Jahren mit integriertem Geh\u00e4use und Armband neu auf. Das Geh\u00e4use der Tissot PRX 40 hat einen Durchmesser von 40 mm. Es hat eine leicht tonnenf\u00f6rmige Linie und beherbergt eine glatte, schmale und runde L\u00fcnette.<\/p>\n","protected":false},"featured_media":162080,"template":"","meta":{"_acf_changed":false,"_seopress_robots_primary_cat":"","_seopress_titles_title":"","_seopress_titles_desc":"","_seopress_robots_index":""},"brand":[27087],"product_brand":[],"product_cat":[27137,27159,27389,27123],"product_tag":[],"class_list":{"0":"post-162088","1":"product","2":"type-product","3":"status-publish","4":"has-post-thumbnail","6":"brand-tissot-de","7":"product_cat-bracelet-ajustable-de","8":"product_cat-tissot-de","9":"product_cat-tissot-prx","10":"product_cat-uhren","11":"pa_couleurduboitier-grau-de","12":"pa_couleurdubracelet-grau-de","13":"pa_couleurducadran-grun","14":"pa_etancheite-100m-de","15":"pa_genre-mann","16":"pa_matiere-stahl","17":"pa_matierebraceletmontre-edelstahl","18":"pa_mouvement-quarzbatterie-de","19":"sales-flash-overlay","20":"woocommerce-text-align-center","21":"woocommerce-image-align-center","22":"do-quantity-buttons","24":"first","25":"instock","26":"taxable","27":"shipping-taxable","28":"purchasable","29":"product-type-simple"},"acf":[],"_links":{"self":[{"href":"https:\/\/lediamant.ch\/de\/wp-json\/wp\/v2\/product\/162088","targetHints":{"allow":["GET"]}}],"collection":[{"href":"https:\/\/lediamant.ch\/de\/wp-json\/wp\/v2\/product"}],"about":[{"href":"https:\/\/lediamant.ch\/de\/wp-json\/wp\/v2\/types\/product"}],"wp:featuredmedia":[{"embeddable":true,"href":"https:\/\/lediamant.ch\/de\/wp-json\/wp\/v2\/media\/162080"}],"wp:attachment":[{"href":"https:\/\/lediamant.ch\/de\/wp-json\/wp\/v2\/media?parent=162088"}],"wp:term":[{"taxonomy":"brand","embeddable":true,"href":"https:\/\/lediamant.ch\/de\/wp-json\/wp\/v2\/brand?post=162088"},{"taxonomy":"product_brand","embeddable":true,"href":"https:\/\/lediamant.ch\/de\/wp-json\/wp\/v2\/product_brand?post=162088"},{"taxonomy":"product_cat","embeddable":true,"href":"https:\/\/lediamant.ch\/de\/wp-json\/wp\/v2\/product_cat?post=162088"},{"taxonomy":"product_tag","embeddable":true,"href":"https:\/\/lediamant.ch\/de\/wp-json\/wp\/v2\/product_tag?post=162088"}],"curies":[{"name":"wp","href":"https:\/\/api.w.org\/{rel}","templated":true}]}}