{"id":162218,"date":"2022-10-10T01:02:07","date_gmt":"2022-10-09T23:02:07","guid":{"rendered":"https:\/\/lediamant.ch\/produit\/uhren-de\/tissot-de\/tissot-t-sport-de\/tissot-prs-516-quartz-de\/tissot-prs-516-chronograph-5\/"},"modified":"2022-10-10T01:02:07","modified_gmt":"2022-10-09T23:02:07","slug":"tissot-prs-516-chronograph-5","status":"publish","type":"product","link":"https:\/\/lediamant.ch\/de\/uhren\/162218-tissot-prs-516-chronograph-5\/","title":{"rendered":"Tissot PRS 516 Chronograph"},"content":{"rendered":"<p>In den letzten Jahrzehnten hat die Schweizer Traditionsmarke Tissot viele klassische Uhren produziert. Die Tissot PRS 516 ist zweifellos eine dieser Ikonen und inspiriert Uhrenliebhaber seit den 1960er Jahren. Tissot hat sein Erfolgsmodell neu aufgelegt und pr\u00e4sentiert mit dem Chronographen PRS 516 mit Swiss Made Quarzwerk einen atemberaubenden Zeitmesser, der die Sportlichkeit seines Vorg\u00e4ngers gekonnt bis in die Gegenwart fortf\u00fchrt und das historische Erbe elegant mit modernen Details verbindet. Das Geh\u00e4use aus 316L-Edelstahl mit ros\u00e9goldfarbener PVD-Beschichtung ist mit einem kratzfesten Saphirglas versehen, das von einer ros\u00e9goldfarbenen Tachymeterl\u00fcnette eingerahmt wird. Das graue Zifferblatt mit arabischen Ziffern verf\u00fcgt \u00fcber eine Datumsanzeige. Abgerundet wird das Erscheinungsbild des Tissot PRS 516 Chronographen durch ein graues, perforiertes Lederarmband - inspiriert vom Look fr\u00fcherer Sportvolants - mit einer Schmetterlingsschlie\u00dfe mit Dr\u00fcckern und einem Schnellwechselsystem.<\/p>\n","protected":false},"excerpt":{"rendered":"<p>In den letzten Jahrzehnten hat die Schweizer Traditionsmarke Tissot viele klassische Uhren produziert. Die Tissot PRS 516 ist zweifellos eine dieser Ikonen und inspiriert Uhrenliebhaber seit den 1960er Jahren. Tissot hat sein Erfolgsmodell neu aufgelegt und pr\u00e4sentiert mit dem Chronographen PRS 516 mit Swiss Made Quarzwerk einen atemberaubenden Zeitmesser, der die Sportlichkeit seines Vorg\u00e4ngers gekonnt &#8230; <a title=\"Tissot PRS 516 Chronograph\" class=\"read-more\" href=\"https:\/\/lediamant.ch\/de\/uhren\/162218-tissot-prs-516-chronograph-5\/\" aria-label=\"Mehr Informationen \u00fcber Tissot PRS 516 Chronograph\">Weiterlesen &#8230;<\/a><\/p>\n","protected":false},"featured_media":162205,"template":"","meta":{"_acf_changed":false,"_seopress_robots_primary_cat":"","_seopress_titles_title":"","_seopress_titles_desc":"","_seopress_robots_index":""},"brand":[27087],"product_brand":[],"product_cat":[27123,27159,27203,27491],"product_tag":[],"class_list":{"0":"post-162218","1":"product","2":"type-product","3":"status-publish","4":"has-post-thumbnail","6":"brand-tissot-de","7":"product_cat-uhren","8":"product_cat-tissot-de","9":"product_cat-tissot-sport","10":"product_cat-tissot-pr516","11":"pa_couleurduboitier-pinkrosa-de","12":"pa_couleurdubracelet-grau-de","13":"pa_couleurducadran-grau","14":"pa_dimensions-o-45-mm","15":"pa_etancheite-100m-de","16":"pa_forme-runden","17":"pa_garantie-24monate","18":"pa_genre-mann","19":"pa_matiere-rosegoldpvd","20":"pa_matierebraceletmontre-leder","21":"pa_mouvement-quarzbatterie-de","22":"pa_swissmade-ja-de","23":"pa_verre-saphir-de","24":"sales-flash-overlay","25":"woocommerce-text-align-center","26":"woocommerce-image-align-center","27":"do-quantity-buttons","29":"first","30":"instock","31":"taxable","32":"shipping-taxable","33":"purchasable","34":"product-type-simple"},"acf":[],"_links":{"self":[{"href":"https:\/\/lediamant.ch\/de\/wp-json\/wp\/v2\/product\/162218","targetHints":{"allow":["GET"]}}],"collection":[{"href":"https:\/\/lediamant.ch\/de\/wp-json\/wp\/v2\/product"}],"about":[{"href":"https:\/\/lediamant.ch\/de\/wp-json\/wp\/v2\/types\/product"}],"wp:featuredmedia":[{"embeddable":true,"href":"https:\/\/lediamant.ch\/de\/wp-json\/wp\/v2\/media\/162205"}],"wp:attachment":[{"href":"https:\/\/lediamant.ch\/de\/wp-json\/wp\/v2\/media?parent=162218"}],"wp:term":[{"taxonomy":"brand","embeddable":true,"href":"https:\/\/lediamant.ch\/de\/wp-json\/wp\/v2\/brand?post=162218"},{"taxonomy":"product_brand","embeddable":true,"href":"https:\/\/lediamant.ch\/de\/wp-json\/wp\/v2\/product_brand?post=162218"},{"taxonomy":"product_cat","embeddable":true,"href":"https:\/\/lediamant.ch\/de\/wp-json\/wp\/v2\/product_cat?post=162218"},{"taxonomy":"product_tag","embeddable":true,"href":"https:\/\/lediamant.ch\/de\/wp-json\/wp\/v2\/product_tag?post=162218"}],"curies":[{"name":"wp","href":"https:\/\/api.w.org\/{rel}","templated":true}]}}