{"id":162312,"date":"2022-10-10T01:03:17","date_gmt":"2022-10-09T23:03:17","guid":{"rendered":"https:\/\/lediamant.ch\/produit\/uhren-de\/tissot-de\/tissot-t-pocket-de\/tissot-infirmieres-de\/tissot-infirmieres\/"},"modified":"2022-10-10T01:03:17","modified_gmt":"2022-10-09T23:03:17","slug":"tissot-infirmieres","status":"publish","type":"product","link":"https:\/\/lediamant.ch\/de\/uhren\/162312-tissot-infirmieres\/","title":{"rendered":"Tissot Infirmi\u00e8res"},"content":{"rendered":"<p>Seit 1969 stellt Tissot Uhren f\u00fcr Krankenschwestern her. Eine praktische Art, die Zeit anzuzeigen und eine einzigartige Art, sie zu tragen. Die Tissot Infirmi\u00e8res vereint uhrmacherisches Know-how mit innovativer Gestaltung. Ihre verschiedenen Ausf\u00fchrungen bieten Ihnen die M\u00f6glichkeit, Ihren Stil zum Ausdruck zu bringen. Diese modernen Uhren bieten sowohl Leichtigkeit als auch Pr\u00e4zision. Sie sind in verschiedenen Ausf\u00fchrungen erh\u00e4ltlich und bieten jedem die M\u00f6glichkeit, seinen Stil auszudr\u00fccken.<\/p>\n","protected":false},"excerpt":{"rendered":"<p>QUARZWERK<\/p>\n<p>DURCHMESSER: 30.1 MM<\/p>\n<p>WIRD MIT EINER KETTE GELIEFERT<\/p>\n","protected":false},"featured_media":162305,"template":"","meta":{"_acf_changed":false,"_seopress_robots_primary_cat":"","_seopress_titles_title":"","_seopress_titles_desc":"","_seopress_robots_index":""},"brand":[27087],"product_brand":[],"product_cat":[27123,27159,27335,27397],"product_tag":[],"class_list":{"0":"post-162312","1":"product","2":"type-product","3":"status-publish","4":"has-post-thumbnail","6":"brand-tissot-de","7":"product_cat-uhren","8":"product_cat-tissot-de","9":"product_cat-tissot-taschenuhren","10":"product_cat-tissot-schwesternuhren","11":"pa_couleurduboitier-grau-de","12":"pa_couleurducadran-blau","13":"pa_dimensions-o-30-1-mm","14":"pa_forme-runden","15":"pa_garantie-24monate","16":"pa_genre-frau","17":"pa_matiere-stahl","18":"pa_mouvement-quarzbatterie-de","19":"sales-flash-overlay","20":"woocommerce-text-align-center","21":"woocommerce-image-align-center","22":"do-quantity-buttons","24":"first","25":"instock","26":"taxable","27":"shipping-taxable","28":"purchasable","29":"product-type-simple"},"acf":[],"_links":{"self":[{"href":"https:\/\/lediamant.ch\/de\/wp-json\/wp\/v2\/product\/162312","targetHints":{"allow":["GET"]}}],"collection":[{"href":"https:\/\/lediamant.ch\/de\/wp-json\/wp\/v2\/product"}],"about":[{"href":"https:\/\/lediamant.ch\/de\/wp-json\/wp\/v2\/types\/product"}],"wp:featuredmedia":[{"embeddable":true,"href":"https:\/\/lediamant.ch\/de\/wp-json\/wp\/v2\/media\/162305"}],"wp:attachment":[{"href":"https:\/\/lediamant.ch\/de\/wp-json\/wp\/v2\/media?parent=162312"}],"wp:term":[{"taxonomy":"brand","embeddable":true,"href":"https:\/\/lediamant.ch\/de\/wp-json\/wp\/v2\/brand?post=162312"},{"taxonomy":"product_brand","embeddable":true,"href":"https:\/\/lediamant.ch\/de\/wp-json\/wp\/v2\/product_brand?post=162312"},{"taxonomy":"product_cat","embeddable":true,"href":"https:\/\/lediamant.ch\/de\/wp-json\/wp\/v2\/product_cat?post=162312"},{"taxonomy":"product_tag","embeddable":true,"href":"https:\/\/lediamant.ch\/de\/wp-json\/wp\/v2\/product_tag?post=162312"}],"curies":[{"name":"wp","href":"https:\/\/api.w.org\/{rel}","templated":true}]}}