{"id":164905,"date":"2022-11-15T09:48:33","date_gmt":"2022-11-15T08:48:33","guid":{"rendered":"https:\/\/lediamant.ch\/produit\/uhren-de\/aerowatch-de\/les-grandes-classiques-de\/aerowatch-les-grandes-classiques-chrono-sport-stahlband\/"},"modified":"2022-11-15T09:48:33","modified_gmt":"2022-11-15T08:48:33","slug":"aerowatch-les-grandes-classiques-chrono-sport-stahlband","status":"publish","type":"product","link":"https:\/\/lediamant.ch\/de\/uhren\/164905-aerowatch-les-grandes-classiques-chrono-sport-stahlband\/","title":{"rendered":"Aerowatch Les Grandes Classiques Chrono Sport Stahlband"},"content":{"rendered":"<p>BEWEGUNG Schweizer Quarz, Stunden, Minuten, Sekunden, Chronograph und Datum bei 4 Uhr.<\/p>\n<p>DIMENSIONEN Zwischenhorn 21.00 mm, Gesamth\u00f6he 11.25 mm<\/p>\n<p>DURCHMESSER 42.00 mm<\/p>\n<p>ARMBAND Stahlarmband mit Faltschlie\u00dfe<\/p>\n<p>GEH\u00c4USE Stahl mit satiniertem Finish, flaches Saphirglas.<\/p>\n<p>Chronographen-Zifferblatt, Silber mit Sonnenschliff, 3 blaue Z\u00e4hler, 12 Leuchtindizes.<\/p>\n<p>Wasserdichtigkeit 50m<\/p>\n","protected":false},"excerpt":{"rendered":"<p>BEWEGUNG Schweizer Quarz, Stunden, Minuten, Sekunden, Chronograph und Datum bei 4 Uhr. DIMENSIONEN Zwischenhorn 21.00 mm, Gesamth\u00f6he 11.25 mm DURCHMESSER 42.00 mm ARMBAND Stahlarmband mit Faltschlie\u00dfe GEH\u00c4USE Stahl mit satiniertem Finish, flaches Saphirglas. Chronographen-Zifferblatt, Silber mit Sonnenschliff, 3 blaue Z\u00e4hler, 12 Leuchtindizes. Wasserdichtigkeit 50m<\/p>\n","protected":false},"featured_media":164900,"template":"","meta":{"_acf_changed":false,"_seopress_robots_primary_cat":"","_seopress_titles_title":"","_seopress_titles_desc":"","_seopress_robots_index":""},"brand":[27081],"product_brand":[],"product_cat":[27123,27167,27289,27137],"product_tag":[],"class_list":{"0":"post-164905","1":"product","2":"type-product","3":"status-publish","4":"has-post-thumbnail","6":"brand-aerowatch-de","7":"product_cat-uhren","8":"product_cat-aerowatch-de","9":"product_cat-les-grandes-classiques-de","10":"product_cat-bracelet-ajustable-de","11":"pa_couleurduboitier-grau-de","12":"pa_couleurducadran-blau","13":"pa_couleurducadran-silber","14":"pa_etancheite-50m-de","15":"pa_forme-runden","16":"pa_garantie-24monate","17":"pa_genre-mann","18":"pa_matiere-stahl","19":"pa_matierebraceletmontre-edelstahl","20":"pa_mouvement-quarzbatterie-de","21":"pa_swissmade-ja-de","22":"pa_typedemontre-chronograph-de","23":"pa_typedemontre-sportuhren","24":"sales-flash-overlay","25":"woocommerce-text-align-center","26":"woocommerce-image-align-center","27":"do-quantity-buttons","29":"first","30":"instock","31":"taxable","32":"shipping-taxable","33":"purchasable","34":"product-type-simple"},"acf":[],"_links":{"self":[{"href":"https:\/\/lediamant.ch\/de\/wp-json\/wp\/v2\/product\/164905","targetHints":{"allow":["GET"]}}],"collection":[{"href":"https:\/\/lediamant.ch\/de\/wp-json\/wp\/v2\/product"}],"about":[{"href":"https:\/\/lediamant.ch\/de\/wp-json\/wp\/v2\/types\/product"}],"wp:featuredmedia":[{"embeddable":true,"href":"https:\/\/lediamant.ch\/de\/wp-json\/wp\/v2\/media\/164900"}],"wp:attachment":[{"href":"https:\/\/lediamant.ch\/de\/wp-json\/wp\/v2\/media?parent=164905"}],"wp:term":[{"taxonomy":"brand","embeddable":true,"href":"https:\/\/lediamant.ch\/de\/wp-json\/wp\/v2\/brand?post=164905"},{"taxonomy":"product_brand","embeddable":true,"href":"https:\/\/lediamant.ch\/de\/wp-json\/wp\/v2\/product_brand?post=164905"},{"taxonomy":"product_cat","embeddable":true,"href":"https:\/\/lediamant.ch\/de\/wp-json\/wp\/v2\/product_cat?post=164905"},{"taxonomy":"product_tag","embeddable":true,"href":"https:\/\/lediamant.ch\/de\/wp-json\/wp\/v2\/product_tag?post=164905"}],"curies":[{"name":"wp","href":"https:\/\/api.w.org\/{rel}","templated":true}]}}