{"id":164921,"date":"2022-11-15T10:05:24","date_gmt":"2022-11-15T09:05:24","guid":{"rendered":"https:\/\/lediamant.ch\/produit\/uhren-de\/aerowatch-de\/a1942-de\/aerowatch-1942-chrono-quarz-silver-42mm-stahlband\/"},"modified":"2022-11-15T10:05:24","modified_gmt":"2022-11-15T09:05:24","slug":"aerowatch-1942-chrono-quarz-silver-42mm-stahlband","status":"publish","type":"product","link":"https:\/\/lediamant.ch\/de\/uhren\/164921-aerowatch-1942-chrono-quarz-silver-42mm-stahlband\/","title":{"rendered":"Aerowatch 1942 Chrono Quarz Silver 42mm Stahlband"},"content":{"rendered":"<p>UHRWERK Schweizerische Quarzwerke, Stunden, Minuten, Sekunden, Chronograph und Datum bei 4 Uhr.<\/p>\n<p>DIMENSIONEN Zwischenhorn 20.00 mm, Gesamth\u00f6he 13.30 mm<\/p>\n<p>DURCHMESSER 42.00 mm<\/p>\n<p>ARMBAND Stahlarmband mit Faltschlie\u00dfe<\/p>\n<p>GEH\u00c4USE Stahl, gew\u00f6lbtes Saphirglas<\/p>\n<p>Zifferblatt Silber matt und fein satiniert im Zentrum, 3 Z\u00e4hler, 6 Brillanten VS1 \u00d8 1.00, 0.014 ct, r\u00f6mische Indexe.<\/p>\n<p>Wasserdichtheit 50m<\/p>\n","protected":false},"excerpt":{"rendered":"<p>UHRWERK Schweizerische Quarzwerke, Stunden, Minuten, Sekunden, Chronograph und Datum bei 4 Uhr. DIMENSIONEN Zwischenhorn 20.00 mm, Gesamth\u00f6he 13.30 mm DURCHMESSER 42.00 mm ARMBAND Stahlarmband mit Faltschlie\u00dfe GEH\u00c4USE Stahl, gew\u00f6lbtes Saphirglas Zifferblatt Silber matt und fein satiniert im Zentrum, 3 Z\u00e4hler, 6 Brillanten VS1 \u00d8 1.00, 0.014 ct, r\u00f6mische Indexe. Wasserdichtheit 50m<\/p>\n","protected":false},"featured_media":164917,"template":"","meta":{"_acf_changed":false,"_seopress_robots_primary_cat":"","_seopress_titles_title":"","_seopress_titles_desc":"","_seopress_robots_index":""},"brand":[27081],"product_brand":[],"product_cat":[27241,27167,27137,27123],"product_tag":[],"class_list":{"0":"post-164921","1":"product","2":"type-product","3":"status-publish","4":"has-post-thumbnail","6":"brand-aerowatch-de","7":"product_cat-1942-de","8":"product_cat-aerowatch-de","9":"product_cat-bracelet-ajustable-de","10":"product_cat-uhren","11":"pa_couleurduboitier-grau-de","12":"pa_couleurducadran-silber","13":"pa_etancheite-50m-de","14":"pa_forme-runden","15":"pa_garantie-24monate","16":"pa_genre-frau","17":"pa_matiere-stahl","18":"pa_matierebraceletmontre-edelstahl","19":"pa_mouvement-quarzbatterie-de","20":"pa_swissmade-ja-de","21":"pa_typedemontre-chronograph-de","22":"sales-flash-overlay","23":"woocommerce-text-align-center","24":"woocommerce-image-align-center","25":"do-quantity-buttons","27":"first","28":"outofstock","29":"taxable","30":"shipping-taxable","31":"purchasable","32":"product-type-simple"},"acf":[],"_links":{"self":[{"href":"https:\/\/lediamant.ch\/de\/wp-json\/wp\/v2\/product\/164921","targetHints":{"allow":["GET"]}}],"collection":[{"href":"https:\/\/lediamant.ch\/de\/wp-json\/wp\/v2\/product"}],"about":[{"href":"https:\/\/lediamant.ch\/de\/wp-json\/wp\/v2\/types\/product"}],"wp:featuredmedia":[{"embeddable":true,"href":"https:\/\/lediamant.ch\/de\/wp-json\/wp\/v2\/media\/164917"}],"wp:attachment":[{"href":"https:\/\/lediamant.ch\/de\/wp-json\/wp\/v2\/media?parent=164921"}],"wp:term":[{"taxonomy":"brand","embeddable":true,"href":"https:\/\/lediamant.ch\/de\/wp-json\/wp\/v2\/brand?post=164921"},{"taxonomy":"product_brand","embeddable":true,"href":"https:\/\/lediamant.ch\/de\/wp-json\/wp\/v2\/product_brand?post=164921"},{"taxonomy":"product_cat","embeddable":true,"href":"https:\/\/lediamant.ch\/de\/wp-json\/wp\/v2\/product_cat?post=164921"},{"taxonomy":"product_tag","embeddable":true,"href":"https:\/\/lediamant.ch\/de\/wp-json\/wp\/v2\/product_tag?post=164921"}],"curies":[{"name":"wp","href":"https:\/\/api.w.org\/{rel}","templated":true}]}}