{"id":164957,"date":"2023-03-22T13:28:17","date_gmt":"2023-03-22T12:28:17","guid":{"rendered":"https:\/\/lediamant.ch\/produit\/uhren-de\/aerowatch-de\/milan-de\/aerowatch-milan-automatic-date-stahlband-41mm\/"},"modified":"2026-03-25T17:44:19","modified_gmt":"2026-03-25T16:44:19","slug":"aerowatch-milan-automatic-date-stahlband-41mm","status":"publish","type":"product","link":"https:\/\/lediamant.ch\/de\/uhren\/164957-aerowatch-milan-automatic-date-stahlband-41mm\/","title":{"rendered":"Aerowatch Milan Automatic Date 41mm"},"content":{"rendered":"<p>Die \u00abMILAN\u00bb von Aerowatch ist aus Edelstahl gefertigt und \u00fcberzeugt durch einen sportlich dezenten Auftritt, der durch die Anst\u00f6sse, die mit dem Geh\u00e4use eine Einheit bilden, betont wird. Der gezahnte L\u00fcnetten-Kranz und die gesch\u00fctzte Krone fliessen unauff\u00e4llig in die stimmige Erscheinung ein und unterstreichen die klare Linienf\u00fchrung. Einen sportlich-eleganten Auftritt erh\u00e4lt die \u00abMILAN\u00bb in der Version mit einem Royal-blauen Leder-Kautschuk-Band, das passend zum gleichfarbigen Zifferblatt gew\u00e4hlt ist.<\/p>\n<p>Beim genaueren Betrachten erkennt man, dass nichts an der Uhr zuf\u00e4llig ist, sondern bis ins kleinste Detail die Philosophie von Aerowatch widerspiegelt; Dabei werden Perfektion und Liebe zum Detail hochgehalten. Besonderes Augenmerk verdient die raffinierte Umsetzung des symbolhaften Tannensujets auf dem Zifferblatt und am Sekundenzeiger. Das grafische Tannenmuster bewirkt eine Tiefensch\u00e4rfung und verwandelt das Zifferblatt in einen idyllischen Nadelwald, der zu einem gedanklichen Spaziergang durch die Weiten des Juras verleitet.<\/p>\n<p>Mit der stilsicheren \u00abMILAN\u00bb er\u00f6ffnet Aerowatch den Reigen von Uhren mit integrierten Armb\u00e4ndern, die zu einem erschwinglichen Preis angeboten werden. Die Herrenkollektion ist mit einem dekorierten Automaten-Uhr-Werk von Selitta ausgestattet, das durch den gl\u00e4sernen Saphir-Geh\u00e4useboden bewundert werden kann.<\/p>\n<p>Automatisches Uhrwerk Sellita SW200-1<\/p>\n<p>26 Rubine - 28.800 Halbschwingungen pro Stunde.<\/p>\n<p>Rhodiniertes, dekoriertes Uhrwerk mit gebl\u00e4uten Schrauben.<\/p>\n<p>Anzeige von Stunde, Minute, Sekunde, Datum 6H.<\/p>\n<p>Geh\u00e4use aus Edelstahl \u00d8 41.00mm.<\/p>\n<p>Kronenschutz, verschraubte Krone.<\/p>\n<p>Zifferblatt royalblau mit &#8222;Tannennadeln&#8220;-Dekor.<\/p>\n<p>Indizes und Stunden- &amp; Minutenzeiger mit Leuchtmasse.<\/p>\n<p>Sekundenzeiger in Form eines &#8222;Tannenbaums&#8220;.<\/p>\n<p>Entspiegeltes Saphirglas<\/p>\n<p>Verschraubter transparenter Boden<\/p>\n<p>Wasserdicht bis 120 Meter<\/p>\n<p>Armband Edelstahl satiniert-poliert oder Leder-Kautschuk-Armband<\/p>\n","protected":false},"excerpt":{"rendered":"<p>Die \u00abMILAN\u00bb von Aerowatch ist aus Edelstahl gefertigt und \u00fcberzeugt durch einen sportlich dezenten Auftritt, der durch die Anst\u00f6sse, die mit dem Geh\u00e4use eine Einheit bilden, betont wird. Der gezahnte L\u00fcnetten-Kranz und die gesch\u00fctzte Krone fliessen unauff\u00e4llig in die stimmige Erscheinung ein und unterstreichen die klare Linienf\u00fchrung. Einen sportlich-eleganten Auftritt erh\u00e4lt die \u00abMILAN\u00bb in der &#8230; <a title=\"Aerowatch Milan Automatic Date 41mm\" class=\"read-more\" href=\"https:\/\/lediamant.ch\/de\/uhren\/164957-aerowatch-milan-automatic-date-stahlband-41mm\/\" aria-label=\"Mehr Informationen \u00fcber Aerowatch Milan Automatic Date 41mm\">Weiterlesen &#8230;<\/a><\/p>\n","protected":false},"featured_media":164943,"template":"","meta":{"_acf_changed":false,"_seopress_robots_primary_cat":"27167","_seopress_titles_title":"","_seopress_titles_desc":"","_seopress_robots_index":""},"brand":[27081],"product_brand":[],"product_cat":[27167,27137,27233,27133,27123,27141],"product_tag":[],"class_list":{"0":"post-164957","1":"product","2":"type-product","3":"status-publish","4":"has-post-thumbnail","6":"brand-aerowatch-de","7":"product_cat-aerowatch-de","8":"product_cat-bracelet-ajustable-de","9":"product_cat-milan-de","10":"product_cat-sale","11":"product_cat-uhren","12":"product_cat-uhren-sale","13":"pa_couleurduboitier-grau-de","14":"pa_couleurducadran-blau","15":"pa_etancheite-120m-de","16":"pa_forme-runden","17":"pa_garantie-24monate","18":"pa_genre-mann","19":"pa_matiere-stahl","20":"pa_matierebraceletmontre-edelstahl","21":"pa_mouvement-automatik-de","22":"pa_swissmade-ja-de","23":"pa_verre-saphir-de","24":"sales-flash-overlay","25":"woocommerce-text-align-center","26":"woocommerce-image-align-center","27":"do-quantity-buttons","29":"first","30":"instock","31":"sale","32":"taxable","33":"shipping-taxable","34":"purchasable","35":"product-type-simple"},"acf":[],"_links":{"self":[{"href":"https:\/\/lediamant.ch\/de\/wp-json\/wp\/v2\/product\/164957","targetHints":{"allow":["GET"]}}],"collection":[{"href":"https:\/\/lediamant.ch\/de\/wp-json\/wp\/v2\/product"}],"about":[{"href":"https:\/\/lediamant.ch\/de\/wp-json\/wp\/v2\/types\/product"}],"wp:featuredmedia":[{"embeddable":true,"href":"https:\/\/lediamant.ch\/de\/wp-json\/wp\/v2\/media\/164943"}],"wp:attachment":[{"href":"https:\/\/lediamant.ch\/de\/wp-json\/wp\/v2\/media?parent=164957"}],"wp:term":[{"taxonomy":"brand","embeddable":true,"href":"https:\/\/lediamant.ch\/de\/wp-json\/wp\/v2\/brand?post=164957"},{"taxonomy":"product_brand","embeddable":true,"href":"https:\/\/lediamant.ch\/de\/wp-json\/wp\/v2\/product_brand?post=164957"},{"taxonomy":"product_cat","embeddable":true,"href":"https:\/\/lediamant.ch\/de\/wp-json\/wp\/v2\/product_cat?post=164957"},{"taxonomy":"product_tag","embeddable":true,"href":"https:\/\/lediamant.ch\/de\/wp-json\/wp\/v2\/product_tag?post=164957"}],"curies":[{"name":"wp","href":"https:\/\/api.w.org\/{rel}","templated":true}]}}