{"id":166054,"date":"2022-11-23T14:37:31","date_gmt":"2022-11-23T13:37:31","guid":{"rendered":"https:\/\/lediamant.ch\/produit\/uhren-de\/hamilton-de\/ventura-de\/hamilton-ventura-s-auto-automatik-34mm-x-38mm-2\/"},"modified":"2022-11-23T14:37:31","modified_gmt":"2022-11-23T13:37:31","slug":"hamilton-ventura-s-auto-automatik-34mm-x-38mm-2","status":"publish","type":"product","link":"https:\/\/lediamant.ch\/de\/uhren\/166054-hamilton-ventura-s-auto-automatik-34mm-x-38mm-2\/","title":{"rendered":"Hamilton VENTURA S AUTO Automatik | 34mm x 38mm"},"content":{"rendered":"<p>Mit ihrem klaren und eleganten Design verk\u00f6rpert die Ventura S Automatik die neueste Version einer revolution\u00e4ren Ikone. \u00dcberschreiten Sie die Grenzen mit der ersten elektrischen Uhr, die von einer Batterie angetrieben wird, einem zeitlosen Ausdruck von Kreativit\u00e4t.<\/p>\n","protected":false},"excerpt":{"rendered":"<p>Mit ihrem klaren und eleganten Design verk\u00f6rpert die Ventura S Automatik die neueste Version einer revolution\u00e4ren Ikone. \u00dcberschreiten Sie die Grenzen mit der ersten elektrischen Uhr, die von einer Batterie angetrieben wird, einem zeitlosen Ausdruck von Kreativit\u00e4t.<\/p>\n","protected":false},"featured_media":166041,"template":"","meta":{"_acf_changed":false,"_seopress_robots_primary_cat":"","_seopress_titles_title":"","_seopress_titles_desc":"","_seopress_robots_index":""},"brand":[27085],"product_brand":[],"product_cat":[27181,27123,27323],"product_tag":[],"class_list":{"0":"post-166054","1":"product","2":"type-product","3":"status-publish","4":"has-post-thumbnail","6":"brand-hamilton-de","7":"product_cat-hamilton-de","8":"product_cat-uhren","9":"product_cat-ventura-de","10":"pa_couleurduboitier-grau-de","11":"pa_couleurdubracelet-braun-de","12":"pa_couleurducadran-beige-de","13":"pa_etancheite-50m-de","14":"pa_forme-dreieck-de","15":"pa_garantie-24monate","16":"pa_genre-frau","17":"pa_matiere-stahl","18":"pa_matierebraceletmontre-kautschuk","19":"pa_mouvement-automatik-de","20":"pa_swissmade-ja-de","21":"sales-flash-overlay","22":"woocommerce-text-align-center","23":"woocommerce-image-align-center","24":"do-quantity-buttons","26":"first","27":"instock","28":"taxable","29":"shipping-taxable","30":"purchasable","31":"product-type-simple"},"acf":[],"_links":{"self":[{"href":"https:\/\/lediamant.ch\/de\/wp-json\/wp\/v2\/product\/166054","targetHints":{"allow":["GET"]}}],"collection":[{"href":"https:\/\/lediamant.ch\/de\/wp-json\/wp\/v2\/product"}],"about":[{"href":"https:\/\/lediamant.ch\/de\/wp-json\/wp\/v2\/types\/product"}],"wp:featuredmedia":[{"embeddable":true,"href":"https:\/\/lediamant.ch\/de\/wp-json\/wp\/v2\/media\/166041"}],"wp:attachment":[{"href":"https:\/\/lediamant.ch\/de\/wp-json\/wp\/v2\/media?parent=166054"}],"wp:term":[{"taxonomy":"brand","embeddable":true,"href":"https:\/\/lediamant.ch\/de\/wp-json\/wp\/v2\/brand?post=166054"},{"taxonomy":"product_brand","embeddable":true,"href":"https:\/\/lediamant.ch\/de\/wp-json\/wp\/v2\/product_brand?post=166054"},{"taxonomy":"product_cat","embeddable":true,"href":"https:\/\/lediamant.ch\/de\/wp-json\/wp\/v2\/product_cat?post=166054"},{"taxonomy":"product_tag","embeddable":true,"href":"https:\/\/lediamant.ch\/de\/wp-json\/wp\/v2\/product_tag?post=166054"}],"curies":[{"name":"wp","href":"https:\/\/api.w.org\/{rel}","templated":true}]}}