{"id":167903,"date":"2022-12-06T15:17:36","date_gmt":"2022-12-06T14:17:36","guid":{"rendered":"https:\/\/lediamant.ch\/produit\/schmuck-de\/ringe-de\/ringe-silber-925-de\/ring-twists-klein-aus-silber-925\/"},"modified":"2025-10-03T08:38:17","modified_gmt":"2025-10-03T06:38:17","slug":"bague-giovanni-raspini-twists-en-argent-925","status":"publish","type":"product","link":"https:\/\/lediamant.ch\/de\/schmuck\/167903-ring-twists-klein-aus-silber-925\/","title":{"rendered":"Herrenring Giovanni Raspini TWISTS Silber 925"},"content":{"rendered":"<p>Entdecken Sie unseren Herrenring Giovanni Raspini Twists, ein raffiniertes und elegantes Schmuckst\u00fcck f\u00fcr M\u00e4nner. Dieser Ring aus 925er Silber zeichnet sich durch sein einzigartiges und raffiniertes Design mit zarten Twists aus. Das Sterlingsilber verleiht dem Ring einen intensiven Glanz und eine au\u00dfergew\u00f6hnliche Haltbarkeit. Sein moderner Stil und sein schickes Aussehen machen diesen Ring zu einer perfekten Wahl f\u00fcr den modernen Mann. Tragen Sie ihn, um jedem Outfit einen Hauch von Eleganz zu verleihen, oder verschenken Sie ihn an eine besondere Person.    <\/p>\n","protected":false},"excerpt":{"rendered":"<p>Entdecken Sie unseren Herrenring Giovanni Raspini Twists, ein raffiniertes und elegantes Schmuckst\u00fcck f\u00fcr M\u00e4nner. Dieser Ring aus 925er Silber zeichnet sich durch sein einzigartiges und raffiniertes Design mit zarten Twists aus. Das Sterlingsilber verleiht dem Ring einen intensiven Glanz und eine au\u00dfergew\u00f6hnliche Haltbarkeit. Sein moderner Stil und sein schickes Aussehen machen diesen Ring zu einer &#8230; <a title=\"Herrenring Giovanni Raspini TWISTS Silber 925\" class=\"read-more\" href=\"https:\/\/lediamant.ch\/de\/schmuck\/167903-ring-twists-klein-aus-silber-925\/\" aria-label=\"Mehr Informationen \u00fcber Herrenring Giovanni Raspini TWISTS Silber 925\">Weiterlesen &#8230;<\/a><\/p>\n","protected":false},"featured_media":185691,"template":"","meta":{"_acf_changed":false,"_seopress_robots_primary_cat":"27298","_seopress_titles_title":"%%post_title%%","_seopress_titles_desc":"","_seopress_robots_index":""},"brand":[27111],"product_brand":[],"product_cat":[27139,27299,27121],"product_tag":[],"class_list":{"0":"post-167903","1":"product","2":"type-product","3":"status-publish","4":"has-post-thumbnail","6":"brand-silver-jewellery-de","7":"product_cat-ringe","8":"product_cat-ringe-silber-925","9":"product_cat-schmuck","10":"pa_garantie-12monate","11":"pa_genre-mann","12":"pa_matiere-925silber","13":"pa_tailledebague-62-de","14":"pa_tailledebague-64-de","15":"pa_tailledebague-66-de","16":"pa_tailledebague-70-de","17":"sales-flash-overlay","18":"woocommerce-text-align-center","19":"woocommerce-image-align-center","20":"do-quantity-buttons","22":"first","23":"instock","24":"taxable","25":"shipping-taxable","26":"purchasable","27":"product-type-variable","28":"has-default-attributes"},"acf":[],"_links":{"self":[{"href":"https:\/\/lediamant.ch\/de\/wp-json\/wp\/v2\/product\/167903","targetHints":{"allow":["GET"]}}],"collection":[{"href":"https:\/\/lediamant.ch\/de\/wp-json\/wp\/v2\/product"}],"about":[{"href":"https:\/\/lediamant.ch\/de\/wp-json\/wp\/v2\/types\/product"}],"wp:featuredmedia":[{"embeddable":true,"href":"https:\/\/lediamant.ch\/de\/wp-json\/wp\/v2\/media\/185691"}],"wp:attachment":[{"href":"https:\/\/lediamant.ch\/de\/wp-json\/wp\/v2\/media?parent=167903"}],"wp:term":[{"taxonomy":"brand","embeddable":true,"href":"https:\/\/lediamant.ch\/de\/wp-json\/wp\/v2\/brand?post=167903"},{"taxonomy":"product_brand","embeddable":true,"href":"https:\/\/lediamant.ch\/de\/wp-json\/wp\/v2\/product_brand?post=167903"},{"taxonomy":"product_cat","embeddable":true,"href":"https:\/\/lediamant.ch\/de\/wp-json\/wp\/v2\/product_cat?post=167903"},{"taxonomy":"product_tag","embeddable":true,"href":"https:\/\/lediamant.ch\/de\/wp-json\/wp\/v2\/product_tag?post=167903"}],"curies":[{"name":"wp","href":"https:\/\/api.w.org\/{rel}","templated":true}]}}