{"id":167922,"date":"2022-12-07T15:06:11","date_gmt":"2022-12-07T14:06:11","guid":{"rendered":"https:\/\/lediamant.ch\/produit\/schmuck-de\/armschmuck-de\/armband-silber-925-de\/giovanni-raspini-armband-aus-silber-925-laenge-21-cm\/"},"modified":"2025-10-03T08:38:11","modified_gmt":"2025-10-03T06:38:11","slug":"armband-giovanni-raspini-in-silber-925-laenge-21-cm","status":"publish","type":"product","link":"https:\/\/lediamant.ch\/de\/schmuck\/167922-giovanni-raspini-armband-aus-silber-925-laenge-21-cm\/","title":{"rendered":"Armband Giovanni Raspini aus 925er Silber. L\u00e4nge 21 cm."},"content":{"rendered":"<p>Maskuline Eleganz jenseits des Stils. Die f\u00fcnf halbgelenkigen Elemente, aus denen das Scratch-Armband aus geschw\u00e4rztem 925er Silber besteht, werden nach der alten Technik des Wachsausschmelzverfahrens hergestellt. Ein zeitgen\u00f6ssisches Schmuckst\u00fcck, das vollst\u00e4ndig von Hand gefertigt wird.<\/p>\n","protected":false},"excerpt":{"rendered":"<p>Maskuline Eleganz jenseits des Stils. Die f\u00fcnf halbgelenkigen Elemente, aus denen das Scratch-Armband aus geschw\u00e4rztem 925er Silber besteht, werden nach der alten Technik des Wachsausschmelzverfahrens hergestellt. Ein zeitgen\u00f6ssisches Schmuckst\u00fcck, das vollst\u00e4ndig von Hand gefertigt wird.<\/p>\n","protected":false},"featured_media":167916,"template":"","meta":{"_acf_changed":false,"_seopress_robots_primary_cat":"27262","_seopress_titles_title":"","_seopress_titles_desc":"","_seopress_robots_index":""},"brand":[27111],"product_brand":[],"product_cat":[27175,27121,27263],"product_tag":[],"class_list":{"0":"post-167922","1":"product","2":"type-product","3":"status-publish","4":"has-post-thumbnail","6":"brand-silver-jewellery-de","7":"product_cat-armschmuck","8":"product_cat-schmuck","9":"product_cat-silberarmbander","10":"pa_garantie-12monate","11":"pa_genre-mann","12":"pa_matiere-925silber","13":"sales-flash-overlay","14":"woocommerce-text-align-center","15":"woocommerce-image-align-center","16":"do-quantity-buttons","18":"first","19":"instock","20":"taxable","21":"shipping-taxable","22":"purchasable","23":"product-type-simple"},"acf":[],"_links":{"self":[{"href":"https:\/\/lediamant.ch\/de\/wp-json\/wp\/v2\/product\/167922","targetHints":{"allow":["GET"]}}],"collection":[{"href":"https:\/\/lediamant.ch\/de\/wp-json\/wp\/v2\/product"}],"about":[{"href":"https:\/\/lediamant.ch\/de\/wp-json\/wp\/v2\/types\/product"}],"wp:featuredmedia":[{"embeddable":true,"href":"https:\/\/lediamant.ch\/de\/wp-json\/wp\/v2\/media\/167916"}],"wp:attachment":[{"href":"https:\/\/lediamant.ch\/de\/wp-json\/wp\/v2\/media?parent=167922"}],"wp:term":[{"taxonomy":"brand","embeddable":true,"href":"https:\/\/lediamant.ch\/de\/wp-json\/wp\/v2\/brand?post=167922"},{"taxonomy":"product_brand","embeddable":true,"href":"https:\/\/lediamant.ch\/de\/wp-json\/wp\/v2\/product_brand?post=167922"},{"taxonomy":"product_cat","embeddable":true,"href":"https:\/\/lediamant.ch\/de\/wp-json\/wp\/v2\/product_cat?post=167922"},{"taxonomy":"product_tag","embeddable":true,"href":"https:\/\/lediamant.ch\/de\/wp-json\/wp\/v2\/product_tag?post=167922"}],"curies":[{"name":"wp","href":"https:\/\/api.w.org\/{rel}","templated":true}]}}