{"id":167930,"date":"2022-12-07T15:16:20","date_gmt":"2022-12-07T14:16:20","guid":{"rendered":"https:\/\/lediamant.ch\/produit\/schmuck-de\/armschmuck-de\/armband-silber-925-de\/armband-giovanni-raspini-skulls-aus-925er-silber-laenge-21-cm\/"},"modified":"2025-10-03T08:38:09","modified_gmt":"2025-10-03T06:38:09","slug":"armband-giovanni-raspini-skulls-in-silber-925-laenge-21-cm","status":"publish","type":"product","link":"https:\/\/lediamant.ch\/de\/schmuck\/167930-armband-giovanni-raspini-skulls-aus-925er-silber-laenge-21-cm\/","title":{"rendered":"Armband Giovanni Raspini SKULLS aus 925er Silber. L\u00e4nge 21 cm."},"content":{"rendered":"<p>Eine klassische Kette, die in ein zeitgen\u00f6ssisches Schmuckst\u00fcck verwandelt wurde, bereichert durch drei kleine Totenk\u00f6pfe, die im Wachsausschmelzverfahren hergestellt wurden. Das Design des Karabinerverschlusses gew\u00e4hrleistet die stilistische Kontinuit\u00e4t mit der Kette. Ein Material, das durch Stil, St\u00e4rke und zeitlose m\u00e4nnliche Eleganz geschmiedet wurde.<\/p>\n","protected":false},"excerpt":{"rendered":"<p>Eine klassische Kette, die in ein zeitgen\u00f6ssisches Schmuckst\u00fcck verwandelt wurde, bereichert durch drei kleine Totenk\u00f6pfe, die im Wachsausschmelzverfahren hergestellt wurden. Das Design des Karabinerverschlusses gew\u00e4hrleistet die stilistische Kontinuit\u00e4t mit der Kette. Ein Material, das durch Stil, St\u00e4rke und zeitlose m\u00e4nnliche Eleganz geschmiedet wurde.<\/p>\n","protected":false},"featured_media":167924,"template":"","meta":{"_acf_changed":false,"_seopress_robots_primary_cat":"27262","_seopress_titles_title":"","_seopress_titles_desc":"","_seopress_robots_index":""},"brand":[27111],"product_brand":[],"product_cat":[27175,27121,27263],"product_tag":[],"class_list":{"0":"post-167930","1":"product","2":"type-product","3":"status-publish","4":"has-post-thumbnail","6":"brand-silver-jewellery-de","7":"product_cat-armschmuck","8":"product_cat-schmuck","9":"product_cat-silberarmbander","10":"pa_garantie-12monate","11":"pa_genre-mann","12":"pa_matiere-925silber","13":"sales-flash-overlay","14":"woocommerce-text-align-center","15":"woocommerce-image-align-center","16":"do-quantity-buttons","18":"first","19":"instock","20":"taxable","21":"shipping-taxable","22":"purchasable","23":"product-type-simple"},"acf":[],"_links":{"self":[{"href":"https:\/\/lediamant.ch\/de\/wp-json\/wp\/v2\/product\/167930","targetHints":{"allow":["GET"]}}],"collection":[{"href":"https:\/\/lediamant.ch\/de\/wp-json\/wp\/v2\/product"}],"about":[{"href":"https:\/\/lediamant.ch\/de\/wp-json\/wp\/v2\/types\/product"}],"wp:featuredmedia":[{"embeddable":true,"href":"https:\/\/lediamant.ch\/de\/wp-json\/wp\/v2\/media\/167924"}],"wp:attachment":[{"href":"https:\/\/lediamant.ch\/de\/wp-json\/wp\/v2\/media?parent=167930"}],"wp:term":[{"taxonomy":"brand","embeddable":true,"href":"https:\/\/lediamant.ch\/de\/wp-json\/wp\/v2\/brand?post=167930"},{"taxonomy":"product_brand","embeddable":true,"href":"https:\/\/lediamant.ch\/de\/wp-json\/wp\/v2\/product_brand?post=167930"},{"taxonomy":"product_cat","embeddable":true,"href":"https:\/\/lediamant.ch\/de\/wp-json\/wp\/v2\/product_cat?post=167930"},{"taxonomy":"product_tag","embeddable":true,"href":"https:\/\/lediamant.ch\/de\/wp-json\/wp\/v2\/product_tag?post=167930"}],"curies":[{"name":"wp","href":"https:\/\/api.w.org\/{rel}","templated":true}]}}