{"id":167984,"date":"2022-12-07T16:46:15","date_gmt":"2022-12-07T15:46:15","guid":{"rendered":"https:\/\/lediamant.ch\/produit\/schmuck-de\/armschmuck-de\/armband-silber-925-de\/armband-giovanni-raspini-bond-aus-925er-silber-und-onyx-laenge-22-cm\/"},"modified":"2025-06-26T14:57:58","modified_gmt":"2025-06-26T12:57:58","slug":"armband-giovanni-raspini-rund-in-silber-925-und-onyx-laenge-22-cm","status":"publish","type":"product","link":"https:\/\/lediamant.ch\/de\/schmuck\/167984-armband-giovanni-raspini-bond-aus-925er-silber-und-onyx-laenge-22-cm\/","title":{"rendered":"Armband Giovanni Raspini BOND aus 925er Silber und Onyx. L\u00e4nge 22 cm."},"content":{"rendered":"<p>Sammlung Bond - Ohne Bindungen gibt es kein Leben. Ein Schmuckst\u00fcck f\u00fcr M\u00e4nner, die gerne Sch\u00f6nheit teilen, zwischen Moderne und der gro\u00dfen Tradition der Goldschmiedekunst.<\/p>\n","protected":false},"excerpt":{"rendered":"<p>Sammlung Bond - Ohne Bindungen gibt es kein Leben. Ein Schmuckst\u00fcck f\u00fcr M\u00e4nner, die gerne Sch\u00f6nheit teilen, zwischen Moderne und der gro\u00dfen Tradition der Goldschmiedekunst.<\/p>\n","protected":false},"featured_media":167974,"template":"","meta":{"_acf_changed":false,"_seopress_robots_primary_cat":"none","_seopress_titles_title":"","_seopress_titles_desc":"","_seopress_robots_index":""},"brand":[27111],"product_brand":[],"product_cat":[27175,27121,27263],"product_tag":[],"class_list":{"0":"post-167984","1":"product","2":"type-product","3":"status-publish","4":"has-post-thumbnail","6":"brand-silver-jewellery-de","7":"product_cat-armschmuck","8":"product_cat-schmuck","9":"product_cat-silberarmbander","10":"pa_garantie-12monate","11":"pa_genre-mann","12":"pa_matiere-925silber","13":"pa_pierres-onyx-de","14":"sales-flash-overlay","15":"woocommerce-text-align-center","16":"woocommerce-image-align-center","17":"do-quantity-buttons","19":"first","20":"instock","21":"taxable","22":"shipping-taxable","23":"purchasable","24":"product-type-simple"},"acf":[],"_links":{"self":[{"href":"https:\/\/lediamant.ch\/de\/wp-json\/wp\/v2\/product\/167984","targetHints":{"allow":["GET"]}}],"collection":[{"href":"https:\/\/lediamant.ch\/de\/wp-json\/wp\/v2\/product"}],"about":[{"href":"https:\/\/lediamant.ch\/de\/wp-json\/wp\/v2\/types\/product"}],"wp:featuredmedia":[{"embeddable":true,"href":"https:\/\/lediamant.ch\/de\/wp-json\/wp\/v2\/media\/167974"}],"wp:attachment":[{"href":"https:\/\/lediamant.ch\/de\/wp-json\/wp\/v2\/media?parent=167984"}],"wp:term":[{"taxonomy":"brand","embeddable":true,"href":"https:\/\/lediamant.ch\/de\/wp-json\/wp\/v2\/brand?post=167984"},{"taxonomy":"product_brand","embeddable":true,"href":"https:\/\/lediamant.ch\/de\/wp-json\/wp\/v2\/product_brand?post=167984"},{"taxonomy":"product_cat","embeddable":true,"href":"https:\/\/lediamant.ch\/de\/wp-json\/wp\/v2\/product_cat?post=167984"},{"taxonomy":"product_tag","embeddable":true,"href":"https:\/\/lediamant.ch\/de\/wp-json\/wp\/v2\/product_tag?post=167984"}],"curies":[{"name":"wp","href":"https:\/\/api.w.org\/{rel}","templated":true}]}}