{"id":168025,"date":"2024-12-07T17:49:05","date_gmt":"2024-12-07T16:49:05","guid":{"rendered":"https:\/\/lediamant.ch\/produit\/schmuck-de\/ringe-de\/ringe-silber-925-de\/giovanni-raspini-ring-schlange-aus-silber-925\/"},"modified":"2025-10-08T18:12:58","modified_gmt":"2025-10-08T16:12:58","slug":"bague-giovanni-raspini-serpent-en-argent-925","status":"publish","type":"product","link":"https:\/\/lediamant.ch\/de\/schmuck\/168025-giovanni-raspini-ring-schlange-aus-silber-925\/","title":{"rendered":"Ring Giovanni Raspini SERPENT Silber 925"},"content":{"rendered":"<p>Gl\u00e4nzende Schlangenschuppen und br\u00fcnierte Silberstrukturen vereinen sich in dem Ring K\u00f6nigliche Schlange von Giovanni Raspini. Hier wird das stilistische Thema des sich windenden Reptils bildlich interpretiert, um ein handgefertigtes, umh\u00fcllendes und elegantes Schmuckst\u00fcck zu schaffen.<\/p>\n","protected":false},"excerpt":{"rendered":"<p>Gl\u00e4nzende Schlangenschuppen und br\u00fcnierte Silberstrukturen vereinen sich in dem Ring K\u00f6nigliche Schlange von Giovanni Raspini. Hier wird das stilistische Thema des sich windenden Reptils bildlich interpretiert, um ein handgefertigtes, umh\u00fcllendes und elegantes Schmuckst\u00fcck zu schaffen.<\/p>\n","protected":false},"featured_media":168016,"template":"","meta":{"_acf_changed":false,"_seopress_robots_primary_cat":"27299","_seopress_titles_title":"","_seopress_titles_desc":"Entdecken Sie den Giovanni Raspini Ring K\u00f6nigliche Schlange \u2013 ein Meisterwerk aus Silber mit stilvoll interpretierten Schlangenmotiven.","_seopress_robots_index":""},"brand":[27111],"product_brand":[],"product_cat":[27139,27299,27133,27121,27165],"product_tag":[],"class_list":{"0":"post-168025","1":"product","2":"type-product","3":"status-publish","4":"has-post-thumbnail","6":"brand-silver-jewellery-de","7":"product_cat-ringe","8":"product_cat-ringe-silber-925","9":"product_cat-sale","10":"product_cat-schmuck","11":"product_cat-schmuck-sale","12":"pa_garantie-12monate","13":"sales-flash-overlay","14":"woocommerce-text-align-center","15":"woocommerce-image-align-center","16":"do-quantity-buttons","18":"first","19":"instock","20":"sale","21":"taxable","22":"shipping-taxable","23":"purchasable","24":"product-type-variable"},"acf":[],"_links":{"self":[{"href":"https:\/\/lediamant.ch\/de\/wp-json\/wp\/v2\/product\/168025","targetHints":{"allow":["GET"]}}],"collection":[{"href":"https:\/\/lediamant.ch\/de\/wp-json\/wp\/v2\/product"}],"about":[{"href":"https:\/\/lediamant.ch\/de\/wp-json\/wp\/v2\/types\/product"}],"wp:featuredmedia":[{"embeddable":true,"href":"https:\/\/lediamant.ch\/de\/wp-json\/wp\/v2\/media\/168016"}],"wp:attachment":[{"href":"https:\/\/lediamant.ch\/de\/wp-json\/wp\/v2\/media?parent=168025"}],"wp:term":[{"taxonomy":"brand","embeddable":true,"href":"https:\/\/lediamant.ch\/de\/wp-json\/wp\/v2\/brand?post=168025"},{"taxonomy":"product_brand","embeddable":true,"href":"https:\/\/lediamant.ch\/de\/wp-json\/wp\/v2\/product_brand?post=168025"},{"taxonomy":"product_cat","embeddable":true,"href":"https:\/\/lediamant.ch\/de\/wp-json\/wp\/v2\/product_cat?post=168025"},{"taxonomy":"product_tag","embeddable":true,"href":"https:\/\/lediamant.ch\/de\/wp-json\/wp\/v2\/product_tag?post=168025"}],"curies":[{"name":"wp","href":"https:\/\/api.w.org\/{rel}","templated":true}]}}