{"id":168098,"date":"2022-12-09T16:51:47","date_gmt":"2022-12-09T15:51:47","guid":{"rendered":"https:\/\/lediamant.ch\/produit\/schmuck-de\/ringe-de\/ringe-silber-925-de\/pesavento-elegance-ring-aus-925er-silber-rosegoldplattiert-groesse-m-welga004\/"},"modified":"2022-12-09T16:51:47","modified_gmt":"2022-12-09T15:51:47","slug":"pesavento-elegance-ring-aus-925er-silber-rosegoldplattiert-groesse-m-welga004","status":"publish","type":"product","link":"https:\/\/lediamant.ch\/de\/schmuck\/168098-pesavento-elegance-ring-aus-925er-silber-rosegoldplattiert-groesse-m-welga004\/","title":{"rendered":"Pesavento Elegance Ring aus 925er Silber, ros\u00e9goldplattiert, Gr\u00f6\u00dfe M, WELGA004"},"content":{"rendered":"","protected":false},"excerpt":{"rendered":"","protected":false},"featured_media":196589,"template":"","meta":{"_acf_changed":false,"_seopress_robots_primary_cat":"","_seopress_titles_title":"","_seopress_titles_desc":"","_seopress_robots_index":""},"brand":[27111],"product_brand":[],"product_cat":[27139,27299,27121],"product_tag":[],"class_list":{"0":"post-168098","1":"product","2":"type-product","3":"status-publish","4":"has-post-thumbnail","6":"brand-silver-jewellery-de","7":"product_cat-ringe","8":"product_cat-ringe-silber-925","9":"product_cat-schmuck","10":"pa_dimensions-m-54-57","11":"pa_garantie-12monate","12":"pa_genre-frau","13":"pa_matiere-925silber","14":"sales-flash-overlay","15":"woocommerce-text-align-center","16":"woocommerce-image-align-center","17":"do-quantity-buttons","19":"first","20":"instock","21":"taxable","22":"shipping-taxable","23":"purchasable","24":"product-type-simple"},"acf":[],"_links":{"self":[{"href":"https:\/\/lediamant.ch\/de\/wp-json\/wp\/v2\/product\/168098","targetHints":{"allow":["GET"]}}],"collection":[{"href":"https:\/\/lediamant.ch\/de\/wp-json\/wp\/v2\/product"}],"about":[{"href":"https:\/\/lediamant.ch\/de\/wp-json\/wp\/v2\/types\/product"}],"wp:featuredmedia":[{"embeddable":true,"href":"https:\/\/lediamant.ch\/de\/wp-json\/wp\/v2\/media\/196589"}],"wp:attachment":[{"href":"https:\/\/lediamant.ch\/de\/wp-json\/wp\/v2\/media?parent=168098"}],"wp:term":[{"taxonomy":"brand","embeddable":true,"href":"https:\/\/lediamant.ch\/de\/wp-json\/wp\/v2\/brand?post=168098"},{"taxonomy":"product_brand","embeddable":true,"href":"https:\/\/lediamant.ch\/de\/wp-json\/wp\/v2\/product_brand?post=168098"},{"taxonomy":"product_cat","embeddable":true,"href":"https:\/\/lediamant.ch\/de\/wp-json\/wp\/v2\/product_cat?post=168098"},{"taxonomy":"product_tag","embeddable":true,"href":"https:\/\/lediamant.ch\/de\/wp-json\/wp\/v2\/product_tag?post=168098"}],"curies":[{"name":"wp","href":"https:\/\/api.w.org\/{rel}","templated":true}]}}