{"id":170797,"date":"2022-09-28T18:21:18","date_gmt":"2022-09-28T16:21:18","guid":{"rendered":"https:\/\/lediamant.ch\/produit\/schmuck-de\/halsketten-de\/halsband-aus-stahl-de\/rochet-halskette-marina-stahl-pvd-braun-50-cm\/"},"modified":"2023-12-08T16:52:58","modified_gmt":"2023-12-08T15:52:58","slug":"rochet-halskette-marina-stahl-pvd-braun-50-cm","status":"publish","type":"product","link":"https:\/\/lediamant.ch\/de\/schmuck\/170797-rochet-halskette-marina-stahl-pvd-braun-50-cm\/","title":{"rendered":"ROCHET - Halskette MARINA Stahl PVD braun, 50 cm"},"content":{"rendered":"<p>ROCHET Herrenanh\u00e4nger Modell MARINA aus braunem Stahl - P062363 - Schmuckst\u00fcck aus der Kollektion MARINA f\u00fcr Herren - Anh\u00e4nger aus braunem PVD und geflochtenem Stahlkabel - 3 mm Kette und 50 cm L\u00e4nge wird in einer Schatulle geliefert.<\/p>\n","protected":false},"excerpt":{"rendered":"<p>ROCHET Herrenanh\u00e4nger Modell MARINA aus braunem Stahl - P062363 - Schmuckst\u00fcck aus der Kollektion MARINA f\u00fcr Herren - Anh\u00e4nger aus braunem PVD und geflochtenem Stahlkabel - 3 mm Kette und 50 cm L\u00e4nge wird in einer Schatulle geliefert.<\/p>\n","protected":false},"featured_media":170795,"template":"","meta":{"_acf_changed":false,"_seopress_robots_primary_cat":"","_seopress_titles_title":"","_seopress_titles_desc":"","_seopress_robots_index":""},"brand":[41444],"product_brand":[],"product_cat":[27179,27133,27121,27165,27313],"product_tag":[],"class_list":{"0":"post-170797","1":"product","2":"type-product","3":"status-publish","4":"has-post-thumbnail","6":"brand-steel-jewellery-de","7":"product_cat-colliers-de","8":"product_cat-sale","9":"product_cat-schmuck","10":"product_cat-schmuck-sale","11":"product_cat-stahlkollier","12":"pa_garantie-12monate","13":"pa_genre-mann","14":"pa_matiere-stahl","15":"sales-flash-overlay","16":"woocommerce-text-align-center","17":"woocommerce-image-align-center","18":"do-quantity-buttons","20":"first","21":"instock","22":"sale","23":"taxable","24":"shipping-taxable","25":"purchasable","26":"product-type-simple"},"acf":[],"_links":{"self":[{"href":"https:\/\/lediamant.ch\/de\/wp-json\/wp\/v2\/product\/170797","targetHints":{"allow":["GET"]}}],"collection":[{"href":"https:\/\/lediamant.ch\/de\/wp-json\/wp\/v2\/product"}],"about":[{"href":"https:\/\/lediamant.ch\/de\/wp-json\/wp\/v2\/types\/product"}],"wp:featuredmedia":[{"embeddable":true,"href":"https:\/\/lediamant.ch\/de\/wp-json\/wp\/v2\/media\/170795"}],"wp:attachment":[{"href":"https:\/\/lediamant.ch\/de\/wp-json\/wp\/v2\/media?parent=170797"}],"wp:term":[{"taxonomy":"brand","embeddable":true,"href":"https:\/\/lediamant.ch\/de\/wp-json\/wp\/v2\/brand?post=170797"},{"taxonomy":"product_brand","embeddable":true,"href":"https:\/\/lediamant.ch\/de\/wp-json\/wp\/v2\/product_brand?post=170797"},{"taxonomy":"product_cat","embeddable":true,"href":"https:\/\/lediamant.ch\/de\/wp-json\/wp\/v2\/product_cat?post=170797"},{"taxonomy":"product_tag","embeddable":true,"href":"https:\/\/lediamant.ch\/de\/wp-json\/wp\/v2\/product_tag?post=170797"}],"curies":[{"name":"wp","href":"https:\/\/api.w.org\/{rel}","templated":true}]}}