{"id":170809,"date":"2022-09-28T18:22:41","date_gmt":"2022-09-28T16:22:41","guid":{"rendered":"https:\/\/lediamant.ch\/produit\/schmuck-de\/halsketten-de\/halsband-aus-stahl-de\/rochet-bullit-halskette-aus-stahl-und-keramik-50-cm\/"},"modified":"2023-12-08T16:33:32","modified_gmt":"2023-12-08T15:33:32","slug":"rochet-collier-bullit-stahl-und-ceramic-50-cm","status":"publish","type":"product","link":"https:\/\/lediamant.ch\/de\/schmuck\/170809-rochet-bullit-halskette-aus-stahl-und-keramik-50-cm\/","title":{"rendered":"ROCHET - Bullit-Halskette aus Stahl und Keramik, 50 cm"},"content":{"rendered":"<p>ROCHET Herrenanh\u00e4nger Modell MARINA aus braunem Stahl - P062363 - Schmuckst\u00fcck aus der Kollektion MARINA f\u00fcr Herren - Anh\u00e4nger aus braunem PVD und geflochtenem Stahlkabel - 3 mm Kette und 50 cm L\u00e4nge wird in einer Schatulle geliefert.<\/p>\n","protected":false},"excerpt":{"rendered":"<p>ROCHET Herrenanh\u00e4nger Modell MARINA aus braunem Stahl - P062363 - Schmuckst\u00fcck aus der Kollektion MARINA f\u00fcr Herren - Anh\u00e4nger aus braunem PVD und geflochtenem Stahlkabel - 3 mm Kette und 50 cm L\u00e4nge wird in einer Schatulle geliefert.<\/p>\n","protected":false},"featured_media":170807,"template":"","meta":{"_acf_changed":false,"_seopress_robots_primary_cat":"","_seopress_titles_title":"","_seopress_titles_desc":"","_seopress_robots_index":""},"brand":[41444],"product_brand":[],"product_cat":[27121,27179,27313,27133,27165],"product_tag":[],"class_list":{"0":"post-170809","1":"product","2":"type-product","3":"status-publish","4":"has-post-thumbnail","6":"brand-steel-jewellery-de","7":"product_cat-schmuck","8":"product_cat-colliers-de","9":"product_cat-stahlkollier","10":"product_cat-sale","11":"product_cat-schmuck-sale","12":"pa_garantie-12monate","13":"pa_genre-mann","14":"pa_matiere-stahl","15":"sales-flash-overlay","16":"woocommerce-text-align-center","17":"woocommerce-image-align-center","18":"do-quantity-buttons","20":"first","21":"instock","22":"sale","23":"taxable","24":"shipping-taxable","25":"purchasable","26":"product-type-simple"},"acf":[],"_links":{"self":[{"href":"https:\/\/lediamant.ch\/de\/wp-json\/wp\/v2\/product\/170809","targetHints":{"allow":["GET"]}}],"collection":[{"href":"https:\/\/lediamant.ch\/de\/wp-json\/wp\/v2\/product"}],"about":[{"href":"https:\/\/lediamant.ch\/de\/wp-json\/wp\/v2\/types\/product"}],"wp:featuredmedia":[{"embeddable":true,"href":"https:\/\/lediamant.ch\/de\/wp-json\/wp\/v2\/media\/170807"}],"wp:attachment":[{"href":"https:\/\/lediamant.ch\/de\/wp-json\/wp\/v2\/media?parent=170809"}],"wp:term":[{"taxonomy":"brand","embeddable":true,"href":"https:\/\/lediamant.ch\/de\/wp-json\/wp\/v2\/brand?post=170809"},{"taxonomy":"product_brand","embeddable":true,"href":"https:\/\/lediamant.ch\/de\/wp-json\/wp\/v2\/product_brand?post=170809"},{"taxonomy":"product_cat","embeddable":true,"href":"https:\/\/lediamant.ch\/de\/wp-json\/wp\/v2\/product_cat?post=170809"},{"taxonomy":"product_tag","embeddable":true,"href":"https:\/\/lediamant.ch\/de\/wp-json\/wp\/v2\/product_tag?post=170809"}],"curies":[{"name":"wp","href":"https:\/\/api.w.org\/{rel}","templated":true}]}}