{"id":170813,"date":"2022-09-28T18:22:40","date_gmt":"2022-09-28T16:22:40","guid":{"rendered":"https:\/\/lediamant.ch\/produit\/schmuck-de\/halsketten-de\/halsband-aus-stahl-de\/rochet-halskette-trinidad-stahl-pvd-schwarz-50-cm\/"},"modified":"2023-12-08T16:35:28","modified_gmt":"2023-12-08T15:35:28","slug":"rochet-halskette-trinidad-stahl-pvd-schwarz-50-cm","status":"publish","type":"product","link":"https:\/\/lediamant.ch\/de\/schmuck\/170813-rochet-halskette-trinidad-stahl-pvd-schwarz-50-cm\/","title":{"rendered":"ROCHET - Halskette TRINIDAD Stahl PVD schwarz, 50 cm"},"content":{"rendered":"<p>ROCHET Herrenanh\u00e4nger Modell MARINA aus braunem Stahl - P062363 - Schmuckst\u00fcck aus der Kollektion MARINA f\u00fcr Herren - Anh\u00e4nger aus braunem PVD und geflochtenem Stahlkabel - 3 mm Kette und 50 cm L\u00e4nge wird in einer Schatulle geliefert.<\/p>\n","protected":false},"excerpt":{"rendered":"<p>ROCHET Herrenanh\u00e4nger Modell MARINA aus braunem Stahl - P062363 - Schmuckst\u00fcck aus der Kollektion MARINA f\u00fcr Herren - Anh\u00e4nger aus braunem PVD und geflochtenem Stahlkabel - 3 mm Kette und 50 cm L\u00e4nge wird in einer Schatulle geliefert.<\/p>\n","protected":false},"featured_media":170811,"template":"","meta":{"_acf_changed":false,"_seopress_robots_primary_cat":"","_seopress_titles_title":"","_seopress_titles_desc":"","_seopress_robots_index":""},"brand":[41444],"product_brand":[],"product_cat":[27121,27179,27313],"product_tag":[],"class_list":{"0":"post-170813","1":"product","2":"type-product","3":"status-publish","4":"has-post-thumbnail","6":"brand-steel-jewellery-de","7":"product_cat-schmuck","8":"product_cat-colliers-de","9":"product_cat-stahlkollier","10":"pa_garantie-12monate","11":"pa_genre-mann","12":"pa_matiere-stahl","13":"sales-flash-overlay","14":"woocommerce-text-align-center","15":"woocommerce-image-align-center","16":"do-quantity-buttons","18":"first","19":"instock","20":"taxable","21":"shipping-taxable","22":"purchasable","23":"product-type-simple"},"acf":[],"_links":{"self":[{"href":"https:\/\/lediamant.ch\/de\/wp-json\/wp\/v2\/product\/170813","targetHints":{"allow":["GET"]}}],"collection":[{"href":"https:\/\/lediamant.ch\/de\/wp-json\/wp\/v2\/product"}],"about":[{"href":"https:\/\/lediamant.ch\/de\/wp-json\/wp\/v2\/types\/product"}],"wp:featuredmedia":[{"embeddable":true,"href":"https:\/\/lediamant.ch\/de\/wp-json\/wp\/v2\/media\/170811"}],"wp:attachment":[{"href":"https:\/\/lediamant.ch\/de\/wp-json\/wp\/v2\/media?parent=170813"}],"wp:term":[{"taxonomy":"brand","embeddable":true,"href":"https:\/\/lediamant.ch\/de\/wp-json\/wp\/v2\/brand?post=170813"},{"taxonomy":"product_brand","embeddable":true,"href":"https:\/\/lediamant.ch\/de\/wp-json\/wp\/v2\/product_brand?post=170813"},{"taxonomy":"product_cat","embeddable":true,"href":"https:\/\/lediamant.ch\/de\/wp-json\/wp\/v2\/product_cat?post=170813"},{"taxonomy":"product_tag","embeddable":true,"href":"https:\/\/lediamant.ch\/de\/wp-json\/wp\/v2\/product_tag?post=170813"}],"curies":[{"name":"wp","href":"https:\/\/api.w.org\/{rel}","templated":true}]}}