{"id":171742,"date":"2023-01-02T01:11:57","date_gmt":"2023-01-02T00:11:57","guid":{"rendered":"https:\/\/lediamant.ch\/produit\/uhren-de\/tissot-de\/tissot-t-sport-de\/tissot-seastar-1000-quartz-de\/tissot-seastar-1000-36-mm-perlmuttzifferblatt-8-diamanten-00456-ct\/"},"modified":"2024-01-19T14:31:10","modified_gmt":"2024-01-19T13:31:10","slug":"tissot-seastar-1000-36-mm-perlmuttzifferblatt-8-diamanten-00456-ct","status":"publish","type":"product","link":"https:\/\/lediamant.ch\/de\/uhren\/171742-tissot-seastar-1000-36-mm-perlmutt-8-diamanten-0-0456-ct-t1202101711600\/","title":{"rendered":"Tissot Seastar 1000, 36 mm, Perlmutt, 8 Diamanten 0,0456 ct."},"content":{"rendered":"<p>Die Tissot Seastar 1000 36mm verk\u00f6rpert einen zeitlosen Stil. Sie bietet einen sportlichen Look und Funktionen, die f\u00fcr die Aus\u00fcbung von Wassersportaktivit\u00e4ten unerl\u00e4sslich sind. Sie ist absolut zuverl\u00e4ssig bis zu einem Druck von 30 bar (300m) und beweist, dass eine Wassersportuhr und ein anspruchsvoller Zeitmesser in einem einzigen Objekt vereint werden k\u00f6nnen. Die Wasserdichtigkeit wird durch eine verschraubte Krone und einen verschraubten Geh\u00e4useboden gew\u00e4hrleistet. Die einseitig drehbare L\u00fcnette aus Mineralglas sowie die Leuchtzeiger und -indizes verleihen der Tissot Seastar 1000 36 mm eine unvergleichliche Raffinesse.<\/p>\n","protected":false},"excerpt":{"rendered":"<p>Die Tissot Seastar 1000 36mm verk\u00f6rpert einen zeitlosen Stil. Sie bietet einen sportlichen Look und Funktionen, die f\u00fcr die Aus\u00fcbung von Wassersportaktivit\u00e4ten unerl\u00e4sslich sind. Sie ist absolut zuverl\u00e4ssig bis zu einem Druck von 30 bar (300m) und beweist, dass eine Wassersportuhr und ein anspruchsvoller Zeitmesser in einem einzigen Objekt vereint werden k\u00f6nnen. Die Wasserdichtigkeit wird &#8230; <a title=\"Tissot Seastar 1000, 36 mm, Perlmutt, 8 Diamanten 0,0456 ct.\" class=\"read-more\" href=\"https:\/\/lediamant.ch\/de\/uhren\/171742-tissot-seastar-1000-36-mm-perlmutt-8-diamanten-0-0456-ct-t1202101711600\/\" aria-label=\"Mehr Informationen \u00fcber Tissot Seastar 1000, 36 mm, Perlmutt, 8 Diamanten 0,0456 ct.\">Weiterlesen &#8230;<\/a><\/p>\n","protected":false},"featured_media":171732,"template":"","meta":{"_acf_changed":false,"_seopress_robots_primary_cat":"","_seopress_titles_title":"","_seopress_titles_desc":"","_seopress_robots_index":""},"brand":[27087],"product_brand":[],"product_cat":[27159,27441,27203,27123],"product_tag":[],"class_list":{"0":"post-171742","1":"product","2":"type-product","3":"status-publish","4":"has-post-thumbnail","6":"brand-tissot-de","7":"product_cat-tissot-de","8":"product_cat-tissot-seastar","9":"product_cat-tissot-sport","10":"product_cat-uhren","11":"pa_couleurdubracelet-weiss-de","12":"pa_couleurducadran-perlmutt","13":"pa_dimensions-o-36-mm","14":"pa_etancheite-300m-de","15":"pa_forme-runden","16":"pa_garantie-24monate","17":"pa_genre-frau","18":"pa_matiere-stahl","19":"pa_matierebraceletmontre-silikon","20":"pa_mouvement-quarzbatterie-de","21":"pa_swissmade-ja-de","22":"pa_typedemontre-sportuhren","23":"pa_typedemontre-uhrenmitdiamanten","24":"pa_verre-saphir-de","25":"sales-flash-overlay","26":"woocommerce-text-align-center","27":"woocommerce-image-align-center","28":"do-quantity-buttons","30":"first","31":"instock","32":"taxable","33":"shipping-taxable","34":"purchasable","35":"product-type-simple"},"acf":[],"_links":{"self":[{"href":"https:\/\/lediamant.ch\/de\/wp-json\/wp\/v2\/product\/171742","targetHints":{"allow":["GET"]}}],"collection":[{"href":"https:\/\/lediamant.ch\/de\/wp-json\/wp\/v2\/product"}],"about":[{"href":"https:\/\/lediamant.ch\/de\/wp-json\/wp\/v2\/types\/product"}],"wp:featuredmedia":[{"embeddable":true,"href":"https:\/\/lediamant.ch\/de\/wp-json\/wp\/v2\/media\/171732"}],"wp:attachment":[{"href":"https:\/\/lediamant.ch\/de\/wp-json\/wp\/v2\/media?parent=171742"}],"wp:term":[{"taxonomy":"brand","embeddable":true,"href":"https:\/\/lediamant.ch\/de\/wp-json\/wp\/v2\/brand?post=171742"},{"taxonomy":"product_brand","embeddable":true,"href":"https:\/\/lediamant.ch\/de\/wp-json\/wp\/v2\/product_brand?post=171742"},{"taxonomy":"product_cat","embeddable":true,"href":"https:\/\/lediamant.ch\/de\/wp-json\/wp\/v2\/product_cat?post=171742"},{"taxonomy":"product_tag","embeddable":true,"href":"https:\/\/lediamant.ch\/de\/wp-json\/wp\/v2\/product_tag?post=171742"}],"curies":[{"name":"wp","href":"https:\/\/api.w.org\/{rel}","templated":true}]}}