{"id":171780,"date":"2023-01-02T01:12:49","date_gmt":"2023-01-02T00:12:49","guid":{"rendered":"https:\/\/lediamant.ch\/produit\/uhren-de\/tissot-de\/tissot-t-sport-de\/tissot-seastar-1000-quartz-de\/tissot-seastar-1000-40mm-3\/"},"modified":"2023-01-02T01:12:49","modified_gmt":"2023-01-02T00:12:49","slug":"tissot-seastar-1000-40mm-3","status":"publish","type":"product","link":"https:\/\/lediamant.ch\/de\/uhren\/171780-tissot-seastar-1000-40mm-3\/","title":{"rendered":"Tissot Seastar 1000 40mm"},"content":{"rendered":"<p>Das Modell Seastar 1000 Quartz 40 mm vereint Stil und Leistung. Jedes Modell ist eine harmonische Verbindung von Eleganz und Technologie, die Schweizer Uhrmacherkunst und zeitloses Design vereint. Diese vielseitige Geh\u00e4usegr\u00f6\u00dfe erm\u00f6glicht den Wechsel zwischen Tag und Nacht und verspricht gleichzeitig eine au\u00dfergew\u00f6hnliche technische Leistung. Wie bei den bestehenden Modellen mit 36 mm und 45,5 mm haben diese St\u00fccke ihren Namen von ihrer Zertifizierung f\u00fcr eine Wasserdichtigkeit von 1.000 Fu\u00df, was 30 ATM oder 300 Metern entspricht. Sie verf\u00fcgen \u00fcber eine einseitig drehbare L\u00fcnette f\u00fcr eine zuverl\u00e4ssige Synchronisation bei Unterwasseraktivit\u00e4ten. Die Ablesbarkeit bei schlechten Lichtverh\u00e4ltnissen wird durch das Auftragen von Super-LumiNova\u00ae auf die Zeiger und Stundenindizes noch weiter verbessert. Die Armb\u00e4nder k\u00f6nnen mithilfe des schnellen und einfach zu bedienenden Armbandwechselsystems ausgetauscht werden. Dies bietet die M\u00f6glichkeit, aus einer breiten Palette von Tissot-Armb\u00e4ndern zu w\u00e4hlen und die Uhr je nach Stimmung oder Anlass individuell zu gestalten.<\/p>\n","protected":false},"excerpt":{"rendered":"<p>Das Modell Seastar 1000 Quartz 40 mm vereint Stil und Leistung. Jedes Modell ist eine harmonische Verbindung von Eleganz und Technologie, die Schweizer Uhrmacherkunst und zeitloses Design vereint. Diese vielseitige Geh\u00e4usegr\u00f6\u00dfe erm\u00f6glicht den Wechsel zwischen Tag und Nacht und verspricht gleichzeitig eine au\u00dfergew\u00f6hnliche technische Leistung. Wie bei den bestehenden Modellen mit 36 mm und 45,5 &#8230; <a title=\"Tissot Seastar 1000 40mm\" class=\"read-more\" href=\"https:\/\/lediamant.ch\/de\/uhren\/171780-tissot-seastar-1000-40mm-3\/\" aria-label=\"Mehr Informationen \u00fcber Tissot Seastar 1000 40mm\">Weiterlesen &#8230;<\/a><\/p>\n","protected":false},"featured_media":171771,"template":"","meta":{"_acf_changed":false,"_seopress_robots_primary_cat":"","_seopress_titles_title":"","_seopress_titles_desc":"","_seopress_robots_index":""},"brand":[27087],"product_brand":[],"product_cat":[27159,27441,27123],"product_tag":[],"class_list":{"0":"post-171780","1":"product","2":"type-product","3":"status-publish","4":"has-post-thumbnail","6":"brand-tissot-de","7":"product_cat-tissot-de","8":"product_cat-tissot-seastar","9":"product_cat-uhren","10":"pa_couleurdubracelet-schwarz-de","11":"pa_couleurducadran-schwarz","12":"pa_dimensions-o-40-mm","13":"pa_etancheite-300m-de","14":"pa_forme-runden","15":"pa_garantie-24monate","16":"pa_genre-mann","17":"pa_matiere-zweifarbigstahlgelbgoldpvd","18":"pa_matierebraceletmontre-kautschuk","19":"pa_mouvement-quarzbatterie-de","20":"pa_swissmade-ja-de","21":"pa_typedemontre-taucheruhren","22":"pa_verre-saphir-de","23":"sales-flash-overlay","24":"woocommerce-text-align-center","25":"woocommerce-image-align-center","26":"do-quantity-buttons","28":"first","29":"instock","30":"taxable","31":"shipping-taxable","32":"purchasable","33":"product-type-simple"},"acf":[],"_links":{"self":[{"href":"https:\/\/lediamant.ch\/de\/wp-json\/wp\/v2\/product\/171780","targetHints":{"allow":["GET"]}}],"collection":[{"href":"https:\/\/lediamant.ch\/de\/wp-json\/wp\/v2\/product"}],"about":[{"href":"https:\/\/lediamant.ch\/de\/wp-json\/wp\/v2\/types\/product"}],"wp:featuredmedia":[{"embeddable":true,"href":"https:\/\/lediamant.ch\/de\/wp-json\/wp\/v2\/media\/171771"}],"wp:attachment":[{"href":"https:\/\/lediamant.ch\/de\/wp-json\/wp\/v2\/media?parent=171780"}],"wp:term":[{"taxonomy":"brand","embeddable":true,"href":"https:\/\/lediamant.ch\/de\/wp-json\/wp\/v2\/brand?post=171780"},{"taxonomy":"product_brand","embeddable":true,"href":"https:\/\/lediamant.ch\/de\/wp-json\/wp\/v2\/product_brand?post=171780"},{"taxonomy":"product_cat","embeddable":true,"href":"https:\/\/lediamant.ch\/de\/wp-json\/wp\/v2\/product_cat?post=171780"},{"taxonomy":"product_tag","embeddable":true,"href":"https:\/\/lediamant.ch\/de\/wp-json\/wp\/v2\/product_tag?post=171780"}],"curies":[{"name":"wp","href":"https:\/\/api.w.org\/{rel}","templated":true}]}}