{"id":171798,"date":"2023-01-02T01:13:01","date_gmt":"2023-01-02T00:13:01","guid":{"rendered":"https:\/\/lediamant.ch\/produit\/uhren-de\/tissot-de\/tissot-t-sport-de\/tissot-t-race-de\/tissot-t-race-chonograph-45-mm\/"},"modified":"2024-01-19T14:24:04","modified_gmt":"2024-01-19T13:24:04","slug":"tissot-t-race-chonograph-45-mm","status":"publish","type":"product","link":"https:\/\/lediamant.ch\/de\/uhren\/171798-tissot-t-race-chonograph-45-mm-t1414171701100\/","title":{"rendered":"Tissot T-Race Chonograph 45 mm"},"content":{"rendered":"<p>Die Tissot T-Race ist ein Champion auf allen Ebenen. Ihr dynamisches Design, das von einem Rennmotorrad inspiriert ist, macht dieses Modell zu einer unschlagbaren Referenz seiner Art. Die Tissot T-Race ist ein Modell f\u00fcr Geschwindigkeitsfans, das die ganze Leidenschaft von Tissot f\u00fcr den Motorsport verk\u00f6rpert.<\/p>\n","protected":false},"excerpt":{"rendered":"<p>Die Tissot T-Race ist ein Champion auf allen Ebenen. Ihr dynamisches Design, das von einem Rennmotorrad inspiriert ist, macht dieses Modell zu einer unschlagbaren Referenz seiner Art. Die Tissot T-Race ist ein Modell f\u00fcr Geschwindigkeitsfans, das die ganze Leidenschaft von Tissot f\u00fcr den Motorsport verk\u00f6rpert.<\/p>\n","protected":false},"featured_media":171782,"template":"","meta":{"_acf_changed":false,"_seopress_robots_primary_cat":"","_seopress_titles_title":"","_seopress_titles_desc":"","_seopress_robots_index":""},"brand":[27087],"product_brand":[],"product_cat":[27159,27509,27203,27123],"product_tag":[],"class_list":{"0":"post-171798","1":"product","2":"type-product","3":"status-publish","4":"has-post-thumbnail","6":"brand-tissot-de","7":"product_cat-tissot-de","8":"product_cat-tissot-t-race","9":"product_cat-tissot-sport","10":"product_cat-uhren","11":"pa_couleurduboitier-grau-de","12":"pa_couleurdubracelet-schwarz-de","13":"pa_couleurducadran-weiss","14":"pa_dimensions-o-45-mm","15":"pa_etancheite-100m-de","16":"pa_forme-runden","17":"pa_garantie-24monate","18":"pa_genre-mann","19":"pa_matiere-stahl","20":"pa_matierebraceletmontre-kautschuk","21":"pa_mouvement-quarzbatterie-de","22":"pa_swissmade-ja-de","23":"pa_typedemontre-chronograph-de","24":"pa_verre-saphir-de","25":"sales-flash-overlay","26":"woocommerce-text-align-center","27":"woocommerce-image-align-center","28":"do-quantity-buttons","30":"first","31":"instock","32":"taxable","33":"shipping-taxable","34":"purchasable","35":"product-type-simple"},"acf":[],"_links":{"self":[{"href":"https:\/\/lediamant.ch\/de\/wp-json\/wp\/v2\/product\/171798","targetHints":{"allow":["GET"]}}],"collection":[{"href":"https:\/\/lediamant.ch\/de\/wp-json\/wp\/v2\/product"}],"about":[{"href":"https:\/\/lediamant.ch\/de\/wp-json\/wp\/v2\/types\/product"}],"wp:featuredmedia":[{"embeddable":true,"href":"https:\/\/lediamant.ch\/de\/wp-json\/wp\/v2\/media\/171782"}],"wp:attachment":[{"href":"https:\/\/lediamant.ch\/de\/wp-json\/wp\/v2\/media?parent=171798"}],"wp:term":[{"taxonomy":"brand","embeddable":true,"href":"https:\/\/lediamant.ch\/de\/wp-json\/wp\/v2\/brand?post=171798"},{"taxonomy":"product_brand","embeddable":true,"href":"https:\/\/lediamant.ch\/de\/wp-json\/wp\/v2\/product_brand?post=171798"},{"taxonomy":"product_cat","embeddable":true,"href":"https:\/\/lediamant.ch\/de\/wp-json\/wp\/v2\/product_cat?post=171798"},{"taxonomy":"product_tag","embeddable":true,"href":"https:\/\/lediamant.ch\/de\/wp-json\/wp\/v2\/product_tag?post=171798"}],"curies":[{"name":"wp","href":"https:\/\/api.w.org\/{rel}","templated":true}]}}