{"id":171868,"date":"2023-01-02T01:14:11","date_gmt":"2023-01-02T00:14:11","guid":{"rendered":"https:\/\/lediamant.ch\/produit\/uhren-de\/tissot-de\/tissot-t-lady-de\/tissot-lovely-de\/tissot-lovely-square-valentines\/"},"modified":"2025-05-08T15:29:44","modified_gmt":"2025-05-08T13:29:44","slug":"tissot-lovely-square-valentines","status":"publish","type":"product","link":"https:\/\/lediamant.ch\/de\/uhren\/171868-tissot-lovely-square-t0581091603600\/","title":{"rendered":"TISSOT LOVELY SQUARE"},"content":{"rendered":"<p>Die Tissot Lovely verbindet anspruchsvolle Eleganz mit zeitlosem Design. Frei am Handgelenk getragen, wirkt die Uhr wie ein wundersch\u00f6nes Schmuckst\u00fcck. Diese Version der Tissot Lovely Kollektion hat ein quadratisches Geh\u00e4use, das von einem abgeschr\u00e4gten, kratzfesten Saphirglas gekr\u00f6nt wird. Das Modell hat ein Geh\u00e4use aus 316L-Edelstahl und ein silbernes Zifferblatt mit 12 Diamanten. Neben dem roten Lederarmband umfasst dieses feminine Set drei weitere Armb\u00e4nder in verschiedenen Rosat\u00f6nen. Dank des leicht zu \u00f6ffnenden Wechselarmbandsystems l\u00e4sst sich diese Damenuhr schnell und einfach an eine Vielzahl von Looks anpassen. Alle Tissot Lovely Uhren werden von einem pr\u00e4zisen Swiss Made Quarzwerk angetrieben, so dass Sie Tag und Nacht die Zeit im Auge behalten k\u00f6nnen.<\/p>\n","protected":false},"excerpt":{"rendered":"<p>Die Tissot Lovely verbindet anspruchsvolle Eleganz mit zeitlosem Design. Frei am Handgelenk getragen, wirkt die Uhr wie ein wundersch\u00f6nes Schmuckst\u00fcck. Diese Version der Tissot Lovely Kollektion hat ein quadratisches Geh\u00e4use, das von einem abgeschr\u00e4gten, kratzfesten Saphirglas gekr\u00f6nt wird. Das Modell hat ein Geh\u00e4use aus 316L-Edelstahl und ein silbernes Zifferblatt mit 12 Diamanten. Neben dem roten &#8230; <a title=\"TISSOT LOVELY SQUARE\" class=\"read-more\" href=\"https:\/\/lediamant.ch\/de\/uhren\/171868-tissot-lovely-square-t0581091603600\/\" aria-label=\"Mehr Informationen \u00fcber TISSOT LOVELY SQUARE\">Weiterlesen &#8230;<\/a><\/p>\n","protected":false},"featured_media":209571,"template":"","meta":{"_acf_changed":false,"_seopress_robots_primary_cat":"27159","_seopress_titles_title":"","_seopress_titles_desc":"Eleganz und Vielseitigkeit mit der Tissot Lovely. Das quadratische Geh\u00e4use, das kratzfeste Saphirglas und die austauschbaren Armb\u00e4nder sorgen f\u00fcr einen einzigartigen Stil.","_seopress_robots_index":""},"brand":[27087],"product_brand":[],"product_cat":[27297,27159,27423,27123],"product_tag":[],"class_list":{"0":"post-171868","1":"product","2":"type-product","3":"status-publish","4":"has-post-thumbnail","6":"brand-tissot-de","7":"product_cat-exklusiv-fur-damen","8":"product_cat-tissot-de","9":"product_cat-tissot-lovely","10":"product_cat-uhren","11":"pa_couleurdubracelet-rosa-de","12":"pa_couleurducadran-silber","13":"pa_detail-de-s-pierres-s-12-diamanten-0-02ct","14":"pa_dimensions-o-20-mm","15":"pa_etancheite-30m-de","16":"pa_forme-quadrat-de","17":"pa_genre-frau","18":"pa_matiere-stahl","19":"pa_matierebraceletmontre-leder","20":"pa_mouvement-quarzbatterie-de","21":"pa_typedemontre-uhrenmitdiamanten","22":"sales-flash-overlay","23":"woocommerce-text-align-center","24":"woocommerce-image-align-center","25":"do-quantity-buttons","27":"first","28":"outofstock","29":"taxable","30":"shipping-taxable","31":"purchasable","32":"product-type-simple"},"acf":[],"_links":{"self":[{"href":"https:\/\/lediamant.ch\/de\/wp-json\/wp\/v2\/product\/171868","targetHints":{"allow":["GET"]}}],"collection":[{"href":"https:\/\/lediamant.ch\/de\/wp-json\/wp\/v2\/product"}],"about":[{"href":"https:\/\/lediamant.ch\/de\/wp-json\/wp\/v2\/types\/product"}],"wp:featuredmedia":[{"embeddable":true,"href":"https:\/\/lediamant.ch\/de\/wp-json\/wp\/v2\/media\/209571"}],"wp:attachment":[{"href":"https:\/\/lediamant.ch\/de\/wp-json\/wp\/v2\/media?parent=171868"}],"wp:term":[{"taxonomy":"brand","embeddable":true,"href":"https:\/\/lediamant.ch\/de\/wp-json\/wp\/v2\/brand?post=171868"},{"taxonomy":"product_brand","embeddable":true,"href":"https:\/\/lediamant.ch\/de\/wp-json\/wp\/v2\/product_brand?post=171868"},{"taxonomy":"product_cat","embeddable":true,"href":"https:\/\/lediamant.ch\/de\/wp-json\/wp\/v2\/product_cat?post=171868"},{"taxonomy":"product_tag","embeddable":true,"href":"https:\/\/lediamant.ch\/de\/wp-json\/wp\/v2\/product_tag?post=171868"}],"curies":[{"name":"wp","href":"https:\/\/api.w.org\/{rel}","templated":true}]}}