{"id":171936,"date":"2023-01-09T01:02:34","date_gmt":"2023-01-09T00:02:34","guid":{"rendered":"https:\/\/lediamant.ch\/produit\/uhren-de\/tissot-de\/tissot-t-classic-de\/tissot-chemin-des-tourelles-de\/tissot-chemin-des-tourelles-powermatic-80-39mm-3\/"},"modified":"2023-01-09T01:02:34","modified_gmt":"2023-01-09T00:02:34","slug":"tissot-chemin-des-tourelles-powermatic-80-39mm-3","status":"publish","type":"product","link":"https:\/\/lediamant.ch\/de\/uhren\/171936-tissot-chemin-des-tourelles-powermatic-80-39mm-3\/","title":{"rendered":"Tissot Chemin des Tourelles Powermatic 80 39mm"},"content":{"rendered":"<p>Was steckt in einem Namen? Der Chemin des Tourelles ist nach der Stra\u00dfe benannt, die zum Tissot-Haus in den Schweizer Bergen f\u00fchrt, wo wir seit 1853 wundersch\u00f6ne Uhren herstellen. Sie ist unsere Ikone, eine ultra-sophistische Armbanduhr. Beachte das glatte, runde Geh\u00e4use und das leicht gew\u00f6lbte Saphirglas, zwei Symbole f\u00fcr zeitlose Modernit\u00e4t. Das Zifferblatt ist ebenso raffiniert, mit seinem weichen Sonnenschliff und den facettierten r\u00f6mischen Ziffern, die das Licht auf die richtige Weise einfangen. Und wie sieht es im Inneren aus? Das Nivachron Powermatic 80, ein mechanisches Uhrwerk mit automatischem Aufzug, das 80 Stunden Gangautonomie und einen widerstandsf\u00e4higen Magnetismus bietet.<\/p>\n<p>POWERMATIC 80 MIT NIVACHRON\u2122-UNRUH: 80 STUNDEN GANGRESERVE, ANTIMAGNETISCH, STOSSFEST UND TEMPERATURBEST\u00c4NDIG.<\/p>\n<p>DURCHMESSER: 39 MM<\/p>\n<p>GEW\u00d6LBTES, KRATZFESTES SAPHIRGLAS MIT ANTIREFLEXBESCHICHTUNG<\/p>\n<p>TRANSPARENTER GEH\u00c4USEBODEN<\/p>\n<p>AUSTAUSCHBARES ARMBAND, DAS SICH LEICHT \u00d6FFNEN L\u00c4SST<\/p>\n","protected":false},"excerpt":{"rendered":"<p>Was steckt in einem Namen? Der Chemin des Tourelles ist nach der Stra\u00dfe benannt, die zum Tissot-Haus in den Schweizer Bergen f\u00fchrt, wo wir seit 1853 wundersch\u00f6ne Uhren herstellen. Sie ist unsere Ikone, eine ultra-sophistische Armbanduhr. Beachte das glatte, runde Geh\u00e4use und das leicht gew\u00f6lbte Saphirglas, zwei Symbole f\u00fcr zeitlose Modernit\u00e4t. Das Zifferblatt ist ebenso &#8230; <a title=\"Tissot Chemin des Tourelles Powermatic 80 39mm\" class=\"read-more\" href=\"https:\/\/lediamant.ch\/de\/uhren\/171936-tissot-chemin-des-tourelles-powermatic-80-39mm-3\/\" aria-label=\"Mehr Informationen \u00fcber Tissot Chemin des Tourelles Powermatic 80 39mm\">Weiterlesen &#8230;<\/a><\/p>\n","protected":false},"featured_media":171928,"template":"","meta":{"_acf_changed":false,"_seopress_robots_primary_cat":"","_seopress_titles_title":"","_seopress_titles_desc":"","_seopress_robots_index":""},"brand":[27087],"product_brand":[],"product_cat":[27159,27489,27245,27123],"product_tag":[],"class_list":{"0":"post-171936","1":"product","2":"type-product","3":"status-publish","4":"has-post-thumbnail","6":"brand-tissot-de","7":"product_cat-tissot-de","8":"product_cat-tissot-chemin-des-tourelles","9":"product_cat-tissot-classic","10":"product_cat-uhren","11":"pa_couleurducadran-silber","12":"pa_dimensions-o-39-mm","13":"pa_etancheite-50m-de","14":"pa_forme-runden","15":"pa_garantie-24monate","16":"pa_genre-frau","17":"pa_genre-mann","18":"pa_matiere-stahl","19":"pa_matierebraceletmontre-edelstahl","20":"pa_mouvement-automatik-de","21":"pa_swissmade-ja-de","22":"pa_verre-saphir-de","23":"sales-flash-overlay","24":"woocommerce-text-align-center","25":"woocommerce-image-align-center","26":"do-quantity-buttons","28":"first","29":"instock","30":"taxable","31":"shipping-taxable","32":"purchasable","33":"product-type-simple"},"acf":[],"_links":{"self":[{"href":"https:\/\/lediamant.ch\/de\/wp-json\/wp\/v2\/product\/171936","targetHints":{"allow":["GET"]}}],"collection":[{"href":"https:\/\/lediamant.ch\/de\/wp-json\/wp\/v2\/product"}],"about":[{"href":"https:\/\/lediamant.ch\/de\/wp-json\/wp\/v2\/types\/product"}],"wp:featuredmedia":[{"embeddable":true,"href":"https:\/\/lediamant.ch\/de\/wp-json\/wp\/v2\/media\/171928"}],"wp:attachment":[{"href":"https:\/\/lediamant.ch\/de\/wp-json\/wp\/v2\/media?parent=171936"}],"wp:term":[{"taxonomy":"brand","embeddable":true,"href":"https:\/\/lediamant.ch\/de\/wp-json\/wp\/v2\/brand?post=171936"},{"taxonomy":"product_brand","embeddable":true,"href":"https:\/\/lediamant.ch\/de\/wp-json\/wp\/v2\/product_brand?post=171936"},{"taxonomy":"product_cat","embeddable":true,"href":"https:\/\/lediamant.ch\/de\/wp-json\/wp\/v2\/product_cat?post=171936"},{"taxonomy":"product_tag","embeddable":true,"href":"https:\/\/lediamant.ch\/de\/wp-json\/wp\/v2\/product_tag?post=171936"}],"curies":[{"name":"wp","href":"https:\/\/api.w.org\/{rel}","templated":true}]}}