{"id":171946,"date":"2023-01-09T01:02:42","date_gmt":"2023-01-09T00:02:42","guid":{"rendered":"https:\/\/lediamant.ch\/produit\/uhren-de\/tissot-de\/tissot-t-classic-de\/tissot-chemin-des-tourelles-de\/tissot-chemin-des-tourelles-powermatic-80-39mm-4\/"},"modified":"2025-05-15T14:01:12","modified_gmt":"2025-05-15T12:01:12","slug":"tissot-chemin-des-tourelles-powermatic-80-39mm-4","status":"publish","type":"product","link":"https:\/\/lediamant.ch\/de\/uhren\/171946-tissot-chemin-des-tourelles-powermatic-80-39mm-4\/","title":{"rendered":"Tissot Chemin des Tourelles Powermatic 80 39mm"},"content":{"rendered":"<p>Der Chemin des Tourelles ist nach der Stra\u00dfe benannt, die zum Tissot-Haus in den Schweizer Bergen f\u00fchrt, wo wir seit 1853 wundersch\u00f6ne Uhren herstellen. Sie ist unsere Ikone, eine ultra-sophistische Armbanduhr. Beachten Sie das runde, glatte Geh\u00e4use und das leicht gew\u00f6lbte Saphirglas - beides Symbole zeitloser Modernit\u00e4t. Das Zifferblatt ist ebenso raffiniert, mit seinem sanften Sonnenschliff und den facettierten r\u00f6mischen Ziffern, die das Licht auf die richtige Weise einfangen. Und wie sieht es im Inneren aus? Das Nivachron Powermatic 80, ein mechanisches Uhrwerk mit Automatikaufzug, das 80 Stunden Gangautonomie und einen widerstandsf\u00e4higen Magnetismus bietet.<\/p>\n","protected":false},"excerpt":{"rendered":"<p>Der Chemin des Tourelles ist nach der Stra\u00dfe benannt, die zum Tissot-Haus in den Schweizer Bergen f\u00fchrt, wo wir seit 1853 wundersch\u00f6ne Uhren herstellen. Sie ist unsere Ikone, eine ultra-sophistische Armbanduhr. Beachten Sie das runde, glatte Geh\u00e4use und das leicht gew\u00f6lbte Saphirglas - beides Symbole zeitloser Modernit\u00e4t. Das Zifferblatt ist ebenso raffiniert, mit seinem sanften &#8230; <a title=\"Tissot Chemin des Tourelles Powermatic 80 39mm\" class=\"read-more\" href=\"https:\/\/lediamant.ch\/de\/uhren\/171946-tissot-chemin-des-tourelles-powermatic-80-39mm-4\/\" aria-label=\"Mehr Informationen \u00fcber Tissot Chemin des Tourelles Powermatic 80 39mm\">Weiterlesen &#8230;<\/a><\/p>\n","protected":false},"featured_media":171938,"template":"","meta":{"_acf_changed":false,"_seopress_robots_primary_cat":"27159","_seopress_titles_title":"%%post_title%%","_seopress_titles_desc":"Die Tissot Chemin des Tourelles Uhr: Eleganz und Pr\u00e4zision seit 1853. Erleben Sie zeitlose Modernit\u00e4t und technische Exzellenz.","_seopress_robots_index":""},"brand":[27087],"product_brand":[],"product_cat":[27123,27159,27245,27489],"product_tag":[],"class_list":{"0":"post-171946","1":"product","2":"type-product","3":"status-publish","4":"has-post-thumbnail","6":"brand-tissot-de","7":"product_cat-uhren","8":"product_cat-tissot-de","9":"product_cat-tissot-classic","10":"product_cat-tissot-chemin-des-tourelles","11":"pa_couleurdubracelet-grau-de","12":"pa_couleurducadran-grau","13":"pa_dimensions-o-39-mm","14":"pa_etancheite-50m-de","15":"pa_forme-runden","16":"pa_garantie-24monate","17":"pa_genre-frau","18":"pa_genre-mann","19":"pa_matiere-stahl","20":"pa_matierebraceletmontre-edelstahl","21":"pa_mouvement-automatik-de","22":"pa_swissmade-ja-de","23":"pa_verre-saphir-de","24":"sales-flash-overlay","25":"woocommerce-text-align-center","26":"woocommerce-image-align-center","27":"do-quantity-buttons","29":"first","30":"outofstock","31":"taxable","32":"shipping-taxable","33":"purchasable","34":"product-type-simple"},"acf":[],"_links":{"self":[{"href":"https:\/\/lediamant.ch\/de\/wp-json\/wp\/v2\/product\/171946","targetHints":{"allow":["GET"]}}],"collection":[{"href":"https:\/\/lediamant.ch\/de\/wp-json\/wp\/v2\/product"}],"about":[{"href":"https:\/\/lediamant.ch\/de\/wp-json\/wp\/v2\/types\/product"}],"wp:featuredmedia":[{"embeddable":true,"href":"https:\/\/lediamant.ch\/de\/wp-json\/wp\/v2\/media\/171938"}],"wp:attachment":[{"href":"https:\/\/lediamant.ch\/de\/wp-json\/wp\/v2\/media?parent=171946"}],"wp:term":[{"taxonomy":"brand","embeddable":true,"href":"https:\/\/lediamant.ch\/de\/wp-json\/wp\/v2\/brand?post=171946"},{"taxonomy":"product_brand","embeddable":true,"href":"https:\/\/lediamant.ch\/de\/wp-json\/wp\/v2\/product_brand?post=171946"},{"taxonomy":"product_cat","embeddable":true,"href":"https:\/\/lediamant.ch\/de\/wp-json\/wp\/v2\/product_cat?post=171946"},{"taxonomy":"product_tag","embeddable":true,"href":"https:\/\/lediamant.ch\/de\/wp-json\/wp\/v2\/product_tag?post=171946"}],"curies":[{"name":"wp","href":"https:\/\/api.w.org\/{rel}","templated":true}]}}