{"id":171956,"date":"2023-01-09T01:02:51","date_gmt":"2023-01-09T00:02:51","guid":{"rendered":"https:\/\/lediamant.ch\/produit\/uhren-de\/tissot-de\/tissot-t-classic-de\/tissot-chemin-des-tourelles-de\/tissot-chemin-des-tourelles-powermatic-80-39mm-5\/"},"modified":"2023-01-09T01:02:51","modified_gmt":"2023-01-09T00:02:51","slug":"tissot-chemin-des-tourelles-powermatic-80-39mm-5","status":"publish","type":"product","link":"https:\/\/lediamant.ch\/de\/uhren\/171956-tissot-chemin-des-tourelles-powermatic-80-39mm-5\/","title":{"rendered":"Tissot Chemin des Tourelles Powermatic 80 39mm"},"content":{"rendered":"<p>Fermez les yeux, pensez \u00e0 une v\u00e9ritable montre suisse, et vous verrez la Chemin des Tourelles. Nomm\u00e9e selon la rue qui m\u00e8ne \u00e0 la maison de Tissot dans les montagnes suisses, elle est l&#8217;ic\u00f4ne de Tissot : ronde, classique, m\u00e9canique, ind\u00e9modable. Aujourd&#8217;hui mise \u00e0 jour et raffin\u00e9e, cette \u00e9dition est dot\u00e9e d&#8217;un verre saphir l\u00e9g\u00e8rement bomb\u00e9 qui recouvre un cadran soleill\u00e9 avec des index b\u00e2tons simples et \u00e9l\u00e9gants, chacun facett\u00e9 afin de capter la lumi\u00e8re de mani\u00e8re \u00e0 la fois discr\u00e8te et sophistiqu\u00e9e. Sous ce cadran se trouve le Nivachron Powermatic 80, un mouvement m\u00e9canique automatique de pointe dot\u00e9 d&#8217;une r\u00e9serve de marche de 80 heures et d&#8217;un antimagn\u00e9tisme \u00e9lev\u00e9. Une montre intemporelle.<\/p>\n<p>MOUVEMENT POWERMATIC 80 AVEC BALANCIER NIVACHRON\u2122 : R\u00c9SERVE DE MARCHE DE 80 HEURES, ANTIMAGN\u00c9TIQUE, R\u00c9SISTANT AUX CHOCS ET AUX TEMP\u00c9RATURES<\/p>\n<p>DIAM\u00c8TRE: 39 MM<\/p>\n<p>GLACE SAPHIR BOMB\u00c9E INRAYABLE AVEC TRAITEMENT ANTIREFLET<\/p>\n<p>FOND DE BO\u00ceTE TRANSPARENT<\/p>\n<p>BRACELET INTERCHANGEABLE \u00c0 OUVERTURE FACILE<\/p>\n","protected":false},"excerpt":{"rendered":"<p>Fermez les yeux, pensez \u00e0 une v\u00e9ritable montre suisse, et vous verrez la Chemin des Tourelles. Nomm\u00e9e selon la rue qui m\u00e8ne \u00e0 la maison de Tissot dans les montagnes suisses, elle est l&#8217;ic\u00f4ne de Tissot : ronde, classique, m\u00e9canique, ind\u00e9modable. Aujourd&#8217;hui mise \u00e0 jour et raffin\u00e9e, cette \u00e9dition est dot\u00e9e d&#8217;un verre saphir l\u00e9g\u00e8rement &#8230; <a title=\"Tissot Chemin des Tourelles Powermatic 80 39mm\" class=\"read-more\" href=\"https:\/\/lediamant.ch\/de\/uhren\/171956-tissot-chemin-des-tourelles-powermatic-80-39mm-5\/\" aria-label=\"Mehr Informationen \u00fcber Tissot Chemin des Tourelles Powermatic 80 39mm\">Weiterlesen &#8230;<\/a><\/p>\n","protected":false},"featured_media":171947,"template":"","meta":{"_acf_changed":false,"_seopress_robots_primary_cat":"","_seopress_titles_title":"","_seopress_titles_desc":"","_seopress_robots_index":""},"brand":[27087],"product_brand":[],"product_cat":[27159,27489,27245,27123],"product_tag":[],"class_list":{"0":"post-171956","1":"product","2":"type-product","3":"status-publish","4":"has-post-thumbnail","6":"brand-tissot-de","7":"product_cat-tissot-de","8":"product_cat-tissot-chemin-des-tourelles","9":"product_cat-tissot-classic","10":"product_cat-uhren","11":"pa_couleurdubracelet-braun-de","12":"pa_couleurducadran-blau","13":"pa_etancheite-50m-de","14":"pa_forme-runden","15":"pa_garantie-24monate","16":"pa_genre-frau","17":"pa_genre-mann","18":"pa_matiere-stahl","19":"pa_matierebraceletmontre-leder","20":"pa_mouvement-automatik-de","21":"pa_swissmade-ja-de","22":"pa_verre-saphir-de","23":"sales-flash-overlay","24":"woocommerce-text-align-center","25":"woocommerce-image-align-center","26":"do-quantity-buttons","28":"first","29":"instock","30":"taxable","31":"shipping-taxable","32":"purchasable","33":"product-type-simple"},"acf":[],"_links":{"self":[{"href":"https:\/\/lediamant.ch\/de\/wp-json\/wp\/v2\/product\/171956","targetHints":{"allow":["GET"]}}],"collection":[{"href":"https:\/\/lediamant.ch\/de\/wp-json\/wp\/v2\/product"}],"about":[{"href":"https:\/\/lediamant.ch\/de\/wp-json\/wp\/v2\/types\/product"}],"wp:featuredmedia":[{"embeddable":true,"href":"https:\/\/lediamant.ch\/de\/wp-json\/wp\/v2\/media\/171947"}],"wp:attachment":[{"href":"https:\/\/lediamant.ch\/de\/wp-json\/wp\/v2\/media?parent=171956"}],"wp:term":[{"taxonomy":"brand","embeddable":true,"href":"https:\/\/lediamant.ch\/de\/wp-json\/wp\/v2\/brand?post=171956"},{"taxonomy":"product_brand","embeddable":true,"href":"https:\/\/lediamant.ch\/de\/wp-json\/wp\/v2\/product_brand?post=171956"},{"taxonomy":"product_cat","embeddable":true,"href":"https:\/\/lediamant.ch\/de\/wp-json\/wp\/v2\/product_cat?post=171956"},{"taxonomy":"product_tag","embeddable":true,"href":"https:\/\/lediamant.ch\/de\/wp-json\/wp\/v2\/product_tag?post=171956"}],"curies":[{"name":"wp","href":"https:\/\/api.w.org\/{rel}","templated":true}]}}