{"id":172087,"date":"2023-01-09T01:05:08","date_gmt":"2023-01-09T00:05:08","guid":{"rendered":"https:\/\/lediamant.ch\/produit\/uhren-de\/tissot-de\/tissot-t-classic-de\/tissot-gentleman-automatik-de\/tissot-prx-powermatic-80-8\/"},"modified":"2023-01-09T01:05:08","modified_gmt":"2023-01-09T00:05:08","slug":"tissot-prx-powermatic-80-8","status":"publish","type":"product","link":"https:\/\/lediamant.ch\/de\/uhren\/172087-tissot-prx-powermatic-80-8\/","title":{"rendered":"Tissot PRX Powermatic 80"},"content":{"rendered":"<p>Wenn Sie auf der Suche nach einer schlanken, glatten Uhr mit einem authentischen 70er-Jahre-Touch sind, dann suchen Sie nicht weiter als nach der Tissot PRX Powermatic 80. Die Tissot PRX wurde f\u00fcr Designliebhaber entworfen und verf\u00fcgt \u00fcber Merkmale des 21. Jahrhunderts in einem Tissot-Geh\u00e4use aus dem Jahr 1978 und ist ein Muss f\u00fcr alle Uhrenliebhaber. Das Powermatic 80 Uhrwerk mit automatischem Aufzug bietet dank der innovativen Unruhspirale aus NivachronTM Zuverl\u00e4ssigkeit und Pr\u00e4zision. Mit einer Gangreserve von 80 Stunden ist es ein modernes Uhrwerk, das f\u00fcr einen aktiven Lebensstil konzipiert wurde.<\/p>\n","protected":false},"excerpt":{"rendered":"<p>Wenn Sie auf der Suche nach einer schlanken, glatten Uhr mit einem authentischen 70er-Jahre-Touch sind, dann suchen Sie nicht weiter als nach der Tissot PRX Powermatic 80. Die Tissot PRX wurde f\u00fcr Designliebhaber entworfen und verf\u00fcgt \u00fcber Merkmale des 21. Jahrhunderts in einem Tissot-Geh\u00e4use aus dem Jahr 1978 und ist ein Muss f\u00fcr alle Uhrenliebhaber. &#8230; <a title=\"Tissot PRX Powermatic 80\" class=\"read-more\" href=\"https:\/\/lediamant.ch\/de\/uhren\/172087-tissot-prx-powermatic-80-8\/\" aria-label=\"Mehr Informationen \u00fcber Tissot PRX Powermatic 80\">Weiterlesen &#8230;<\/a><\/p>\n","protected":false},"featured_media":172072,"template":"","meta":{"_acf_changed":false,"_seopress_robots_primary_cat":"","_seopress_titles_title":"","_seopress_titles_desc":"","_seopress_robots_index":""},"brand":[27087],"product_brand":[],"product_cat":[27159,27245,27445,27123],"product_tag":[],"class_list":{"0":"post-172087","1":"product","2":"type-product","3":"status-publish","4":"has-post-thumbnail","6":"brand-tissot-de","7":"product_cat-tissot-de","8":"product_cat-tissot-classic","9":"product_cat-tissot-gentleman","10":"product_cat-uhren","11":"pa_couleurdubracelet-schwarz-de","12":"pa_couleurducadran-schwarz","13":"pa_etancheite-100m-de","14":"pa_garantie-24monate","15":"pa_genre-mann","16":"pa_matiere-stahl","17":"pa_matierebraceletmontre-kautschuk","18":"pa_mouvement-automatik-de","19":"pa_swissmade-ja-de","20":"pa_verre-saphir-de","21":"sales-flash-overlay","22":"woocommerce-text-align-center","23":"woocommerce-image-align-center","24":"do-quantity-buttons","26":"first","27":"instock","28":"taxable","29":"shipping-taxable","30":"purchasable","31":"product-type-simple"},"acf":[],"_links":{"self":[{"href":"https:\/\/lediamant.ch\/de\/wp-json\/wp\/v2\/product\/172087","targetHints":{"allow":["GET"]}}],"collection":[{"href":"https:\/\/lediamant.ch\/de\/wp-json\/wp\/v2\/product"}],"about":[{"href":"https:\/\/lediamant.ch\/de\/wp-json\/wp\/v2\/types\/product"}],"wp:featuredmedia":[{"embeddable":true,"href":"https:\/\/lediamant.ch\/de\/wp-json\/wp\/v2\/media\/172072"}],"wp:attachment":[{"href":"https:\/\/lediamant.ch\/de\/wp-json\/wp\/v2\/media?parent=172087"}],"wp:term":[{"taxonomy":"brand","embeddable":true,"href":"https:\/\/lediamant.ch\/de\/wp-json\/wp\/v2\/brand?post=172087"},{"taxonomy":"product_brand","embeddable":true,"href":"https:\/\/lediamant.ch\/de\/wp-json\/wp\/v2\/product_brand?post=172087"},{"taxonomy":"product_cat","embeddable":true,"href":"https:\/\/lediamant.ch\/de\/wp-json\/wp\/v2\/product_cat?post=172087"},{"taxonomy":"product_tag","embeddable":true,"href":"https:\/\/lediamant.ch\/de\/wp-json\/wp\/v2\/product_tag?post=172087"}],"curies":[{"name":"wp","href":"https:\/\/api.w.org\/{rel}","templated":true}]}}