{"id":172127,"date":"2023-01-09T01:05:59","date_gmt":"2023-01-09T00:05:59","guid":{"rendered":"https:\/\/lediamant.ch\/produit\/uhren-de\/tissot-de\/tissot-t-sport-de\/tissot-supersport-de\/tissot-supersport-chrono-basketball-edition-45-mm\/"},"modified":"2024-01-19T14:18:10","modified_gmt":"2024-01-19T13:18:10","slug":"tissot-supersport-chrono-basketball-edition-45-mm","status":"publish","type":"product","link":"https:\/\/lediamant.ch\/de\/uhren\/172127-tissot-supersport-chrono-basketball-edition-45-mm-t1256173608100\/","title":{"rendered":"TISSOT SUPERSPORT CHRONO BASKETBALL EDITION 45 mm"},"content":{"rendered":"<p>Die Supersport Chrono Basketball Edition ist ein moderner, maskuliner Chronograph, der Schweizer Uhrmacherkunst und Design vereint und von Tissots traditioneller Verbindung mit dem Basketball inspiriert ist. Das schwarze, abgestufte Zifferblatt mit dem originellen Basketballnetz-Motiv und die orangefarbenen Eckn\u00e4hte auf dem Armband sind eine Anspielung auf diese Sportart und ihre Kultur. Mit einem 45,5 mm gro\u00dfen Edelstahlgeh\u00e4use mit schwarzer PVD-Beschichtung verf\u00fcgt sie \u00fcber eine feststehende L\u00fcnette mit Tachymeterskala. Sie ist mit einer End-of-Life-Funktion ausgestattet, die Sie dar\u00fcber informiert, wann die Batterie ausgetauscht werden muss. Die Indizes und Zeiger sind mit Super-LumiNova\u00ae beschichtet, damit Sie die Zeit leicht ablesen k\u00f6nnen. Damit ist die Uhr das perfekte Accessoire f\u00fcr stilbewusste M\u00e4nner. Wenn Sie dieser Uhr eine zus\u00e4tzliche pers\u00f6nliche Note verleihen m\u00f6chten, k\u00f6nnen Sie sie dank des einfachen Wechselsystems auch mit einem anderen Armband personalisieren.<\/p>\n","protected":false},"excerpt":{"rendered":"<p>Die Supersport Chrono Basketball Edition ist ein moderner, maskuliner Chronograph, der Schweizer Uhrmacherkunst und Design vereint und von Tissots traditioneller Verbindung mit dem Basketball inspiriert ist. Das schwarze, abgestufte Zifferblatt mit dem originellen Basketballnetz-Motiv und die orangefarbenen Eckn\u00e4hte auf dem Armband sind eine Anspielung auf diese Sportart und ihre Kultur. Mit einem 45,5 mm gro\u00dfen &#8230; <a title=\"TISSOT SUPERSPORT CHRONO BASKETBALL EDITION 45 mm\" class=\"read-more\" href=\"https:\/\/lediamant.ch\/de\/uhren\/172127-tissot-supersport-chrono-basketball-edition-45-mm-t1256173608100\/\" aria-label=\"Mehr Informationen \u00fcber TISSOT SUPERSPORT CHRONO BASKETBALL EDITION 45 mm\">Weiterlesen &#8230;<\/a><\/p>\n","protected":false},"featured_media":172115,"template":"","meta":{"_acf_changed":false,"_seopress_robots_primary_cat":"","_seopress_titles_title":"","_seopress_titles_desc":"","_seopress_robots_index":""},"brand":[27087],"product_brand":[],"product_cat":[27159,27381,27203,27123],"product_tag":[],"class_list":{"0":"post-172127","1":"product","2":"type-product","3":"status-publish","4":"has-post-thumbnail","6":"brand-tissot-de","7":"product_cat-tissot-de","8":"product_cat-tissot-supersport-chrono","9":"product_cat-tissot-sport","10":"product_cat-uhren","11":"pa_couleurdubracelet-schwarz-de","12":"pa_couleurducadran-grau","13":"pa_dimensions-o-45-5-mm","14":"pa_etancheite-100m-de","15":"pa_forme-runden","16":"pa_garantie-24monate","17":"pa_genre-mann","18":"pa_matiere-schwarzespvd","19":"pa_matierebraceletmontre-leder","20":"pa_mouvement-quarzbatterie-de","21":"pa_typedemontre-chronograph-de","22":"pa_verre-saphir-de","23":"sales-flash-overlay","24":"woocommerce-text-align-center","25":"woocommerce-image-align-center","26":"do-quantity-buttons","28":"first","29":"instock","30":"taxable","31":"shipping-taxable","32":"purchasable","33":"product-type-simple"},"acf":[],"_links":{"self":[{"href":"https:\/\/lediamant.ch\/de\/wp-json\/wp\/v2\/product\/172127","targetHints":{"allow":["GET"]}}],"collection":[{"href":"https:\/\/lediamant.ch\/de\/wp-json\/wp\/v2\/product"}],"about":[{"href":"https:\/\/lediamant.ch\/de\/wp-json\/wp\/v2\/types\/product"}],"wp:featuredmedia":[{"embeddable":true,"href":"https:\/\/lediamant.ch\/de\/wp-json\/wp\/v2\/media\/172115"}],"wp:attachment":[{"href":"https:\/\/lediamant.ch\/de\/wp-json\/wp\/v2\/media?parent=172127"}],"wp:term":[{"taxonomy":"brand","embeddable":true,"href":"https:\/\/lediamant.ch\/de\/wp-json\/wp\/v2\/brand?post=172127"},{"taxonomy":"product_brand","embeddable":true,"href":"https:\/\/lediamant.ch\/de\/wp-json\/wp\/v2\/product_brand?post=172127"},{"taxonomy":"product_cat","embeddable":true,"href":"https:\/\/lediamant.ch\/de\/wp-json\/wp\/v2\/product_cat?post=172127"},{"taxonomy":"product_tag","embeddable":true,"href":"https:\/\/lediamant.ch\/de\/wp-json\/wp\/v2\/product_tag?post=172127"}],"curies":[{"name":"wp","href":"https:\/\/api.w.org\/{rel}","templated":true}]}}