{"id":172131,"date":"2023-01-20T14:21:47","date_gmt":"2023-01-20T13:21:47","guid":{"rendered":"https:\/\/lediamant.ch\/produit\/schmuck-de\/anhanger-de\/anhaenger-buchstabe-de\/anhaenger-buchstabe-a-gelbgold-75018-kt\/"},"modified":"2026-01-21T17:45:11","modified_gmt":"2026-01-21T16:45:11","slug":"pendentif-lettre-a-or-jaune-75018-ct-5","status":"publish","type":"product","link":"https:\/\/lediamant.ch\/de\/schmuck\/172131-anhaenger-buchstabe-a-gelbgold-75018-kt\/","title":{"rendered":"Anh\u00e4nger Buchstabe A Gelbgold 750\/18 ct."},"content":{"rendered":"<p>Dieser bezaubernde Anh\u00e4nger in Form des Buchstabens &#8222;A&#8220; ist aus feinstem 750\/18 ct Gelbgold gefertigt. Sein zartes und minimalistisches Design macht ihn zu einer perfekten Wahl f\u00fcr alle, die diskrete Eleganz sch\u00e4tzen. Ob als pers\u00f6nliches Geschenk oder um Ihre Individualit\u00e4t auszudr\u00fccken, dieser Anh\u00e4nger ist eine raffinierte Erg\u00e4nzung f\u00fcr jede Schmuckkollektion.  <\/p>\n","protected":false},"excerpt":{"rendered":"<p>Dieser bezaubernde Anh\u00e4nger in Form des Buchstabens &#8222;A&#8220; ist aus feinstem 750\/18 ct Gelbgold gefertigt. Sein zartes und minimalistisches Design macht ihn zu einer perfekten Wahl f\u00fcr alle, die diskrete Eleganz sch\u00e4tzen. Ob als pers\u00f6nliches Geschenk oder um Ihre Individualit\u00e4t auszudr\u00fccken, dieser Anh\u00e4nger ist eine raffinierte Erg\u00e4nzung f\u00fcr jede Schmuckkollektion.<\/p>\n","protected":false},"featured_media":217941,"template":"","meta":{"_acf_changed":false,"_seopress_robots_primary_cat":"27342","_seopress_titles_title":"","_seopress_titles_desc":"Entdecken Sie die Eleganz des Gelbgoldanh\u00e4ngers 'A'. Das minimalistische Design ist ideal f\u00fcr ein subtiles und pers\u00f6nliches Geschenk. ","_seopress_robots_index":""},"brand":[27089],"product_brand":[],"product_cat":[42331,27343,27121],"product_tag":[],"class_list":{"0":"post-172131","1":"product","2":"type-product","3":"status-publish","4":"has-post-thumbnail","6":"brand-gold-jewellery-de","7":"product_cat-a","8":"product_cat-buchstaben-anhanger","9":"product_cat-schmuck","10":"pa_dimensions-7-x-6-mm","11":"pa_garantie-12monate","12":"pa_genre-frau","13":"pa_genre-kind","14":"pa_genre-mann","15":"pa_matiere-75018ktgelbgold","16":"pa_motif-buchstaben","17":"sales-flash-overlay","18":"woocommerce-text-align-center","19":"woocommerce-image-align-center","20":"do-quantity-buttons","22":"first","23":"instock","24":"taxable","25":"shipping-taxable","26":"purchasable","27":"product-type-simple"},"acf":[],"_links":{"self":[{"href":"https:\/\/lediamant.ch\/de\/wp-json\/wp\/v2\/product\/172131","targetHints":{"allow":["GET"]}}],"collection":[{"href":"https:\/\/lediamant.ch\/de\/wp-json\/wp\/v2\/product"}],"about":[{"href":"https:\/\/lediamant.ch\/de\/wp-json\/wp\/v2\/types\/product"}],"wp:featuredmedia":[{"embeddable":true,"href":"https:\/\/lediamant.ch\/de\/wp-json\/wp\/v2\/media\/217941"}],"wp:attachment":[{"href":"https:\/\/lediamant.ch\/de\/wp-json\/wp\/v2\/media?parent=172131"}],"wp:term":[{"taxonomy":"brand","embeddable":true,"href":"https:\/\/lediamant.ch\/de\/wp-json\/wp\/v2\/brand?post=172131"},{"taxonomy":"product_brand","embeddable":true,"href":"https:\/\/lediamant.ch\/de\/wp-json\/wp\/v2\/product_brand?post=172131"},{"taxonomy":"product_cat","embeddable":true,"href":"https:\/\/lediamant.ch\/de\/wp-json\/wp\/v2\/product_cat?post=172131"},{"taxonomy":"product_tag","embeddable":true,"href":"https:\/\/lediamant.ch\/de\/wp-json\/wp\/v2\/product_tag?post=172131"}],"curies":[{"name":"wp","href":"https:\/\/api.w.org\/{rel}","templated":true}]}}