{"id":172139,"date":"2023-01-20T14:19:10","date_gmt":"2023-01-20T13:19:10","guid":{"rendered":"https:\/\/lediamant.ch\/produit\/schmuck-de\/anhanger-de\/anhaenger-buchstabe-de\/anhaenger-buchstabe-c-gelbgold-75018-kt\/"},"modified":"2026-01-21T17:45:02","modified_gmt":"2026-01-21T16:45:02","slug":"pendentif-lettre-c-or-jaune-75018-ct-4","status":"publish","type":"product","link":"https:\/\/lediamant.ch\/de\/schmuck\/172139-anhaenger-buchstabe-c-gelbgold-75018-kt\/","title":{"rendered":"Anh\u00e4nger Buchstabe C Gelbgold 750\/18 ct."},"content":{"rendered":"<p>Entdecken Sie unseren charmanten Anh\u00e4nger Buchstabe C, der aus 750\/18 ct Gelbgold gefertigt ist. Dieses zarte und elegante Schmuckst\u00fcck ist eine subtile und schicke Art, Ihren Stil zu personalisieren. Ob Sie Ihre Initiale oder die eines geliebten Menschen darstellen m\u00f6chten, dieser Anh\u00e4nger ist die perfekte Wahl. Die gl\u00e4nzende Oberfl\u00e4che verleiht jedem Outfit einen Hauch von Glanz und die Goldqualit\u00e4t garantiert eine au\u00dfergew\u00f6hnliche Langlebigkeit. Er ist das perfekte Geschenk f\u00fcr Geburtstage, Hochzeitstage oder andere besondere Anl\u00e4sse.    <\/p>\n","protected":false},"excerpt":{"rendered":"<p><\/p>\n","protected":false},"featured_media":217943,"template":"","meta":{"_acf_changed":false,"_seopress_robots_primary_cat":"27342","_seopress_titles_title":"","_seopress_titles_desc":"Entdecken Sie den Anh\u00e4nger Buchstabe C aus Gelbgold, ein elegantes Schmuckst\u00fcck, mit dem Sie Ihrem Stil Ausdruck verleihen oder das Sie verschenken k\u00f6nnen. Qualit\u00e4t und Brillanz garantiert. ","_seopress_robots_index":""},"brand":[27089],"product_brand":[],"product_cat":[27343,42333,27121],"product_tag":[],"class_list":{"0":"post-172139","1":"product","2":"type-product","3":"status-publish","4":"has-post-thumbnail","6":"brand-gold-jewellery-de","7":"product_cat-buchstaben-anhanger","8":"product_cat-c","9":"product_cat-schmuck","10":"pa_dimensions-7-x-6-mm","11":"pa_garantie-12monate","12":"pa_genre-frau","13":"pa_genre-kind","14":"pa_genre-mann","15":"pa_matiere-75018ktgelbgold","16":"pa_motif-buchstaben","17":"sales-flash-overlay","18":"woocommerce-text-align-center","19":"woocommerce-image-align-center","20":"do-quantity-buttons","22":"first","23":"instock","24":"taxable","25":"shipping-taxable","26":"purchasable","27":"product-type-simple"},"acf":[],"_links":{"self":[{"href":"https:\/\/lediamant.ch\/de\/wp-json\/wp\/v2\/product\/172139","targetHints":{"allow":["GET"]}}],"collection":[{"href":"https:\/\/lediamant.ch\/de\/wp-json\/wp\/v2\/product"}],"about":[{"href":"https:\/\/lediamant.ch\/de\/wp-json\/wp\/v2\/types\/product"}],"wp:featuredmedia":[{"embeddable":true,"href":"https:\/\/lediamant.ch\/de\/wp-json\/wp\/v2\/media\/217943"}],"wp:attachment":[{"href":"https:\/\/lediamant.ch\/de\/wp-json\/wp\/v2\/media?parent=172139"}],"wp:term":[{"taxonomy":"brand","embeddable":true,"href":"https:\/\/lediamant.ch\/de\/wp-json\/wp\/v2\/brand?post=172139"},{"taxonomy":"product_brand","embeddable":true,"href":"https:\/\/lediamant.ch\/de\/wp-json\/wp\/v2\/product_brand?post=172139"},{"taxonomy":"product_cat","embeddable":true,"href":"https:\/\/lediamant.ch\/de\/wp-json\/wp\/v2\/product_cat?post=172139"},{"taxonomy":"product_tag","embeddable":true,"href":"https:\/\/lediamant.ch\/de\/wp-json\/wp\/v2\/product_tag?post=172139"}],"curies":[{"name":"wp","href":"https:\/\/api.w.org\/{rel}","templated":true}]}}