{"id":172147,"date":"2023-01-20T14:17:33","date_gmt":"2023-01-20T13:17:33","guid":{"rendered":"https:\/\/lediamant.ch\/produit\/schmuck-de\/anhanger-de\/anhaenger-buchstabe-de\/anhaenger-buchstabe-e-gelbgold-75018-kt\/"},"modified":"2026-01-21T17:44:55","modified_gmt":"2026-01-21T16:44:55","slug":"pendentif-lettre-e-or-jaune-75018-ct-5","status":"publish","type":"product","link":"https:\/\/lediamant.ch\/de\/schmuck\/172147-anhaenger-buchstabe-e-gelbgold-750-18-kt-ago1200e\/","title":{"rendered":"Anh\u00e4nger Buchstabe E aus Gelbgold 750\/18 ct."},"content":{"rendered":"<p>Dieser Anh\u00e4nger ist ein kunstvoll gestalteter Buchstabe &#8222;E&#8220; aus 750\/18 Karat Gelbgold, der einen reichen Glanz und hohe Qualit\u00e4t widerspiegelt. Sein einfaches aber elegantes Design macht ihn perfekt f\u00fcr den t\u00e4glichen Gebrauch oder um jedem Outfit einen Hauch von Raffinesse zu verleihen. Setzen Sie ein pers\u00f6nliches Statement oder machen Sie ein bedeutungsvolles Geschenk mit diesem charmanten und zeitlosen Anh\u00e4nger.  <\/p>\n","protected":false},"excerpt":{"rendered":"<p>Dieser Anh\u00e4nger ist ein kunstvoll gestalteter Buchstabe &#8222;E&#8220; aus 750\/18 Karat Gelbgold, der einen reichen Glanz und hohe Qualit\u00e4t widerspiegelt. Sein einfaches aber elegantes Design macht ihn perfekt f\u00fcr den t\u00e4glichen Gebrauch oder um jedem Outfit einen Hauch von Raffinesse zu verleihen. Setzen Sie ein pers\u00f6nliches Statement oder machen Sie ein bedeutungsvolles Geschenk mit diesem &#8230; <a title=\"Anh\u00e4nger Buchstabe E aus Gelbgold 750\/18 ct.\" class=\"read-more\" href=\"https:\/\/lediamant.ch\/de\/schmuck\/172147-anhaenger-buchstabe-e-gelbgold-750-18-kt-ago1200e\/\" aria-label=\"Mehr Informationen \u00fcber Anh\u00e4nger Buchstabe E aus Gelbgold 750\/18 ct.\">Weiterlesen &#8230;<\/a><\/p>\n","protected":false},"featured_media":217949,"template":"","meta":{"_acf_changed":false,"_seopress_robots_primary_cat":"27342","_seopress_titles_title":"","_seopress_titles_desc":"Entdecken Sie unseren Anh\u00e4nger 'E' aus 18 Karat Gelbgold, der sich perfekt f\u00fcr den t\u00e4glichen Stil oder als anspruchsvolles Geschenk eignet. Eleganz und Qualit\u00e4t sind garantiert. ","_seopress_robots_index":""},"brand":[27089],"product_brand":[],"product_cat":[27343,27121],"product_tag":[],"class_list":{"0":"post-172147","1":"product","2":"type-product","3":"status-publish","4":"has-post-thumbnail","6":"brand-gold-jewellery-de","7":"product_cat-buchstaben-anhanger","8":"product_cat-schmuck","9":"pa_dimensions-5-x-9-mm-de","10":"pa_garantie-12monate","11":"pa_genre-frau","12":"pa_genre-kind","13":"pa_genre-mann","14":"pa_matiere-75018ktgelbgold","15":"pa_motif-buchstaben","16":"sales-flash-overlay","17":"woocommerce-text-align-center","18":"woocommerce-image-align-center","19":"do-quantity-buttons","21":"first","22":"instock","23":"taxable","24":"shipping-taxable","25":"purchasable","26":"product-type-simple"},"acf":[],"_links":{"self":[{"href":"https:\/\/lediamant.ch\/de\/wp-json\/wp\/v2\/product\/172147","targetHints":{"allow":["GET"]}}],"collection":[{"href":"https:\/\/lediamant.ch\/de\/wp-json\/wp\/v2\/product"}],"about":[{"href":"https:\/\/lediamant.ch\/de\/wp-json\/wp\/v2\/types\/product"}],"wp:featuredmedia":[{"embeddable":true,"href":"https:\/\/lediamant.ch\/de\/wp-json\/wp\/v2\/media\/217949"}],"wp:attachment":[{"href":"https:\/\/lediamant.ch\/de\/wp-json\/wp\/v2\/media?parent=172147"}],"wp:term":[{"taxonomy":"brand","embeddable":true,"href":"https:\/\/lediamant.ch\/de\/wp-json\/wp\/v2\/brand?post=172147"},{"taxonomy":"product_brand","embeddable":true,"href":"https:\/\/lediamant.ch\/de\/wp-json\/wp\/v2\/product_brand?post=172147"},{"taxonomy":"product_cat","embeddable":true,"href":"https:\/\/lediamant.ch\/de\/wp-json\/wp\/v2\/product_cat?post=172147"},{"taxonomy":"product_tag","embeddable":true,"href":"https:\/\/lediamant.ch\/de\/wp-json\/wp\/v2\/product_tag?post=172147"}],"curies":[{"name":"wp","href":"https:\/\/api.w.org\/{rel}","templated":true}]}}