{"id":172151,"date":"2023-01-20T14:16:07","date_gmt":"2023-01-20T13:16:07","guid":{"rendered":"https:\/\/lediamant.ch\/produit\/schmuck-de\/anhanger-de\/anhaenger-buchstabe-de\/anhaenger-buchstabe-f-gelbgold-75018-kt\/"},"modified":"2026-01-21T17:45:32","modified_gmt":"2026-01-21T16:45:32","slug":"pendentif-lettre-f-or-jaune-75018-ct-5","status":"publish","type":"product","link":"https:\/\/lediamant.ch\/de\/schmuck\/172151-anhaenger-buchstabe-f-gelbgold-750-18-kt-ago1200f\/","title":{"rendered":"Anh\u00e4nger Buchstabe F Gelbgold 750\/18 kt."},"content":{"rendered":"<p>Dieser elegante Anh\u00e4nger in Form des Buchstabens &#8222;F&#8220; ist fein aus 750\/18 ct Gelbgold gefertigt und strahlt einen luxuri\u00f6sen Glanz aus. Er ist ideal, um Ihrer Schmuckkollektion eine pers\u00f6nliche Note zu verleihen oder um ein einzigartiges und bedeutungsvolles Geschenk zu machen. Sein zartes und minimalistisches Design macht ihn perfekt f\u00fcr den t\u00e4glichen Gebrauch oder f\u00fcr besondere Anl\u00e4sse. Dieser Anh\u00e4nger ist eine raffinierte Darstellung Ihrer Individualit\u00e4t oder kann dazu dienen, den ersten Buchstaben eines geliebten Menschen in der N\u00e4he Ihres Herzens zu halten.   <\/p>\n","protected":false},"excerpt":{"rendered":"<p>Dieser elegante Anh\u00e4nger in Form des Buchstabens &#8222;F&#8220; ist fein aus 750\/18 ct Gelbgold gefertigt und strahlt einen luxuri\u00f6sen Glanz aus. Er ist ideal, um Ihrer Schmuckkollektion eine pers\u00f6nliche Note zu verleihen oder um ein einzigartiges und bedeutungsvolles Geschenk zu machen. Sein zartes und minimalistisches Design macht ihn perfekt f\u00fcr den t\u00e4glichen Gebrauch oder f\u00fcr &#8230; <a title=\"Anh\u00e4nger Buchstabe F Gelbgold 750\/18 kt.\" class=\"read-more\" href=\"https:\/\/lediamant.ch\/de\/schmuck\/172151-anhaenger-buchstabe-f-gelbgold-750-18-kt-ago1200f\/\" aria-label=\"Mehr Informationen \u00fcber Anh\u00e4nger Buchstabe F Gelbgold 750\/18 kt.\">Weiterlesen &#8230;<\/a><\/p>\n","protected":false},"featured_media":217952,"template":"","meta":{"_acf_changed":false,"_seopress_robots_primary_cat":"27342","_seopress_titles_title":"","_seopress_titles_desc":"Entdecken Sie unseren luxuri\u00f6sen Anh\u00e4nger mit dem Buchstaben 'F' aus Gelbgold, der sich perfekt f\u00fcr eine pers\u00f6nliche Note im Alltag oder als einzigartiges Geschenk eignet.","_seopress_robots_index":""},"brand":[27089],"product_brand":[],"product_cat":[27343,27121],"product_tag":[],"class_list":{"0":"post-172151","1":"product","2":"type-product","3":"status-publish","4":"has-post-thumbnail","6":"brand-gold-jewellery-de","7":"product_cat-buchstaben-anhanger","8":"product_cat-schmuck","9":"pa_dimensions-7-x-5-mm","10":"pa_garantie-12monate","11":"pa_genre-frau","12":"pa_genre-kind","13":"pa_genre-mann","14":"pa_matiere-75018ktgelbgold","15":"pa_motif-buchstaben","16":"sales-flash-overlay","17":"woocommerce-text-align-center","18":"woocommerce-image-align-center","19":"do-quantity-buttons","21":"first","22":"instock","23":"taxable","24":"shipping-taxable","25":"purchasable","26":"product-type-simple"},"acf":[],"_links":{"self":[{"href":"https:\/\/lediamant.ch\/de\/wp-json\/wp\/v2\/product\/172151","targetHints":{"allow":["GET"]}}],"collection":[{"href":"https:\/\/lediamant.ch\/de\/wp-json\/wp\/v2\/product"}],"about":[{"href":"https:\/\/lediamant.ch\/de\/wp-json\/wp\/v2\/types\/product"}],"wp:featuredmedia":[{"embeddable":true,"href":"https:\/\/lediamant.ch\/de\/wp-json\/wp\/v2\/media\/217952"}],"wp:attachment":[{"href":"https:\/\/lediamant.ch\/de\/wp-json\/wp\/v2\/media?parent=172151"}],"wp:term":[{"taxonomy":"brand","embeddable":true,"href":"https:\/\/lediamant.ch\/de\/wp-json\/wp\/v2\/brand?post=172151"},{"taxonomy":"product_brand","embeddable":true,"href":"https:\/\/lediamant.ch\/de\/wp-json\/wp\/v2\/product_brand?post=172151"},{"taxonomy":"product_cat","embeddable":true,"href":"https:\/\/lediamant.ch\/de\/wp-json\/wp\/v2\/product_cat?post=172151"},{"taxonomy":"product_tag","embeddable":true,"href":"https:\/\/lediamant.ch\/de\/wp-json\/wp\/v2\/product_tag?post=172151"}],"curies":[{"name":"wp","href":"https:\/\/api.w.org\/{rel}","templated":true}]}}