{"id":172155,"date":"2023-01-20T14:15:49","date_gmt":"2023-01-20T13:15:49","guid":{"rendered":"https:\/\/lediamant.ch\/produit\/schmuck-de\/anhanger-de\/anhaenger-buchstabe-de\/anhaenger-buchstabe-g-gelbgold-75018-kt-5\/"},"modified":"2026-01-21T17:45:28","modified_gmt":"2026-01-21T16:45:28","slug":"pendentif-lettre-g-or-jaune-75018-ct-5","status":"publish","type":"product","link":"https:\/\/lediamant.ch\/de\/schmuck\/172155-anhanger-buchstabe-g-gelbgold-750-18-kt-ago1200g\/","title":{"rendered":"Anh\u00e4nger Buchstabe G aus Gelbgold 750\/18 ct."},"content":{"rendered":"<p>Entdecken Sie unseren Anh\u00e4nger Buchstabe G, ein elegantes und zeitloses Schmuckst\u00fcck, das Ihrem Stil eine pers\u00f6nliche Note verleiht. Dieser zarte Anh\u00e4nger ist aus 750\/18 ct Gelbgold gefertigt und f\u00fcr die Ewigkeit gemacht. Seine minimalistische Schlichtheit macht ihn perfekt, um ihn einzeln oder in Kombination mit anderen Halsketten zu tragen. Ob Sie Ihre Initiale, die Initiale eines geliebten Menschen oder einfach nur den Buchstaben lieben, dieser Anh\u00e4nger ist eine wundersch\u00f6ne und bedeutungsvolle Wahl.   <\/p>\n","protected":false},"excerpt":{"rendered":"<p><\/p>\n","protected":false},"featured_media":217954,"template":"","meta":{"_acf_changed":false,"_seopress_robots_primary_cat":"27342","_seopress_titles_title":"","_seopress_titles_desc":"Entdecken Sie den Anh\u00e4nger Buchstabe G, ein elegantes und zeitloses Schmuckst\u00fcck aus Gelbgold, das perfekt ist, um Ihrem Stil eine pers\u00f6nliche Note zu verleihen.","_seopress_robots_index":""},"brand":[27089],"product_brand":[],"product_cat":[27343,27121],"product_tag":[],"class_list":{"0":"post-172155","1":"product","2":"type-product","3":"status-publish","4":"has-post-thumbnail","6":"brand-gold-jewellery-de","7":"product_cat-buchstaben-anhanger","8":"product_cat-schmuck","9":"pa_dimensions-7-x-6-mm","10":"pa_garantie-12monate","11":"pa_genre-frau","12":"pa_genre-kind","13":"pa_genre-mann","14":"pa_matiere-75018ktgelbgold","15":"pa_motif-buchstaben","16":"sales-flash-overlay","17":"woocommerce-text-align-center","18":"woocommerce-image-align-center","19":"do-quantity-buttons","21":"first","22":"instock","23":"taxable","24":"shipping-taxable","25":"purchasable","26":"product-type-simple"},"acf":[],"_links":{"self":[{"href":"https:\/\/lediamant.ch\/de\/wp-json\/wp\/v2\/product\/172155","targetHints":{"allow":["GET"]}}],"collection":[{"href":"https:\/\/lediamant.ch\/de\/wp-json\/wp\/v2\/product"}],"about":[{"href":"https:\/\/lediamant.ch\/de\/wp-json\/wp\/v2\/types\/product"}],"wp:featuredmedia":[{"embeddable":true,"href":"https:\/\/lediamant.ch\/de\/wp-json\/wp\/v2\/media\/217954"}],"wp:attachment":[{"href":"https:\/\/lediamant.ch\/de\/wp-json\/wp\/v2\/media?parent=172155"}],"wp:term":[{"taxonomy":"brand","embeddable":true,"href":"https:\/\/lediamant.ch\/de\/wp-json\/wp\/v2\/brand?post=172155"},{"taxonomy":"product_brand","embeddable":true,"href":"https:\/\/lediamant.ch\/de\/wp-json\/wp\/v2\/product_brand?post=172155"},{"taxonomy":"product_cat","embeddable":true,"href":"https:\/\/lediamant.ch\/de\/wp-json\/wp\/v2\/product_cat?post=172155"},{"taxonomy":"product_tag","embeddable":true,"href":"https:\/\/lediamant.ch\/de\/wp-json\/wp\/v2\/product_tag?post=172155"}],"curies":[{"name":"wp","href":"https:\/\/api.w.org\/{rel}","templated":true}]}}