{"id":172159,"date":"2023-01-20T14:14:29","date_gmt":"2023-01-20T13:14:29","guid":{"rendered":"https:\/\/lediamant.ch\/produit\/schmuck-de\/anhanger-de\/anhaenger-buchstabe-de\/anhaenger-buchstabe-h-gelbgold-75018-kt\/"},"modified":"2026-01-21T17:46:01","modified_gmt":"2026-01-21T16:46:01","slug":"pendentif-lettre-h-or-jaune-75018-ct-5","status":"publish","type":"product","link":"https:\/\/lediamant.ch\/de\/schmuck\/172159-anhaenger-buchstabe-h-gelbgold-750-18-kt-ago1200h\/","title":{"rendered":"Anh\u00e4nger Buchstabe H aus Gelbgold 750\/18 ct."},"content":{"rendered":"<p>Dieser elegante Anh\u00e4nger in Form des Buchstabens &#8222;H&#8220; ist ein Symbol f\u00fcr diskreten Luxus. Er ist aus 750\/18 ct Gelbgold gefertigt und hat einen feinen Glanz, der die Blicke auf sich zieht. Sein minimalistisches und doch raffiniertes Design macht ihn zu einer perfekten Wahl f\u00fcr den t\u00e4glichen Gebrauch oder f\u00fcr besondere Anl\u00e4sse. Ob Sie Ihre Initiale oder die eines geliebten Menschen darstellen m\u00f6chten, dieser Anh\u00e4nger ist ein zeitloses Schmuckst\u00fcck, das Ihrer Sammlung eine pers\u00f6nliche Note verleiht.   <\/p>\n","protected":false},"excerpt":{"rendered":"<p>Dieser elegante Anh\u00e4nger in Form des Buchstabens &#8222;H&#8220; ist ein Symbol f\u00fcr diskreten Luxus. Er ist aus 750\/18 ct Gelbgold gefertigt und hat einen feinen Glanz, der die Blicke auf sich zieht. Sein minimalistisches und doch raffiniertes Design macht ihn zu einer perfekten Wahl f\u00fcr den t\u00e4glichen Gebrauch oder f\u00fcr besondere Anl\u00e4sse. Ob Sie Ihre &#8230; <a title=\"Anh\u00e4nger Buchstabe H aus Gelbgold 750\/18 ct.\" class=\"read-more\" href=\"https:\/\/lediamant.ch\/de\/schmuck\/172159-anhaenger-buchstabe-h-gelbgold-750-18-kt-ago1200h\/\" aria-label=\"Mehr Informationen \u00fcber Anh\u00e4nger Buchstabe H aus Gelbgold 750\/18 ct.\">Weiterlesen &#8230;<\/a><\/p>\n","protected":false},"featured_media":218396,"template":"","meta":{"_acf_changed":false,"_seopress_robots_primary_cat":"27342","_seopress_titles_title":"","_seopress_titles_desc":"Entdecken Sie den Glanz des 18 ct Gelbgold-H-Anh\u00e4ngers. Perfekt f\u00fcr den Alltag oder besondere Anl\u00e4sse. Ein zeitloses Symbol des Luxus.","_seopress_robots_index":""},"brand":[27089],"product_brand":[],"product_cat":[27343,27121],"product_tag":[],"class_list":{"0":"post-172159","1":"product","2":"type-product","3":"status-publish","4":"has-post-thumbnail","6":"brand-gold-jewellery-de","7":"product_cat-buchstaben-anhanger","8":"product_cat-schmuck","9":"pa_dimensions-7-x-6-mm","10":"pa_garantie-12monate","11":"pa_genre-frau","12":"pa_genre-kind","13":"pa_genre-mann","14":"pa_matiere-75018ktgelbgold","15":"pa_motif-buchstaben","16":"sales-flash-overlay","17":"woocommerce-text-align-center","18":"woocommerce-image-align-center","19":"do-quantity-buttons","21":"first","22":"instock","23":"taxable","24":"shipping-taxable","25":"purchasable","26":"product-type-simple"},"acf":[],"_links":{"self":[{"href":"https:\/\/lediamant.ch\/de\/wp-json\/wp\/v2\/product\/172159","targetHints":{"allow":["GET"]}}],"collection":[{"href":"https:\/\/lediamant.ch\/de\/wp-json\/wp\/v2\/product"}],"about":[{"href":"https:\/\/lediamant.ch\/de\/wp-json\/wp\/v2\/types\/product"}],"wp:featuredmedia":[{"embeddable":true,"href":"https:\/\/lediamant.ch\/de\/wp-json\/wp\/v2\/media\/218396"}],"wp:attachment":[{"href":"https:\/\/lediamant.ch\/de\/wp-json\/wp\/v2\/media?parent=172159"}],"wp:term":[{"taxonomy":"brand","embeddable":true,"href":"https:\/\/lediamant.ch\/de\/wp-json\/wp\/v2\/brand?post=172159"},{"taxonomy":"product_brand","embeddable":true,"href":"https:\/\/lediamant.ch\/de\/wp-json\/wp\/v2\/product_brand?post=172159"},{"taxonomy":"product_cat","embeddable":true,"href":"https:\/\/lediamant.ch\/de\/wp-json\/wp\/v2\/product_cat?post=172159"},{"taxonomy":"product_tag","embeddable":true,"href":"https:\/\/lediamant.ch\/de\/wp-json\/wp\/v2\/product_tag?post=172159"}],"curies":[{"name":"wp","href":"https:\/\/api.w.org\/{rel}","templated":true}]}}