{"id":172167,"date":"2023-01-20T14:12:38","date_gmt":"2023-01-20T13:12:38","guid":{"rendered":"https:\/\/lediamant.ch\/produit\/schmuck-de\/anhanger-de\/anhaenger-buchstabe-de\/anhaenger-buchstabe-j-gelbgold-75018-kt-3\/"},"modified":"2026-01-21T17:45:55","modified_gmt":"2026-01-21T16:45:55","slug":"pendentif-lettre-j-or-jaune-75018-ct-5","status":"publish","type":"product","link":"https:\/\/lediamant.ch\/de\/schmuck\/172167-anhaenger-buchstabe-j-gelbgold-750-18-kt-ago1200j\/","title":{"rendered":"Anh\u00e4nger Buchstabe J aus Gelbgold 750\/18 ct."},"content":{"rendered":"<p>Dieser Anh\u00e4nger in Form des Buchstabens &#8222;J&#8220; ist ein zartes und elegantes Schmuckst\u00fcck. Er ist aus 750\/18 ct Gelbgold gefertigt und verleiht jedem Outfit einen Hauch von Raffinesse. Sein einfaches und klares Design macht ihn modern und zeitlos. Es ist das perfekte Geschenk f\u00fcr eine besondere Person, deren Vorname mit dem Buchstaben &#8222;J&#8220; beginnt oder f\u00fcr jemanden, der ein pers\u00f6nliches und bedeutungsvolles Symbol tragen m\u00f6chte.   <\/p>\n","protected":false},"excerpt":{"rendered":"<p>Dieser Anh\u00e4nger in Form des Buchstabens &#8222;J&#8220; ist ein zartes und elegantes Schmuckst\u00fcck. Er ist aus 750\/18 ct Gelbgold gefertigt und verleiht jedem Outfit einen Hauch von Raffinesse. Sein einfaches und klares Design macht ihn modern und zeitlos. Es ist das perfekte Geschenk f\u00fcr eine besondere Person, deren Vorname mit dem Buchstaben &#8222;J&#8220; beginnt oder &#8230; <a title=\"Anh\u00e4nger Buchstabe J aus Gelbgold 750\/18 ct.\" class=\"read-more\" href=\"https:\/\/lediamant.ch\/de\/schmuck\/172167-anhaenger-buchstabe-j-gelbgold-750-18-kt-ago1200j\/\" aria-label=\"Mehr Informationen \u00fcber Anh\u00e4nger Buchstabe J aus Gelbgold 750\/18 ct.\">Weiterlesen &#8230;<\/a><\/p>\n","protected":false},"featured_media":218432,"template":"","meta":{"_acf_changed":false,"_seopress_robots_primary_cat":"27342","_seopress_titles_title":"","_seopress_titles_desc":"Entdecken Sie unseren Anh\u00e4nger 'J' aus 750\/18 ct Gelbgold, ein elegantes Schmuckst\u00fcck, das Ihrem Stil einen Hauch von Luxus und Zeitlosigkeit verleiht.","_seopress_robots_index":""},"brand":[27089],"product_brand":[],"product_cat":[27343,27121],"product_tag":[],"class_list":{"0":"post-172167","1":"product","2":"type-product","3":"status-publish","4":"has-post-thumbnail","6":"brand-gold-jewellery-de","7":"product_cat-buchstaben-anhanger","8":"product_cat-schmuck","9":"pa_dimensions-4-x-9mm","10":"pa_garantie-12monate","11":"pa_genre-frau","12":"pa_genre-kind","13":"pa_genre-mann","14":"pa_matiere-75018ktgelbgold","15":"pa_motif-buchstaben","16":"sales-flash-overlay","17":"woocommerce-text-align-center","18":"woocommerce-image-align-center","19":"do-quantity-buttons","21":"first","22":"instock","23":"taxable","24":"shipping-taxable","25":"purchasable","26":"product-type-simple"},"acf":[],"_links":{"self":[{"href":"https:\/\/lediamant.ch\/de\/wp-json\/wp\/v2\/product\/172167","targetHints":{"allow":["GET"]}}],"collection":[{"href":"https:\/\/lediamant.ch\/de\/wp-json\/wp\/v2\/product"}],"about":[{"href":"https:\/\/lediamant.ch\/de\/wp-json\/wp\/v2\/types\/product"}],"wp:featuredmedia":[{"embeddable":true,"href":"https:\/\/lediamant.ch\/de\/wp-json\/wp\/v2\/media\/218432"}],"wp:attachment":[{"href":"https:\/\/lediamant.ch\/de\/wp-json\/wp\/v2\/media?parent=172167"}],"wp:term":[{"taxonomy":"brand","embeddable":true,"href":"https:\/\/lediamant.ch\/de\/wp-json\/wp\/v2\/brand?post=172167"},{"taxonomy":"product_brand","embeddable":true,"href":"https:\/\/lediamant.ch\/de\/wp-json\/wp\/v2\/product_brand?post=172167"},{"taxonomy":"product_cat","embeddable":true,"href":"https:\/\/lediamant.ch\/de\/wp-json\/wp\/v2\/product_cat?post=172167"},{"taxonomy":"product_tag","embeddable":true,"href":"https:\/\/lediamant.ch\/de\/wp-json\/wp\/v2\/product_tag?post=172167"}],"curies":[{"name":"wp","href":"https:\/\/api.w.org\/{rel}","templated":true}]}}