{"id":172175,"date":"2023-01-20T14:11:38","date_gmt":"2023-01-20T13:11:38","guid":{"rendered":"https:\/\/lediamant.ch\/produit\/schmuck-de\/anhanger-de\/anhaenger-buchstabe-de\/anhaenger-buchstabe-l-gelbgold-75018-kt\/"},"modified":"2026-01-21T17:46:19","modified_gmt":"2026-01-21T16:46:19","slug":"pendentif-lettre-l-or-jaune-75018-ct-4","status":"publish","type":"product","link":"https:\/\/lediamant.ch\/de\/schmuck\/172175-anhaenger-buchstabe-l-gelbgold-750-18-kt-ago1200l\/","title":{"rendered":"Anh\u00e4nger Buchstabe L aus Gelbgold 750\/18 ct."},"content":{"rendered":"<p>Dieser bezaubernde Anh\u00e4nger in Form des Buchstabens &#8222;L&#8220; ist aus 750\/18 ct Gelbgold gefertigt und bietet eine gl\u00e4nzende und elegante Oberfl\u00e4che. Perfekt f\u00fcr den t\u00e4glichen Gebrauch oder f\u00fcr besondere Anl\u00e4sse, ist dieser Anh\u00e4nger eine charmante M\u00f6glichkeit, Ihre Individualit\u00e4t auszudr\u00fccken oder ein pers\u00f6nliches Geschenk zu machen. Mit seinem feinen Design und der hohen Qualit\u00e4t verleiht er jedem Outfit einen Hauch von Eleganz.  <\/p>\n","protected":false},"excerpt":{"rendered":"<p>Dieser bezaubernde Anh\u00e4nger in Form des Buchstabens &#8222;L&#8220; ist aus 750\/18 ct Gelbgold gefertigt und bietet eine gl\u00e4nzende und elegante Oberfl\u00e4che. Perfekt f\u00fcr den t\u00e4glichen Gebrauch oder f\u00fcr besondere Anl\u00e4sse, ist dieser Anh\u00e4nger eine charmante M\u00f6glichkeit, Ihre Individualit\u00e4t auszudr\u00fccken oder ein pers\u00f6nliches Geschenk zu machen. Mit seinem feinen Design und der hohen Qualit\u00e4t verleiht er &#8230; <a title=\"Anh\u00e4nger Buchstabe L aus Gelbgold 750\/18 ct.\" class=\"read-more\" href=\"https:\/\/lediamant.ch\/de\/schmuck\/172175-anhaenger-buchstabe-l-gelbgold-750-18-kt-ago1200l\/\" aria-label=\"Mehr Informationen \u00fcber Anh\u00e4nger Buchstabe L aus Gelbgold 750\/18 ct.\">Weiterlesen &#8230;<\/a><\/p>\n","protected":false},"featured_media":218419,"template":"","meta":{"_acf_changed":false,"_seopress_robots_primary_cat":"27342","_seopress_titles_title":"","_seopress_titles_desc":"Entdecken Sie unseren Anh\u00e4nger mit dem Buchstaben 'L' aus 750\/18 ct Gelbgold, der sich perfekt f\u00fcr den t\u00e4glichen Look oder einen besonderen Anlass eignet. Eleganz ist garantiert. ","_seopress_robots_index":""},"brand":[27089],"product_brand":[],"product_cat":[27343,27121],"product_tag":[],"class_list":{"0":"post-172175","1":"product","2":"type-product","3":"status-publish","4":"has-post-thumbnail","6":"brand-gold-jewellery-de","7":"product_cat-buchstaben-anhanger","8":"product_cat-schmuck","9":"pa_dimensions-7-x-4-mm","10":"pa_garantie-12monate","11":"pa_genre-frau","12":"pa_genre-kind","13":"pa_genre-mann","14":"pa_matiere-75018ktgelbgold","15":"pa_motif-buchstaben","16":"sales-flash-overlay","17":"woocommerce-text-align-center","18":"woocommerce-image-align-center","19":"do-quantity-buttons","21":"first","22":"outofstock","23":"taxable","24":"shipping-taxable","25":"purchasable","26":"product-type-simple"},"acf":[],"_links":{"self":[{"href":"https:\/\/lediamant.ch\/de\/wp-json\/wp\/v2\/product\/172175","targetHints":{"allow":["GET"]}}],"collection":[{"href":"https:\/\/lediamant.ch\/de\/wp-json\/wp\/v2\/product"}],"about":[{"href":"https:\/\/lediamant.ch\/de\/wp-json\/wp\/v2\/types\/product"}],"wp:featuredmedia":[{"embeddable":true,"href":"https:\/\/lediamant.ch\/de\/wp-json\/wp\/v2\/media\/218419"}],"wp:attachment":[{"href":"https:\/\/lediamant.ch\/de\/wp-json\/wp\/v2\/media?parent=172175"}],"wp:term":[{"taxonomy":"brand","embeddable":true,"href":"https:\/\/lediamant.ch\/de\/wp-json\/wp\/v2\/brand?post=172175"},{"taxonomy":"product_brand","embeddable":true,"href":"https:\/\/lediamant.ch\/de\/wp-json\/wp\/v2\/product_brand?post=172175"},{"taxonomy":"product_cat","embeddable":true,"href":"https:\/\/lediamant.ch\/de\/wp-json\/wp\/v2\/product_cat?post=172175"},{"taxonomy":"product_tag","embeddable":true,"href":"https:\/\/lediamant.ch\/de\/wp-json\/wp\/v2\/product_tag?post=172175"}],"curies":[{"name":"wp","href":"https:\/\/api.w.org\/{rel}","templated":true}]}}