{"id":172179,"date":"2023-01-20T14:10:52","date_gmt":"2023-01-20T13:10:52","guid":{"rendered":"https:\/\/lediamant.ch\/produit\/schmuck-de\/anhanger-de\/anhaenger-buchstabe-de\/anhaenger-buchstabe-m-gelbgold-75018-kt\/"},"modified":"2026-01-21T17:46:53","modified_gmt":"2026-01-21T16:46:53","slug":"pendentif-lettre-m-or-jaune-75018-ct-4","status":"publish","type":"product","link":"https:\/\/lediamant.ch\/de\/schmuck\/172179-anhanger-buchstabe-m-gelbgold-750-18-kt-ago1200m\/","title":{"rendered":"Anh\u00e4nger Buchstabe M Gelbgold 750\/18 ct."},"content":{"rendered":"<p>Dieser Anh\u00e4nger ist eine zarte Darstellung des Buchstabens &#8222;M&#8220;, die aus 750\/18 ct Gelbgold gefertigt wurde und einen unvergleichlichen Glanz bietet. Sein minimalistisches und elegantes Design macht ihn perfekt f\u00fcr den t\u00e4glichen Gebrauch oder f\u00fcr besondere Anl\u00e4sse. Er ist auch ein ideales Geschenk f\u00fcr einen geliebten Menschen, dessen Vorname, Nachname oder Spitzname mit diesem Buchstaben beginnt. Der Anh\u00e4nger wird ohne Kette geliefert, so dass Sie ihn mit der Kette Ihrer Wahl personalisieren k\u00f6nnen.   <\/p>\n","protected":false},"excerpt":{"rendered":"<p>Dieser Anh\u00e4nger ist eine zarte Darstellung des Buchstabens &#8222;M&#8220;, die aus 750\/18 ct Gelbgold gefertigt wurde und einen unvergleichlichen Glanz bietet. Sein minimalistisches und elegantes Design macht ihn perfekt f\u00fcr den t\u00e4glichen Gebrauch oder f\u00fcr besondere Anl\u00e4sse. Er ist auch ein ideales Geschenk f\u00fcr einen geliebten Menschen, dessen Vorname, Nachname oder Spitzname mit diesem Buchstaben &#8230; <a title=\"Anh\u00e4nger Buchstabe M Gelbgold 750\/18 ct.\" class=\"read-more\" href=\"https:\/\/lediamant.ch\/de\/schmuck\/172179-anhanger-buchstabe-m-gelbgold-750-18-kt-ago1200m\/\" aria-label=\"Mehr Informationen \u00fcber Anh\u00e4nger Buchstabe M Gelbgold 750\/18 ct.\">Weiterlesen &#8230;<\/a><\/p>\n","protected":false},"featured_media":218451,"template":"","meta":{"_acf_changed":false,"_seopress_robots_primary_cat":"27342","_seopress_titles_title":"","_seopress_titles_desc":"Entdecken Sie diesen Anh\u00e4nger 'M' aus 18 Karat Gelbgold, der sich perfekt f\u00fcr den Alltag oder besondere Anl\u00e4sse eignet. Ein ideales Geschenk f\u00fcr Ihre Lieben. ","_seopress_robots_index":""},"brand":[27089],"product_brand":[],"product_cat":[27343,27121],"product_tag":[],"class_list":{"0":"post-172179","1":"product","2":"type-product","3":"status-publish","4":"has-post-thumbnail","6":"brand-gold-jewellery-de","7":"product_cat-buchstaben-anhanger","8":"product_cat-schmuck","9":"pa_dimensions-7-x-7-mm","10":"pa_garantie-12monate","11":"pa_genre-frau","12":"pa_genre-kind","13":"pa_genre-mann","14":"pa_matiere-75018ktgelbgold","15":"pa_motif-buchstaben","16":"sales-flash-overlay","17":"woocommerce-text-align-center","18":"woocommerce-image-align-center","19":"do-quantity-buttons","21":"first","22":"instock","23":"taxable","24":"shipping-taxable","25":"purchasable","26":"product-type-simple"},"acf":[],"_links":{"self":[{"href":"https:\/\/lediamant.ch\/de\/wp-json\/wp\/v2\/product\/172179","targetHints":{"allow":["GET"]}}],"collection":[{"href":"https:\/\/lediamant.ch\/de\/wp-json\/wp\/v2\/product"}],"about":[{"href":"https:\/\/lediamant.ch\/de\/wp-json\/wp\/v2\/types\/product"}],"wp:featuredmedia":[{"embeddable":true,"href":"https:\/\/lediamant.ch\/de\/wp-json\/wp\/v2\/media\/218451"}],"wp:attachment":[{"href":"https:\/\/lediamant.ch\/de\/wp-json\/wp\/v2\/media?parent=172179"}],"wp:term":[{"taxonomy":"brand","embeddable":true,"href":"https:\/\/lediamant.ch\/de\/wp-json\/wp\/v2\/brand?post=172179"},{"taxonomy":"product_brand","embeddable":true,"href":"https:\/\/lediamant.ch\/de\/wp-json\/wp\/v2\/product_brand?post=172179"},{"taxonomy":"product_cat","embeddable":true,"href":"https:\/\/lediamant.ch\/de\/wp-json\/wp\/v2\/product_cat?post=172179"},{"taxonomy":"product_tag","embeddable":true,"href":"https:\/\/lediamant.ch\/de\/wp-json\/wp\/v2\/product_tag?post=172179"}],"curies":[{"name":"wp","href":"https:\/\/api.w.org\/{rel}","templated":true}]}}