{"id":172183,"date":"2023-01-20T14:09:11","date_gmt":"2023-01-20T13:09:11","guid":{"rendered":"https:\/\/lediamant.ch\/produit\/schmuck-de\/anhanger-de\/anhaenger-buchstabe-de\/anhaenger-buchstabe-n-gelbgold-75018-kt-4\/"},"modified":"2026-01-21T17:46:51","modified_gmt":"2026-01-21T16:46:51","slug":"pendentif-lettre-n-or-jaune-75018-ct-4","status":"publish","type":"product","link":"https:\/\/lediamant.ch\/de\/schmuck\/172183-anhaenger-buchstabe-n-gelbgold-750-18-kt-ago1200n\/","title":{"rendered":"Anh\u00e4nger Buchstabe N Gelbgold 750\/18 ct."},"content":{"rendered":"<p>Dieser elegante Anh\u00e4nger in Form des Buchstabens &#8222;N&#8220; ist die perfekte Wahl f\u00fcr ein pers\u00f6nliches Schmuckst\u00fcck. Er wurde aus hochwertigem 750\/18 ct Gelbgold gefertigt und erstrahlt in einem warmen und luxuri\u00f6sen Glanz. Sein feines Design und sein minimalistischer Stil machen es zu einem Schmuckst\u00fcck f\u00fcr jeden Anlass, ob Sie es nun mit einem legeren oder formellen Outfit kombinieren. Ein durchdachtes und gef\u00fchlvolles Geschenk f\u00fcr sich selbst oder einen geliebten Menschen.   <\/p>\n","protected":false},"excerpt":{"rendered":"<p>Dieser elegante Anh\u00e4nger in Form des Buchstabens &#8222;N&#8220; ist die perfekte Wahl f\u00fcr ein pers\u00f6nliches Schmuckst\u00fcck. Er wurde aus hochwertigem 750\/18 ct Gelbgold gefertigt und erstrahlt in einem warmen und luxuri\u00f6sen Glanz. Sein feines Design und sein minimalistischer Stil machen es zu einem Schmuckst\u00fcck f\u00fcr jeden Anlass, ob Sie es nun mit einem legeren oder &#8230; <a title=\"Anh\u00e4nger Buchstabe N Gelbgold 750\/18 ct.\" class=\"read-more\" href=\"https:\/\/lediamant.ch\/de\/schmuck\/172183-anhaenger-buchstabe-n-gelbgold-750-18-kt-ago1200n\/\" aria-label=\"Mehr Informationen \u00fcber Anh\u00e4nger Buchstabe N Gelbgold 750\/18 ct.\">Weiterlesen &#8230;<\/a><\/p>\n","protected":false},"featured_media":218457,"template":"","meta":{"_acf_changed":false,"_seopress_robots_primary_cat":"27342","_seopress_titles_title":"","_seopress_titles_desc":"Entdecken Sie unseren Anh\u00e4nger mit dem Buchstaben 'N' aus 18 Karat Gelbgold, der perfekt f\u00fcr jeden Anlass und ein ideales Geschenk ist. Eleganz und Luxus garantiert. ","_seopress_robots_index":""},"brand":[27089],"product_brand":[],"product_cat":[27343,27121],"product_tag":[],"class_list":{"0":"post-172183","1":"product","2":"type-product","3":"status-publish","4":"has-post-thumbnail","6":"brand-gold-jewellery-de","7":"product_cat-buchstaben-anhanger","8":"product_cat-schmuck","9":"pa_dimensions-6-x-9-mm-de","10":"pa_garantie-12monate","11":"pa_genre-frau","12":"pa_genre-kind","13":"pa_genre-mann","14":"pa_matiere-75018ktgelbgold","15":"sales-flash-overlay","16":"woocommerce-text-align-center","17":"woocommerce-image-align-center","18":"do-quantity-buttons","20":"first","21":"instock","22":"taxable","23":"shipping-taxable","24":"purchasable","25":"product-type-simple"},"acf":[],"_links":{"self":[{"href":"https:\/\/lediamant.ch\/de\/wp-json\/wp\/v2\/product\/172183","targetHints":{"allow":["GET"]}}],"collection":[{"href":"https:\/\/lediamant.ch\/de\/wp-json\/wp\/v2\/product"}],"about":[{"href":"https:\/\/lediamant.ch\/de\/wp-json\/wp\/v2\/types\/product"}],"wp:featuredmedia":[{"embeddable":true,"href":"https:\/\/lediamant.ch\/de\/wp-json\/wp\/v2\/media\/218457"}],"wp:attachment":[{"href":"https:\/\/lediamant.ch\/de\/wp-json\/wp\/v2\/media?parent=172183"}],"wp:term":[{"taxonomy":"brand","embeddable":true,"href":"https:\/\/lediamant.ch\/de\/wp-json\/wp\/v2\/brand?post=172183"},{"taxonomy":"product_brand","embeddable":true,"href":"https:\/\/lediamant.ch\/de\/wp-json\/wp\/v2\/product_brand?post=172183"},{"taxonomy":"product_cat","embeddable":true,"href":"https:\/\/lediamant.ch\/de\/wp-json\/wp\/v2\/product_cat?post=172183"},{"taxonomy":"product_tag","embeddable":true,"href":"https:\/\/lediamant.ch\/de\/wp-json\/wp\/v2\/product_tag?post=172183"}],"curies":[{"name":"wp","href":"https:\/\/api.w.org\/{rel}","templated":true}]}}