{"id":172191,"date":"2023-01-20T14:07:34","date_gmt":"2023-01-20T13:07:34","guid":{"rendered":"https:\/\/lediamant.ch\/produit\/schmuck-de\/anhanger-de\/anhaenger-buchstabe-de\/anhaenger-buchstabe-p-gelbgold-75018-kt\/"},"modified":"2026-01-21T17:51:02","modified_gmt":"2026-01-21T16:51:02","slug":"pendentif-lettre-p-or-jaune-75018-ct-5","status":"publish","type":"product","link":"https:\/\/lediamant.ch\/de\/schmuck\/172191-anhaenger-buchstabe-p-gelbgold-750-18-kt-ago1200p\/","title":{"rendered":"Anh\u00e4nger Buchstabe P aus Gelbgold 750\/18 ct."},"content":{"rendered":"<p>Dieser elegante Anh\u00e4nger in Form des Buchstabens &#8222;P&#8220; ist fein aus 750\/18 ct Gelbgold gefertigt und bietet einen unverkennbaren luxuri\u00f6sen Glanz. Sein zartes Design und die gl\u00e4nzende Oberfl\u00e4che machen ihn zur perfekten Wahl f\u00fcr ein allt\u00e4gliches Schmuckst\u00fcck oder einen Hauch von Raffinesse f\u00fcr Ihr besonderes Outfit. Ob Sie Ihre Initiale oder die eines geliebten Menschen darstellen m\u00f6chten, dieser Anh\u00e4nger ist ein pers\u00f6nlicher Ausdruck von Stil und Eleganz.  <\/p>\n","protected":false},"excerpt":{"rendered":"<p>Dieser elegante Anh\u00e4nger in Form des Buchstabens &#8222;P&#8220; ist fein aus 750\/18 ct Gelbgold gefertigt und bietet einen unverkennbaren luxuri\u00f6sen Glanz. Sein zartes Design und die gl\u00e4nzende Oberfl\u00e4che machen ihn zur perfekten Wahl f\u00fcr ein allt\u00e4gliches Schmuckst\u00fcck oder einen Hauch von Raffinesse f\u00fcr Ihr besonderes Outfit. Ob Sie Ihre Initiale oder die eines geliebten Menschen &#8230; <a title=\"Anh\u00e4nger Buchstabe P aus Gelbgold 750\/18 ct.\" class=\"read-more\" href=\"https:\/\/lediamant.ch\/de\/schmuck\/172191-anhaenger-buchstabe-p-gelbgold-750-18-kt-ago1200p\/\" aria-label=\"Mehr Informationen \u00fcber Anh\u00e4nger Buchstabe P aus Gelbgold 750\/18 ct.\">Weiterlesen &#8230;<\/a><\/p>\n","protected":false},"featured_media":218551,"template":"","meta":{"_acf_changed":false,"_seopress_robots_primary_cat":"27342","_seopress_titles_title":"","_seopress_titles_desc":"Entdecken Sie den luxuri\u00f6sen Glanz des Anh\u00e4ngers aus 18 Karat Gelbgold in Form eines 'P'. Ein elegantes Schmuckst\u00fcck f\u00fcr jeden Tag oder eine raffinierte Note f\u00fcr besondere Anl\u00e4sse. ","_seopress_robots_index":""},"brand":[27089],"product_brand":[],"product_cat":[27343,27121],"product_tag":[],"class_list":{"0":"post-172191","1":"product","2":"type-product","3":"status-publish","4":"has-post-thumbnail","6":"brand-gold-jewellery-de","7":"product_cat-buchstaben-anhanger","8":"product_cat-schmuck","9":"pa_dimensions-5-x-9-mm-de","10":"pa_garantie-12monate","11":"pa_genre-frau","12":"pa_genre-kind","13":"pa_genre-mann","14":"pa_matiere-75018ktgelbgold","15":"pa_motif-buchstaben","16":"sales-flash-overlay","17":"woocommerce-text-align-center","18":"woocommerce-image-align-center","19":"do-quantity-buttons","21":"first","22":"instock","23":"taxable","24":"shipping-taxable","25":"purchasable","26":"product-type-simple"},"acf":[],"_links":{"self":[{"href":"https:\/\/lediamant.ch\/de\/wp-json\/wp\/v2\/product\/172191","targetHints":{"allow":["GET"]}}],"collection":[{"href":"https:\/\/lediamant.ch\/de\/wp-json\/wp\/v2\/product"}],"about":[{"href":"https:\/\/lediamant.ch\/de\/wp-json\/wp\/v2\/types\/product"}],"wp:featuredmedia":[{"embeddable":true,"href":"https:\/\/lediamant.ch\/de\/wp-json\/wp\/v2\/media\/218551"}],"wp:attachment":[{"href":"https:\/\/lediamant.ch\/de\/wp-json\/wp\/v2\/media?parent=172191"}],"wp:term":[{"taxonomy":"brand","embeddable":true,"href":"https:\/\/lediamant.ch\/de\/wp-json\/wp\/v2\/brand?post=172191"},{"taxonomy":"product_brand","embeddable":true,"href":"https:\/\/lediamant.ch\/de\/wp-json\/wp\/v2\/product_brand?post=172191"},{"taxonomy":"product_cat","embeddable":true,"href":"https:\/\/lediamant.ch\/de\/wp-json\/wp\/v2\/product_cat?post=172191"},{"taxonomy":"product_tag","embeddable":true,"href":"https:\/\/lediamant.ch\/de\/wp-json\/wp\/v2\/product_tag?post=172191"}],"curies":[{"name":"wp","href":"https:\/\/api.w.org\/{rel}","templated":true}]}}