{"id":172195,"date":"2023-01-20T14:06:41","date_gmt":"2023-01-20T13:06:41","guid":{"rendered":"https:\/\/lediamant.ch\/produit\/schmuck-de\/anhanger-de\/anhaenger-buchstabe-de\/anhaenger-buchstabe-q-gelbgold-75018-kt\/"},"modified":"2026-01-21T17:50:59","modified_gmt":"2026-01-21T16:50:59","slug":"anhaenger-buchstabe-q-gelbgold-750-18-kt","status":"publish","type":"product","link":"https:\/\/lediamant.ch\/de\/schmuck\/172195-anhaenger-buchstabe-q-gelbgold-750-18-kt-ago1200q\/","title":{"rendered":"Anh\u00e4nger Buchstabe Q Gelbgold 750\/18 kt."},"content":{"rendered":"<p>Entdecken Sie unseren Anh\u00e4nger mit dem Buchstaben Q, der sorgf\u00e4ltig aus 750\/18 ct Gelbgold gefertigt wurde. Dieses elegante und raffinierte Schmuckst\u00fcck ist der perfekte Ausdruck Ihrer Pers\u00f6nlichkeit oder der eines geliebten Menschen. Der Buchstabe Q ist fein geformt und verleiht diesem Anh\u00e4nger ein klassisches und zeitloses Aussehen. Sie k\u00f6nnen ihn einzeln f\u00fcr einen minimalistischen Effekt oder in Kombination mit anderen Anh\u00e4ngern f\u00fcr einen gewagteren Look tragen. Verw\u00f6hnen Sie sich selbst oder verschenken Sie ihn zu einem besonderen Anlass.    <\/p>\n","protected":false},"excerpt":{"rendered":"<p>Entdecken Sie unseren Anh\u00e4nger mit dem Buchstaben Q, der sorgf\u00e4ltig aus 750\/18 ct Gelbgold gefertigt wurde. Dieses elegante und raffinierte Schmuckst\u00fcck ist der perfekte Ausdruck Ihrer Pers\u00f6nlichkeit oder der eines geliebten Menschen. Der Buchstabe Q ist fein geformt und verleiht diesem Anh\u00e4nger ein klassisches und zeitloses Aussehen. Sie k\u00f6nnen ihn einzeln f\u00fcr einen minimalistischen Effekt &#8230; <a title=\"Anh\u00e4nger Buchstabe Q Gelbgold 750\/18 kt.\" class=\"read-more\" href=\"https:\/\/lediamant.ch\/de\/schmuck\/172195-anhaenger-buchstabe-q-gelbgold-750-18-kt-ago1200q\/\" aria-label=\"Mehr Informationen \u00fcber Anh\u00e4nger Buchstabe Q Gelbgold 750\/18 kt.\">Weiterlesen &#8230;<\/a><\/p>\n","protected":false},"featured_media":218768,"template":"","meta":{"_acf_changed":false,"_seopress_robots_primary_cat":"27342","_seopress_titles_title":"","_seopress_titles_desc":"Veredeln Sie Ihren Stil mit unserem Anh\u00e4nger mit dem Buchstaben Q aus 18 Karat Gelbgold, ein klassisches und elegantes St\u00fcck, das sich perfekt f\u00fcr jeden Anlass eignet.","_seopress_robots_index":""},"brand":[27089],"product_brand":[],"product_cat":[27343,27121],"product_tag":[],"class_list":{"0":"post-172195","1":"product","2":"type-product","3":"status-publish","4":"has-post-thumbnail","6":"brand-gold-jewellery-de","7":"product_cat-buchstaben-anhanger","8":"product_cat-schmuck","9":"pa_dimensions-7-x-6-mm","10":"pa_garantie-12monate","11":"pa_genre-frau","12":"pa_genre-kind","13":"pa_genre-mann","14":"pa_matiere-75018ktgelbgold","15":"pa_motif-buchstaben","16":"sales-flash-overlay","17":"woocommerce-text-align-center","18":"woocommerce-image-align-center","19":"do-quantity-buttons","21":"first","22":"instock","23":"taxable","24":"shipping-taxable","25":"purchasable","26":"product-type-simple"},"acf":[],"_links":{"self":[{"href":"https:\/\/lediamant.ch\/de\/wp-json\/wp\/v2\/product\/172195","targetHints":{"allow":["GET"]}}],"collection":[{"href":"https:\/\/lediamant.ch\/de\/wp-json\/wp\/v2\/product"}],"about":[{"href":"https:\/\/lediamant.ch\/de\/wp-json\/wp\/v2\/types\/product"}],"wp:featuredmedia":[{"embeddable":true,"href":"https:\/\/lediamant.ch\/de\/wp-json\/wp\/v2\/media\/218768"}],"wp:attachment":[{"href":"https:\/\/lediamant.ch\/de\/wp-json\/wp\/v2\/media?parent=172195"}],"wp:term":[{"taxonomy":"brand","embeddable":true,"href":"https:\/\/lediamant.ch\/de\/wp-json\/wp\/v2\/brand?post=172195"},{"taxonomy":"product_brand","embeddable":true,"href":"https:\/\/lediamant.ch\/de\/wp-json\/wp\/v2\/product_brand?post=172195"},{"taxonomy":"product_cat","embeddable":true,"href":"https:\/\/lediamant.ch\/de\/wp-json\/wp\/v2\/product_cat?post=172195"},{"taxonomy":"product_tag","embeddable":true,"href":"https:\/\/lediamant.ch\/de\/wp-json\/wp\/v2\/product_tag?post=172195"}],"curies":[{"name":"wp","href":"https:\/\/api.w.org\/{rel}","templated":true}]}}