{"id":172199,"date":"2023-01-20T14:04:45","date_gmt":"2023-01-20T13:04:45","guid":{"rendered":"https:\/\/lediamant.ch\/produit\/schmuck-de\/anhanger-de\/anhaenger-buchstabe-de\/anhaenger-buchstabe-r-gelbgold-75018-kt\/"},"modified":"2026-01-21T17:50:46","modified_gmt":"2026-01-21T16:50:46","slug":"anhaenger-buchstabe-r-gelbgold-750-18-kt","status":"publish","type":"product","link":"https:\/\/lediamant.ch\/de\/schmuck\/172199-anhaenger-buchstabe-r-gelbgold-750-18-kt-ago1200r\/","title":{"rendered":"Anh\u00e4nger Buchstabe R Gelbgold 750\/18 kt."},"content":{"rendered":"<p>Dieser elegante Anh\u00e4nger in Form des Buchstabens &#8222;R&#8220; wurde aus 750\/18 kt Gelbgold gefertigt und verleiht Ihrem Stil einen Hauch von Raffinesse. Die polierte Oberfl\u00e4che verleiht dem Anh\u00e4nger einen au\u00dfergew\u00f6hnlichen Glanz, der die Aufmerksamkeit auf sich zieht. Dies ist das perfekte Geschenk f\u00fcr jemanden, dessen Vorname mit dem Buchstaben &#8222;R&#8220; beginnt, oder f\u00fcr Sie selbst, wenn Sie ein pers\u00f6nliches Schmuckst\u00fcck tragen m\u00f6chten. Dieser zarte Anh\u00e4nger ist eine diskrete und doch elegante Art, Ihre Individualit\u00e4t zum Ausdruck zu bringen.   <\/p>\n","protected":false},"excerpt":{"rendered":"<p>Dieser elegante Anh\u00e4nger in Form des Buchstabens &#8222;R&#8220; wurde aus 750\/18 kt Gelbgold gefertigt und verleiht Ihrem Stil einen Hauch von Raffinesse. Die polierte Oberfl\u00e4che verleiht dem Anh\u00e4nger einen au\u00dfergew\u00f6hnlichen Glanz, der die Aufmerksamkeit auf sich zieht. Dies ist das perfekte Geschenk f\u00fcr jemanden, dessen Vorname mit dem Buchstaben &#8222;R&#8220; beginnt, oder f\u00fcr Sie selbst, &#8230; <a title=\"Anh\u00e4nger Buchstabe R Gelbgold 750\/18 kt.\" class=\"read-more\" href=\"https:\/\/lediamant.ch\/de\/schmuck\/172199-anhaenger-buchstabe-r-gelbgold-750-18-kt-ago1200r\/\" aria-label=\"Mehr Informationen \u00fcber Anh\u00e4nger Buchstabe R Gelbgold 750\/18 kt.\">Weiterlesen &#8230;<\/a><\/p>\n","protected":false},"featured_media":218770,"template":"","meta":{"_acf_changed":false,"_seopress_robots_primary_cat":"27342","_seopress_titles_title":"","_seopress_titles_desc":"Entdecken Sie diesen Anh\u00e4nger mit dem Buchstaben R aus 750\/18 Kt Gelbgold. Eleganz und au\u00dfergew\u00f6hnlicher Glanz f\u00fcr einen anspruchsvollen Stil. Ideal als pers\u00f6nliches Geschenk.  ","_seopress_robots_index":""},"brand":[27089],"product_brand":[],"product_cat":[27343,27121],"product_tag":[],"class_list":{"0":"post-172199","1":"product","2":"type-product","3":"status-publish","4":"has-post-thumbnail","6":"brand-gold-jewellery-de","7":"product_cat-buchstaben-anhanger","8":"product_cat-schmuck","9":"pa_dimensions-7-x-5-mm","10":"pa_garantie-12monate","11":"pa_genre-frau","12":"pa_genre-kind","13":"pa_genre-mann","14":"pa_matiere-75018ktgelbgold","15":"pa_motif-buchstaben","16":"sales-flash-overlay","17":"woocommerce-text-align-center","18":"woocommerce-image-align-center","19":"do-quantity-buttons","21":"first","22":"instock","23":"taxable","24":"shipping-taxable","25":"purchasable","26":"product-type-simple"},"acf":[],"_links":{"self":[{"href":"https:\/\/lediamant.ch\/de\/wp-json\/wp\/v2\/product\/172199","targetHints":{"allow":["GET"]}}],"collection":[{"href":"https:\/\/lediamant.ch\/de\/wp-json\/wp\/v2\/product"}],"about":[{"href":"https:\/\/lediamant.ch\/de\/wp-json\/wp\/v2\/types\/product"}],"wp:featuredmedia":[{"embeddable":true,"href":"https:\/\/lediamant.ch\/de\/wp-json\/wp\/v2\/media\/218770"}],"wp:attachment":[{"href":"https:\/\/lediamant.ch\/de\/wp-json\/wp\/v2\/media?parent=172199"}],"wp:term":[{"taxonomy":"brand","embeddable":true,"href":"https:\/\/lediamant.ch\/de\/wp-json\/wp\/v2\/brand?post=172199"},{"taxonomy":"product_brand","embeddable":true,"href":"https:\/\/lediamant.ch\/de\/wp-json\/wp\/v2\/product_brand?post=172199"},{"taxonomy":"product_cat","embeddable":true,"href":"https:\/\/lediamant.ch\/de\/wp-json\/wp\/v2\/product_cat?post=172199"},{"taxonomy":"product_tag","embeddable":true,"href":"https:\/\/lediamant.ch\/de\/wp-json\/wp\/v2\/product_tag?post=172199"}],"curies":[{"name":"wp","href":"https:\/\/api.w.org\/{rel}","templated":true}]}}