{"id":172203,"date":"2023-01-20T14:03:54","date_gmt":"2023-01-20T13:03:54","guid":{"rendered":"https:\/\/lediamant.ch\/produit\/schmuck-de\/anhanger-de\/anhaenger-buchstabe-de\/anhaenger-buchstabe-s-gelbgold-75018-kt\/"},"modified":"2026-01-21T17:51:34","modified_gmt":"2026-01-21T16:51:34","slug":"anhaenger-buchstabe-s-gelbgold-750-18-kt","status":"publish","type":"product","link":"https:\/\/lediamant.ch\/de\/bijoux\/172202-anhaenger-buchstabe-s-gelbgold-750-18-ktago1200s\/","title":{"rendered":"Anh\u00e4nger Buchstabe S Gelbgold 750\/18 kt."},"content":{"rendered":"<p>Dieser Anh\u00e4nger in Form des Buchstaben &#8222;S&#8220; ist ein hochwertiges Schmuckst\u00fcck aus 750\/18 kt Gelbgold. Er ist schlicht und elegant zugleich, was ihn zu einer perfekten Wahl f\u00fcr den t\u00e4glichen Gebrauch oder f\u00fcr besondere Anl\u00e4sse macht. Ob Sie ein pers\u00f6nliches Geschenk suchen oder Ihrer eigenen Schmuckkollektion einen Hauch von Individualit\u00e4t verleihen m\u00f6chten, dieser Anh\u00e4nger ist eine ausgezeichnete und zeitlose Wahl.  <\/p>\n","protected":false},"excerpt":{"rendered":"<p>Dieser Anh\u00e4nger in Form des Buchstaben &#8222;S&#8220; ist ein hochwertiges Schmuckst\u00fcck aus 750\/18 kt Gelbgold. Er ist schlicht und elegant zugleich, was ihn zu einer perfekten Wahl f\u00fcr den t\u00e4glichen Gebrauch oder f\u00fcr besondere Anl\u00e4sse macht. Ob Sie ein pers\u00f6nliches Geschenk suchen oder Ihrer eigenen Schmuckkollektion einen Hauch von Individualit\u00e4t verleihen m\u00f6chten, dieser Anh\u00e4nger ist &#8230; <a title=\"Anh\u00e4nger Buchstabe S Gelbgold 750\/18 kt.\" class=\"read-more\" href=\"https:\/\/lediamant.ch\/de\/bijoux\/172202-anhaenger-buchstabe-s-gelbgold-750-18-ktago1200s\/\" aria-label=\"Mehr Informationen \u00fcber Anh\u00e4nger Buchstabe S Gelbgold 750\/18 kt.\">Weiterlesen &#8230;<\/a><\/p>\n","protected":false},"featured_media":218774,"template":"","meta":{"_acf_changed":false,"_seopress_robots_primary_cat":"27342","_seopress_titles_title":"","_seopress_titles_desc":"Entdecken Sie unseren Anh\u00e4nger 'S' aus 18 Kt Gold, schlicht und elegant, ideal f\u00fcr den Alltag oder ein besonderes Geschenk. Qualit\u00e4t und Stil sind garantiert. ","_seopress_robots_index":""},"brand":[27089],"product_brand":[],"product_cat":[27343,27121],"product_tag":[],"class_list":{"0":"post-172203","1":"product","2":"type-product","3":"status-publish","4":"has-post-thumbnail","6":"brand-gold-jewellery-de","7":"product_cat-buchstaben-anhanger","8":"product_cat-schmuck","9":"pa_dimensions-7-x-5-mm","10":"pa_garantie-12monate","11":"pa_genre-frau","12":"pa_genre-kind","13":"pa_genre-mann","14":"pa_matiere-75018ktgelbgold","15":"pa_motif-buchstaben","16":"sales-flash-overlay","17":"woocommerce-text-align-center","18":"woocommerce-image-align-center","19":"do-quantity-buttons","21":"first","22":"instock","23":"taxable","24":"shipping-taxable","25":"purchasable","26":"product-type-simple"},"acf":[],"_links":{"self":[{"href":"https:\/\/lediamant.ch\/de\/wp-json\/wp\/v2\/product\/172203","targetHints":{"allow":["GET"]}}],"collection":[{"href":"https:\/\/lediamant.ch\/de\/wp-json\/wp\/v2\/product"}],"about":[{"href":"https:\/\/lediamant.ch\/de\/wp-json\/wp\/v2\/types\/product"}],"wp:featuredmedia":[{"embeddable":true,"href":"https:\/\/lediamant.ch\/de\/wp-json\/wp\/v2\/media\/218774"}],"wp:attachment":[{"href":"https:\/\/lediamant.ch\/de\/wp-json\/wp\/v2\/media?parent=172203"}],"wp:term":[{"taxonomy":"brand","embeddable":true,"href":"https:\/\/lediamant.ch\/de\/wp-json\/wp\/v2\/brand?post=172203"},{"taxonomy":"product_brand","embeddable":true,"href":"https:\/\/lediamant.ch\/de\/wp-json\/wp\/v2\/product_brand?post=172203"},{"taxonomy":"product_cat","embeddable":true,"href":"https:\/\/lediamant.ch\/de\/wp-json\/wp\/v2\/product_cat?post=172203"},{"taxonomy":"product_tag","embeddable":true,"href":"https:\/\/lediamant.ch\/de\/wp-json\/wp\/v2\/product_tag?post=172203"}],"curies":[{"name":"wp","href":"https:\/\/api.w.org\/{rel}","templated":true}]}}