{"id":172219,"date":"2023-01-20T13:59:02","date_gmt":"2023-01-20T12:59:02","guid":{"rendered":"https:\/\/lediamant.ch\/produit\/schmuck-de\/anhanger-de\/anhaenger-buchstabe-de\/anhaenger-buchstabe-w-gelbgold-75018-kt\/"},"modified":"2026-01-21T17:52:17","modified_gmt":"2026-01-21T16:52:17","slug":"pendentif-lettre-w-or-jaune-75018-ct-5","status":"publish","type":"product","link":"https:\/\/lediamant.ch\/de\/schmuck\/172219-anhaenger-buchstabe-w-gelbgold-75018-kt\/","title":{"rendered":"Anh\u00e4nger Buchstabe W Gelbgold 750\/18 ct."},"content":{"rendered":"<p>Wenn Sie nach einem Schmuckst\u00fcck suchen, das nie aus der Mode kommt, empfehlen wir Ihnen diesen Anh\u00e4nger mit dem Gro\u00dfbuchstaben &#8222;W&#8220; aus 750\/18 ct Gelbgold, der sich perfekt mit l\u00e4ssigen oder festlichen Looks kombinieren l\u00e4sst und diese zum Strahlen bringt. Ein klassisches Accessoire, das in keinem Schmuckk\u00e4stchen fehlen sollte!<\/p>\n","protected":false},"excerpt":{"rendered":"<p>Wenn Sie nach einem Schmuckst\u00fcck suchen, das nie aus der Mode kommt, empfehlen wir Ihnen diesen Anh\u00e4nger mit dem Gro\u00dfbuchstaben &#8222;W&#8220; aus 750\/18 ct Gelbgold, der sich perfekt mit l\u00e4ssigen oder festlichen Looks kombinieren l\u00e4sst und diese zum Strahlen bringt. Ein klassisches Accessoire, das in keinem Schmuckk\u00e4stchen fehlen sollte!<\/p>\n","protected":false},"featured_media":223628,"template":"","meta":{"_acf_changed":false,"_seopress_robots_primary_cat":"27342","_seopress_titles_title":"","_seopress_titles_desc":"","_seopress_robots_index":""},"brand":[27089],"product_brand":[],"product_cat":[27155,27343,27121],"product_tag":[],"class_list":{"0":"post-172219","1":"product","2":"type-product","3":"status-publish","4":"has-post-thumbnail","6":"brand-gold-jewellery-de","7":"product_cat-anhanger","8":"product_cat-buchstaben-anhanger","9":"product_cat-schmuck","10":"pa_dimensions-7-x-9-mm","11":"pa_garantie-12monate","12":"pa_genre-frau","13":"pa_genre-kind","14":"pa_genre-mann","15":"pa_matiere-75018ktgelbgold","16":"pa_motif-buchstaben","17":"sales-flash-overlay","18":"woocommerce-text-align-center","19":"woocommerce-image-align-center","20":"do-quantity-buttons","22":"first","23":"instock","24":"taxable","25":"shipping-taxable","26":"purchasable","27":"product-type-simple"},"acf":[],"_links":{"self":[{"href":"https:\/\/lediamant.ch\/de\/wp-json\/wp\/v2\/product\/172219","targetHints":{"allow":["GET"]}}],"collection":[{"href":"https:\/\/lediamant.ch\/de\/wp-json\/wp\/v2\/product"}],"about":[{"href":"https:\/\/lediamant.ch\/de\/wp-json\/wp\/v2\/types\/product"}],"wp:featuredmedia":[{"embeddable":true,"href":"https:\/\/lediamant.ch\/de\/wp-json\/wp\/v2\/media\/223628"}],"wp:attachment":[{"href":"https:\/\/lediamant.ch\/de\/wp-json\/wp\/v2\/media?parent=172219"}],"wp:term":[{"taxonomy":"brand","embeddable":true,"href":"https:\/\/lediamant.ch\/de\/wp-json\/wp\/v2\/brand?post=172219"},{"taxonomy":"product_brand","embeddable":true,"href":"https:\/\/lediamant.ch\/de\/wp-json\/wp\/v2\/product_brand?post=172219"},{"taxonomy":"product_cat","embeddable":true,"href":"https:\/\/lediamant.ch\/de\/wp-json\/wp\/v2\/product_cat?post=172219"},{"taxonomy":"product_tag","embeddable":true,"href":"https:\/\/lediamant.ch\/de\/wp-json\/wp\/v2\/product_tag?post=172219"}],"curies":[{"name":"wp","href":"https:\/\/api.w.org\/{rel}","templated":true}]}}