{"id":172235,"date":"2023-01-24T18:14:51","date_gmt":"2023-01-24T17:14:51","guid":{"rendered":"https:\/\/lediamant.ch\/produit\/schmuck-de\/armschmuck-de\/armband-silber-925-de\/plakettenarmband-panzer-silber-925-massiv-94-mm-rhodiniert-laenge-21-cm\/"},"modified":"2025-11-19T17:33:24","modified_gmt":"2025-11-19T16:33:24","slug":"identitaetsarmband-in-silber-925-massiv-rhodiniert-94-mm-laenge-21-cm","status":"publish","type":"product","link":"https:\/\/lediamant.ch\/de\/schmuck\/172235-gravurarmband-925-silber-94mm-627700054\/","title":{"rendered":"Gravurarmband 925 Silber 9.4mm"},"content":{"rendered":"<p>Eine klassische Kette, die in ein zeitgen\u00f6ssisches Schmuckst\u00fcck verwandelt und durch drei geschmolzene Dekore bereichert wurde. Das Design des Karabinerverschlusses gew\u00e4hrleistet die stilistische Kontinuit\u00e4t mit der Kette. Ein Material, das durch Stil, St\u00e4rke und zeitlose m\u00e4nnliche Eleganz geschmiedet wurde.<\/p>\n","protected":false},"excerpt":{"rendered":"<p>Eine klassische Kette, die in ein zeitgen\u00f6ssisches Schmuckst\u00fcck verwandelt und durch drei geschmolzene Dekore bereichert wurde. Das Design des Karabinerverschlusses gew\u00e4hrleistet die stilistische Kontinuit\u00e4t mit der Kette. Ein Material, das durch Stil, St\u00e4rke und zeitlose m\u00e4nnliche Eleganz geschmiedet wurde.<\/p>\n","protected":false},"featured_media":172233,"template":"","meta":{"_acf_changed":false,"_seopress_robots_primary_cat":"27333","_seopress_titles_title":"","_seopress_titles_desc":"","_seopress_robots_index":""},"brand":[27111],"product_brand":[],"product_cat":[27175,27333,27121,27263,27147,27135],"product_tag":[],"class_list":{"0":"post-172235","1":"product","2":"type-product","3":"status-publish","4":"has-post-thumbnail","6":"brand-silver-jewellery-de","7":"product_cat-armschmuck","8":"product_cat-id-armband","9":"product_cat-schmuck","10":"product_cat-silberarmbander","11":"product_cat-text-vorne-hinten","12":"product_cat-zum-gravieren","13":"pa_garantie-12monate","14":"pa_genre-frau","15":"pa_genre-mann","16":"pa_longueurdechaine-19cm-de","17":"pa_longueurdechaine-21cm-de","18":"pa_matiere-925silber","19":"sales-flash-overlay","20":"woocommerce-text-align-center","21":"woocommerce-image-align-center","22":"do-quantity-buttons","24":"first","25":"instock","26":"taxable","27":"shipping-taxable","28":"purchasable","29":"product-type-variable","30":"has-default-attributes"},"acf":[],"_links":{"self":[{"href":"https:\/\/lediamant.ch\/de\/wp-json\/wp\/v2\/product\/172235","targetHints":{"allow":["GET"]}}],"collection":[{"href":"https:\/\/lediamant.ch\/de\/wp-json\/wp\/v2\/product"}],"about":[{"href":"https:\/\/lediamant.ch\/de\/wp-json\/wp\/v2\/types\/product"}],"wp:featuredmedia":[{"embeddable":true,"href":"https:\/\/lediamant.ch\/de\/wp-json\/wp\/v2\/media\/172233"}],"wp:attachment":[{"href":"https:\/\/lediamant.ch\/de\/wp-json\/wp\/v2\/media?parent=172235"}],"wp:term":[{"taxonomy":"brand","embeddable":true,"href":"https:\/\/lediamant.ch\/de\/wp-json\/wp\/v2\/brand?post=172235"},{"taxonomy":"product_brand","embeddable":true,"href":"https:\/\/lediamant.ch\/de\/wp-json\/wp\/v2\/product_brand?post=172235"},{"taxonomy":"product_cat","embeddable":true,"href":"https:\/\/lediamant.ch\/de\/wp-json\/wp\/v2\/product_cat?post=172235"},{"taxonomy":"product_tag","embeddable":true,"href":"https:\/\/lediamant.ch\/de\/wp-json\/wp\/v2\/product_tag?post=172235"}],"curies":[{"name":"wp","href":"https:\/\/api.w.org\/{rel}","templated":true}]}}