{"id":172299,"date":"2023-01-27T11:38:54","date_gmt":"2023-01-27T10:38:54","guid":{"rendered":"https:\/\/lediamant.ch\/produit\/uhren-de\/aerowatch-de\/milan-de\/aerowatch-milan-gmt-sport-quarz-41mm-stahlband\/"},"modified":"2025-08-27T15:09:03","modified_gmt":"2025-08-27T13:09:03","slug":"aerowatch-milan-gmt-sport-quartz-41mm-bracelet-acier","status":"publish","type":"product","link":"https:\/\/lediamant.ch\/de\/uhren\/172299-aerowatch-milan-gmt-sport-quartz-41mm-a-44999-aa01-m\/","title":{"rendered":"Aerowatch Milan GMT Sport Quarz 41mm"},"content":{"rendered":"<p>Die neue Kollektion &#8222;MILAN&#8220; unterstreicht mit stilistischen Elementen unverkennbar die Verbundenheit des Hauses mit dem m\u00e4rchenhaften, von m\u00e4chtigen Tannen gepr\u00e4gten Jura, der auch die Heimat des drittgr\u00f6\u00dften Greifvogels desselben Namens ist. Die Uhr &#8222;MILAN&#8220; von Aerowatch ist aus Edelstahl gefertigt und \u00fcberzeugt durch ihr sportliches, rassiges Aussehen, das durch die H\u00f6rner, die eine Einheit mit dem Geh\u00e4use bilden, noch unterstrichen wird. Die gekerbte L\u00fcnette und die gesch\u00fctzte Krone f\u00fcgen sich unauff\u00e4llig in das harmonische Erscheinungsbild ein und unterstreichen die klaren Linien.<\/p>\n<p>Bei genauerem Hinsehen erkennt man, dass nichts an dieser Uhr zuf\u00e4llig ist, sondern dass sie bis ins kleinste Detail die Philosophie von Aerowatch widerspiegelt; Perfektion und Liebe zum Detail stehen hier an erster Stelle. Besondere Aufmerksamkeit verdient die raffinierte Umsetzung des symbolischen Tannenbaum-Sujets auf dem Zifferblatt und dem Sekundenzeiger. Das grafische Muster der Tannen schafft Tiefensch\u00e4rfe und verwandelt das Zifferblatt in einen idyllischen Nadelwald, der zu einem fantasievollen Spaziergang durch die Weiten des Jura einl\u00e4dt.<\/p>\n","protected":false},"excerpt":{"rendered":"<p>Die neue Kollektion &#8222;MILAN&#8220; unterstreicht mit stilistischen Elementen unverkennbar die Verbundenheit des Hauses mit dem m\u00e4rchenhaften, von m\u00e4chtigen Tannen gepr\u00e4gten Jura, der auch die Heimat des drittgr\u00f6\u00dften Greifvogels desselben Namens ist. Die Uhr &#8222;MILAN&#8220; von Aerowatch ist aus Edelstahl gefertigt und \u00fcberzeugt durch ihr sportliches, rassiges Aussehen, das durch die H\u00f6rner, die eine Einheit mit &#8230; <a title=\"Aerowatch Milan GMT Sport Quarz 41mm\" class=\"read-more\" href=\"https:\/\/lediamant.ch\/de\/uhren\/172299-aerowatch-milan-gmt-sport-quartz-41mm-a-44999-aa01-m\/\" aria-label=\"Mehr Informationen \u00fcber Aerowatch Milan GMT Sport Quarz 41mm\">Weiterlesen &#8230;<\/a><\/p>\n","protected":false},"featured_media":172295,"template":"","meta":{"_acf_changed":false,"_seopress_robots_primary_cat":"27167","_seopress_titles_title":"","_seopress_titles_desc":"Eleganz und Natur treffen sich in der Uhr MILAN von Aerowatch, die vom Jura inspiriert wurde. Sportliches Design, gepflegte Details und ein einzigartiges Tannenmotiv.","_seopress_robots_index":""},"brand":[27081],"product_brand":[],"product_cat":[27167,27137,27233,27133,27123,27141],"product_tag":[],"class_list":{"0":"post-172299","1":"product","2":"type-product","3":"status-publish","4":"has-post-thumbnail","6":"brand-aerowatch-de","7":"product_cat-aerowatch-de","8":"product_cat-bracelet-ajustable-de","9":"product_cat-milan-de","10":"product_cat-sale","11":"product_cat-uhren","12":"product_cat-uhren-sale","13":"pa_garantie-24monate","14":"pa_verre-saphir-de","15":"sales-flash-overlay","16":"woocommerce-text-align-center","17":"woocommerce-image-align-center","18":"do-quantity-buttons","20":"first","21":"instock","22":"sale","23":"taxable","24":"shipping-taxable","25":"purchasable","26":"product-type-simple"},"acf":[],"_links":{"self":[{"href":"https:\/\/lediamant.ch\/de\/wp-json\/wp\/v2\/product\/172299","targetHints":{"allow":["GET"]}}],"collection":[{"href":"https:\/\/lediamant.ch\/de\/wp-json\/wp\/v2\/product"}],"about":[{"href":"https:\/\/lediamant.ch\/de\/wp-json\/wp\/v2\/types\/product"}],"wp:featuredmedia":[{"embeddable":true,"href":"https:\/\/lediamant.ch\/de\/wp-json\/wp\/v2\/media\/172295"}],"wp:attachment":[{"href":"https:\/\/lediamant.ch\/de\/wp-json\/wp\/v2\/media?parent=172299"}],"wp:term":[{"taxonomy":"brand","embeddable":true,"href":"https:\/\/lediamant.ch\/de\/wp-json\/wp\/v2\/brand?post=172299"},{"taxonomy":"product_brand","embeddable":true,"href":"https:\/\/lediamant.ch\/de\/wp-json\/wp\/v2\/product_brand?post=172299"},{"taxonomy":"product_cat","embeddable":true,"href":"https:\/\/lediamant.ch\/de\/wp-json\/wp\/v2\/product_cat?post=172299"},{"taxonomy":"product_tag","embeddable":true,"href":"https:\/\/lediamant.ch\/de\/wp-json\/wp\/v2\/product_tag?post=172299"}],"curies":[{"name":"wp","href":"https:\/\/api.w.org\/{rel}","templated":true}]}}