{"id":172357,"date":"2023-01-27T18:11:02","date_gmt":"2023-01-27T17:11:02","guid":{"rendered":"https:\/\/lediamant.ch\/produit\/uhren-de\/aerowatch-de\/streamline-de\/aerowatch-streamline-diamonds-quarz-stahl-leder-pink\/"},"modified":"2023-01-27T18:11:02","modified_gmt":"2023-01-27T17:11:02","slug":"aerowatch-streamline-diamonds-quarz-stahl-leder-pink","status":"publish","type":"product","link":"https:\/\/lediamant.ch\/de\/uhren\/172357-aerowatch-streamline-diamonds-quarz-stahl-leder-pink\/","title":{"rendered":"Aerowatch Streamline Diamonds, Quarz, Stahl, Leder Pink"},"content":{"rendered":"<p>Schweizer Quarzwerk, Stunden, Minuten, Sekunden und Datum bei 6 Uhr. Durchmesser 35.00 x37.00 mm. Blassrosa Lederarmband, 20.00 mm, Dornschlie\u00dfe. Geh\u00e4use aus poliertem Stahl mit 78 Diamanten, 0.30 ct, gew\u00f6lbtes Saphirglas. Guillochiertes, versilbertes Zifferblatt mit arabischen Ziffern. Wasserdicht bis 50 m.<\/p>\n","protected":false},"excerpt":{"rendered":"<p>Schweizer Quarzwerk, Stunden, Minuten, Sekunden und Datum bei 6 Uhr. Durchmesser 35.00 x37.00 mm. Blassrosa Lederarmband, 20.00 mm, Dornschlie\u00dfe. Geh\u00e4use aus poliertem Stahl mit 78 Diamanten, 0.30 ct, gew\u00f6lbtes Saphirglas. Guillochiertes, versilbertes Zifferblatt mit arabischen Ziffern. Wasserdicht bis 50 m.<\/p>\n","protected":false},"featured_media":172344,"template":"","meta":{"_acf_changed":false,"_seopress_robots_primary_cat":"","_seopress_titles_title":"","_seopress_titles_desc":"","_seopress_robots_index":""},"brand":[27081],"product_brand":[],"product_cat":[27167,27303,27123],"product_tag":[],"class_list":{"0":"post-172357","1":"product","2":"type-product","3":"status-publish","4":"has-post-thumbnail","6":"brand-aerowatch-de","7":"product_cat-aerowatch-de","8":"product_cat-streamline-de","9":"product_cat-uhren","10":"pa_couleurduboitier-grau-de","11":"pa_couleurdubracelet-rosa-de","12":"pa_couleurducadran-silber","13":"pa_etancheite-50m-de","14":"pa_forme-fass-de","15":"pa_garantie-24monate","16":"pa_genre-frau","17":"pa_matiere-stahl","18":"pa_matierebraceletmontre-leder","19":"pa_mouvement-quarzbatterie-de","20":"pa_swissmade-ja-de","21":"pa_typedemontre-uhrenmitdiamanten","22":"pa_verre-saphir-de","23":"sales-flash-overlay","24":"woocommerce-text-align-center","25":"woocommerce-image-align-center","26":"do-quantity-buttons","28":"first","29":"instock","30":"taxable","31":"shipping-taxable","32":"purchasable","33":"product-type-simple"},"acf":[],"_links":{"self":[{"href":"https:\/\/lediamant.ch\/de\/wp-json\/wp\/v2\/product\/172357","targetHints":{"allow":["GET"]}}],"collection":[{"href":"https:\/\/lediamant.ch\/de\/wp-json\/wp\/v2\/product"}],"about":[{"href":"https:\/\/lediamant.ch\/de\/wp-json\/wp\/v2\/types\/product"}],"wp:featuredmedia":[{"embeddable":true,"href":"https:\/\/lediamant.ch\/de\/wp-json\/wp\/v2\/media\/172344"}],"wp:attachment":[{"href":"https:\/\/lediamant.ch\/de\/wp-json\/wp\/v2\/media?parent=172357"}],"wp:term":[{"taxonomy":"brand","embeddable":true,"href":"https:\/\/lediamant.ch\/de\/wp-json\/wp\/v2\/brand?post=172357"},{"taxonomy":"product_brand","embeddable":true,"href":"https:\/\/lediamant.ch\/de\/wp-json\/wp\/v2\/product_brand?post=172357"},{"taxonomy":"product_cat","embeddable":true,"href":"https:\/\/lediamant.ch\/de\/wp-json\/wp\/v2\/product_cat?post=172357"},{"taxonomy":"product_tag","embeddable":true,"href":"https:\/\/lediamant.ch\/de\/wp-json\/wp\/v2\/product_tag?post=172357"}],"curies":[{"name":"wp","href":"https:\/\/api.w.org\/{rel}","templated":true}]}}