{"id":173145,"date":"2023-02-20T01:07:00","date_gmt":"2023-02-20T00:07:00","guid":{"rendered":"https:\/\/lediamant.ch\/produit\/uhren-de\/tissot-de\/tissot-t-sport-de\/tissot-sideral-de\/tissot-sideral-s-gelb\/"},"modified":"2024-11-06T16:35:05","modified_gmt":"2024-11-06T15:35:05","slug":"tissot-sideral-s-gelb","status":"publish","type":"product","link":"https:\/\/lediamant.ch\/de\/uhren\/173145-tissot-sideral-s-gelb-t1454079705700\/","title":{"rendered":"Tissot Sideral S Gelb"},"content":{"rendered":"<p>Entdecken Sie die Tissot Sideral, eine fesselnde Fusion aus Vintage-Look und moderner Handwerkskunst. Die Uhr verf\u00fcgt \u00fcber ein 41 mm breites Geh\u00e4use aus geschmiedetem Karbon und ein gelbes Armband, das eine Hommage an ihre ikonischen Urspr\u00fcnge in den 1970er Jahren darstellt. Die Sideral ist bis 30 bar (300 Meter) wasserdicht und verf\u00fcgt \u00fcber mit Super-LumiNova\u00ae beschichtete Indizes. Damit ist sie ein absolutes Muss f\u00fcr Trendsetter und Geschichtsbegeisterte. Mit dem austauschbaren Armband aus perforiertem Kautschuk l\u00e4sst sich der eigene Stil m\u00fchelos anpassen. Umarmen Sie das Au\u00dfergew\u00f6hnliche mit der Tissot Sideral.<\/p>\n<p>Die Tissot Sideral ist jetzt in drei leuchtenden Farben erh\u00e4ltlich (Gelb, Rot und Blau) und zeichnet sich aus durch ihr perforiertes Kautschukarmband und ihr innovatives Befestigungssystem, ein einzigartiges Detail, das sie von den Modellen mit herk\u00f6mmlicher Schnalle unterscheidet. Dieses erfinderische System, das erstmals in den 1970er Jahren enth\u00fcllt wurde,<\/p>\n<p>spiegelt die ganze K\u00fchnheit und Kreativit\u00e4t von Tissot wider. Tissot bietet au\u00dferdem neue Optionen f\u00fcr die Personalisierung mit gr\u00fcnen, orangefarbenen und schwarzen Armb\u00e4ndern, die sich perfekt f\u00fcr einen Look eignen, der eher dezent sein soll. Die Tissot Sideral verf\u00fcgt \u00fcber ein Geh\u00e4use aus geschmiedetem Karbon und eine einseitig drehbare L\u00fcnette aus schwarzem PVD mit Tauch- und Regattaskala ausgestattet. Das Zifferblatt zeigt eine mehrfarbige Leuchtanimation sowie einen<\/p>\n<p>Regatta-Countdown in Gr\u00fcn und Rot, der die Retro-\u00c4sthetik der 1970er Jahre einf\u00e4ngt. Wasserdicht bis 30 Bar (300 m) ist die Sideral ein erstklassiges Accessoire, das zu jeder Gelegenheit passt. Die Tissot Sideral ist mit dem Powermatic 80 Nivachron Uhrwerk und einem neuen skelettierten Rotor ausgestattet. Tissot, die das Engagement des Uhrenherstellers f\u00fcr h\u00f6chste Pr\u00e4zision und Zuverl\u00e4ssigkeit bezeugen.<\/p>\n<p>Die Tissot Sideral ist ein au\u00dfergew\u00f6hnliches St\u00fcck f\u00fcr jeden Anlass, mit dem der Tr\u00e4ger oder die Tr\u00e4gerin die M\u00f6glichkeit hat, seine oder ihre Zeit zu genie\u00dfen. Tr\u00e4gerin, ihre Individualit\u00e4t zu zelebrieren und sich elegant von der Masse abzuheben. F\u00fcr ein Abenteuer im Freien oder ein Ausflug mit Freunden, wird sie mit ihrer dynamischen \u00c4sthetik und ihrem einzigartigen Befestigungssystem \u00fcberzeugen, die perfekt sind um seinen Stil zu unterstreichen.<\/p>\n","protected":false},"excerpt":{"rendered":"<p>Entdecken Sie die Tissot Sideral, eine fesselnde Fusion aus Vintage-Look und moderner Handwerkskunst. Die Uhr verf\u00fcgt \u00fcber ein 41 mm breites Geh\u00e4use aus geschmiedetem Karbon und ein gelbes Armband, das eine Hommage an ihre ikonischen Urspr\u00fcnge in den 1970er Jahren darstellt. Die Sideral ist bis 30 bar (300 Meter) wasserdicht und verf\u00fcgt \u00fcber mit Super-LumiNova\u00ae &#8230; <a title=\"Tissot Sideral S Gelb\" class=\"read-more\" href=\"https:\/\/lediamant.ch\/de\/uhren\/173145-tissot-sideral-s-gelb-t1454079705700\/\" aria-label=\"Mehr Informationen \u00fcber Tissot Sideral S Gelb\">Weiterlesen &#8230;<\/a><\/p>\n","protected":false},"featured_media":173129,"template":"","meta":{"_acf_changed":false,"_seopress_robots_primary_cat":"27203","_seopress_titles_title":"","_seopress_titles_desc":"Tauchen Sie ein in die Welt der Tissot Sideral: eine perfekte Mischung aus Retro-Charme und moderner Innovation, wasserdicht bis 300 Meter. Jetzt entdecken!","_seopress_robots_index":""},"brand":[27087],"product_brand":[],"product_cat":[27159,27203,27123],"product_tag":[],"class_list":{"0":"post-173145","1":"product","2":"type-product","3":"status-publish","4":"has-post-thumbnail","6":"brand-tissot-de","7":"product_cat-tissot-de","8":"product_cat-tissot-sport","9":"product_cat-uhren","10":"pa_couleurdubracelet-gelb-de","11":"pa_couleurducadran-schwarz","12":"pa_etancheite-300m-de","13":"pa_forme-fass-de","14":"pa_garantie-24monate","15":"pa_genre-mann","16":"pa_matiere-karbon","17":"pa_matierebraceletmontre-kautschuk","18":"pa_mouvement-automatik-de","19":"pa_swissmade-ja-de","20":"pa_verre-saphir-de","21":"sales-flash-overlay","22":"woocommerce-text-align-center","23":"woocommerce-image-align-center","24":"do-quantity-buttons","26":"first","27":"instock","28":"taxable","29":"shipping-taxable","30":"purchasable","31":"product-type-simple"},"acf":[],"_links":{"self":[{"href":"https:\/\/lediamant.ch\/de\/wp-json\/wp\/v2\/product\/173145","targetHints":{"allow":["GET"]}}],"collection":[{"href":"https:\/\/lediamant.ch\/de\/wp-json\/wp\/v2\/product"}],"about":[{"href":"https:\/\/lediamant.ch\/de\/wp-json\/wp\/v2\/types\/product"}],"wp:featuredmedia":[{"embeddable":true,"href":"https:\/\/lediamant.ch\/de\/wp-json\/wp\/v2\/media\/173129"}],"wp:attachment":[{"href":"https:\/\/lediamant.ch\/de\/wp-json\/wp\/v2\/media?parent=173145"}],"wp:term":[{"taxonomy":"brand","embeddable":true,"href":"https:\/\/lediamant.ch\/de\/wp-json\/wp\/v2\/brand?post=173145"},{"taxonomy":"product_brand","embeddable":true,"href":"https:\/\/lediamant.ch\/de\/wp-json\/wp\/v2\/product_brand?post=173145"},{"taxonomy":"product_cat","embeddable":true,"href":"https:\/\/lediamant.ch\/de\/wp-json\/wp\/v2\/product_cat?post=173145"},{"taxonomy":"product_tag","embeddable":true,"href":"https:\/\/lediamant.ch\/de\/wp-json\/wp\/v2\/product_tag?post=173145"}],"curies":[{"name":"wp","href":"https:\/\/api.w.org\/{rel}","templated":true}]}}