{"id":173579,"date":"2023-02-23T17:15:51","date_gmt":"2023-02-23T16:15:51","guid":{"rendered":"https:\/\/lediamant.ch\/produit\/uhren-de\/balmain-de\/tradition-de\/beleganza-de\/balmain-beleganza-28\/"},"modified":"2024-12-20T18:25:46","modified_gmt":"2024-12-20T17:25:46","slug":"balmain-beleganza-28","status":"publish","type":"product","link":"https:\/\/lediamant.ch\/de\/uhren\/173579-balmain-beleganza-28\/","title":{"rendered":"Balmain Beleganza 32mm"},"content":{"rendered":"<p>Die Balmain Beleganza Uhr ist ein echtes Symbol f\u00fcr Eleganz und Raffinesse. Ihr zartes und raffiniertes Design zeichnet sich durch ein 32 mm gro\u00dfes Stahlgeh\u00e4use mit einem Perlmuttzifferblatt aus. Die Diamantindexe und die goldenen Zeiger verleihen der Uhr einen Hauch von Luxus, w\u00e4hrend das zweifarbige Stahlarmband der Uhr eine au\u00dfergew\u00f6hnliche Robustheit und Haltbarkeit verleiht. Diese Uhr ist ein perfektes Accessoire f\u00fcr Frauen, die den klassischen Stil und zeitlose Eleganz zu sch\u00e4tzen wissen.<\/p>\n","protected":false},"excerpt":{"rendered":"<p>Die Balmain Beleganza Uhr ist ein echtes Symbol f\u00fcr Eleganz und Raffinesse. Ihr zartes und raffiniertes Design zeichnet sich durch ein 32 mm gro\u00dfes Stahlgeh\u00e4use mit einem Perlmuttzifferblatt aus. Die Diamantindexe und die goldenen Zeiger verleihen der Uhr einen Hauch von Luxus, w\u00e4hrend das zweifarbige Stahlarmband der Uhr eine au\u00dfergew\u00f6hnliche Robustheit und Haltbarkeit verleiht. Diese &#8230; <a title=\"Balmain Beleganza 32mm\" class=\"read-more\" href=\"https:\/\/lediamant.ch\/de\/uhren\/173579-balmain-beleganza-28\/\" aria-label=\"Mehr Informationen \u00fcber Balmain Beleganza 32mm\">Weiterlesen &#8230;<\/a><\/p>\n","protected":false},"featured_media":173569,"template":"","meta":{"_acf_changed":false,"_seopress_robots_primary_cat":"27173","_seopress_titles_title":"","_seopress_titles_desc":"","_seopress_robots_index":""},"brand":[27083],"product_brand":[],"product_cat":[27173,27399,27137,27123],"product_tag":[],"class_list":{"0":"post-173579","1":"product","2":"type-product","3":"status-publish","4":"has-post-thumbnail","6":"brand-balmain-de","7":"product_cat-balmain-de","8":"product_cat-beleganza-de","9":"product_cat-bracelet-ajustable-de","10":"product_cat-uhren","11":"pa_couleurducadran-perlmutt","12":"pa_detail-de-s-pierres-s-11-diamanten-0-041ct","13":"pa_dimensions-o-32-00-mm","14":"pa_etancheite-30m-de","15":"pa_forme-runden","16":"pa_garantie-24monate","17":"pa_genre-frau","18":"pa_matiere-zweifarbigstahlgelbgoldpvd","19":"pa_matierebraceletmontre-edelstahl","20":"pa_mouvement-quarzbatterie-de","21":"pa_swissmade-ja-de","22":"pa_typedemontre-uhrenmitdiamanten","23":"pa_verre-saphir-de","24":"sales-flash-overlay","25":"woocommerce-text-align-center","26":"woocommerce-image-align-center","27":"do-quantity-buttons","29":"first","30":"instock","31":"taxable","32":"shipping-taxable","33":"purchasable","34":"product-type-simple"},"acf":[],"_links":{"self":[{"href":"https:\/\/lediamant.ch\/de\/wp-json\/wp\/v2\/product\/173579","targetHints":{"allow":["GET"]}}],"collection":[{"href":"https:\/\/lediamant.ch\/de\/wp-json\/wp\/v2\/product"}],"about":[{"href":"https:\/\/lediamant.ch\/de\/wp-json\/wp\/v2\/types\/product"}],"wp:featuredmedia":[{"embeddable":true,"href":"https:\/\/lediamant.ch\/de\/wp-json\/wp\/v2\/media\/173569"}],"wp:attachment":[{"href":"https:\/\/lediamant.ch\/de\/wp-json\/wp\/v2\/media?parent=173579"}],"wp:term":[{"taxonomy":"brand","embeddable":true,"href":"https:\/\/lediamant.ch\/de\/wp-json\/wp\/v2\/brand?post=173579"},{"taxonomy":"product_brand","embeddable":true,"href":"https:\/\/lediamant.ch\/de\/wp-json\/wp\/v2\/product_brand?post=173579"},{"taxonomy":"product_cat","embeddable":true,"href":"https:\/\/lediamant.ch\/de\/wp-json\/wp\/v2\/product_cat?post=173579"},{"taxonomy":"product_tag","embeddable":true,"href":"https:\/\/lediamant.ch\/de\/wp-json\/wp\/v2\/product_tag?post=173579"}],"curies":[{"name":"wp","href":"https:\/\/api.w.org\/{rel}","templated":true}]}}