{"id":173591,"date":"2023-02-23T17:46:58","date_gmt":"2023-02-23T16:46:58","guid":{"rendered":"https:\/\/lediamant.ch\/produit\/uhren-de\/balmain-de\/tradition-de\/haute-elegance-de\/balmain-haute-elegance-12\/"},"modified":"2024-12-20T18:20:18","modified_gmt":"2024-12-20T17:20:18","slug":"balmain-haute-elegance-12","status":"publish","type":"product","link":"https:\/\/lediamant.ch\/de\/uhren\/173591-balmain-haute-elegance-12\/","title":{"rendered":"Balmain Haute Elegance 24mm"},"content":{"rendered":"<p>Lassen Sie sich von der zeitlosen Eleganz dieser Balmain Haute Elegance Uhr verf\u00fchren. Das wei\u00dfe Zifferblatt mit den r\u00f6mischen Ziffern ist leicht ablesbar. Das goldfarbene Stahlarmband verleiht der Uhr einen Hauch von Raffinesse, w\u00e4hrend das Schweizer Quarzwerk f\u00fcr unfehlbare Pr\u00e4zision sorgt. Mit ihrem raffinierten Design und der Liebe zum Detail ist diese Uhr ein echtes Modeaccessoire, das jedes Outfit perfekt erg\u00e4nzt.<\/p>\n","protected":false},"excerpt":{"rendered":"<p>Lassen Sie sich von der zeitlosen Eleganz dieser Balmain Haute Elegance Uhr verf\u00fchren. Das wei\u00dfe Zifferblatt mit den r\u00f6mischen Ziffern ist leicht ablesbar. Das goldfarbene Stahlarmband verleiht der Uhr einen Hauch von Raffinesse, w\u00e4hrend das Schweizer Quarzwerk f\u00fcr unfehlbare Pr\u00e4zision sorgt. Mit ihrem raffinierten Design und der Liebe zum Detail ist diese Uhr ein echtes &#8230; <a title=\"Balmain Haute Elegance 24mm\" class=\"read-more\" href=\"https:\/\/lediamant.ch\/de\/uhren\/173591-balmain-haute-elegance-12\/\" aria-label=\"Mehr Informationen \u00fcber Balmain Haute Elegance 24mm\">Weiterlesen &#8230;<\/a><\/p>\n","protected":false},"featured_media":173581,"template":"","meta":{"_acf_changed":false,"_seopress_robots_primary_cat":"27173","_seopress_titles_title":"","_seopress_titles_desc":"Entdecken Sie die Eleganz der Balmain Uhr mit ihrem wei\u00dfen Zifferblatt und dem goldenen Armband. Ein pr\u00e4zises und raffiniertes Design, das zu jedem Outfit passt.","_seopress_robots_index":""},"brand":[27083],"product_brand":[],"product_cat":[27173,27467,27123],"product_tag":[],"class_list":{"0":"post-173591","1":"product","2":"type-product","3":"status-publish","4":"has-post-thumbnail","6":"brand-balmain-de","7":"product_cat-balmain-de","8":"product_cat-haute-elegance-de","9":"product_cat-uhren","10":"pa_couleurduboitier-gelb-de","11":"pa_couleurdubracelet-gelb-de","12":"pa_couleurducadran-weiss","13":"pa_dimensions-o-24-mm","14":"pa_etancheite-50m-de","15":"pa_forme-runden","16":"pa_garantie-24monate","17":"pa_genre-frau","18":"pa_matiere-gelbgoldpvd","19":"pa_matierebraceletmontre-edelstahl","20":"pa_mouvement-quarzbatterie-de","21":"pa_swissmade-ja-de","22":"pa_verre-saphir-de","23":"sales-flash-overlay","24":"woocommerce-text-align-center","25":"woocommerce-image-align-center","26":"do-quantity-buttons","28":"first","29":"instock","30":"taxable","31":"shipping-taxable","32":"purchasable","33":"product-type-simple"},"acf":[],"_links":{"self":[{"href":"https:\/\/lediamant.ch\/de\/wp-json\/wp\/v2\/product\/173591","targetHints":{"allow":["GET"]}}],"collection":[{"href":"https:\/\/lediamant.ch\/de\/wp-json\/wp\/v2\/product"}],"about":[{"href":"https:\/\/lediamant.ch\/de\/wp-json\/wp\/v2\/types\/product"}],"wp:featuredmedia":[{"embeddable":true,"href":"https:\/\/lediamant.ch\/de\/wp-json\/wp\/v2\/media\/173581"}],"wp:attachment":[{"href":"https:\/\/lediamant.ch\/de\/wp-json\/wp\/v2\/media?parent=173591"}],"wp:term":[{"taxonomy":"brand","embeddable":true,"href":"https:\/\/lediamant.ch\/de\/wp-json\/wp\/v2\/brand?post=173591"},{"taxonomy":"product_brand","embeddable":true,"href":"https:\/\/lediamant.ch\/de\/wp-json\/wp\/v2\/product_brand?post=173591"},{"taxonomy":"product_cat","embeddable":true,"href":"https:\/\/lediamant.ch\/de\/wp-json\/wp\/v2\/product_cat?post=173591"},{"taxonomy":"product_tag","embeddable":true,"href":"https:\/\/lediamant.ch\/de\/wp-json\/wp\/v2\/product_tag?post=173591"}],"curies":[{"name":"wp","href":"https:\/\/api.w.org\/{rel}","templated":true}]}}