{"id":173627,"date":"2023-02-23T18:19:17","date_gmt":"2023-02-23T17:19:17","guid":{"rendered":"https:\/\/lediamant.ch\/produit\/uhren-de\/balmain-de\/downtown-de\/madrigal-de\/balmain-madrigal-chrono-8\/"},"modified":"2024-12-20T17:50:30","modified_gmt":"2024-12-20T16:50:30","slug":"balmain-madrigal-chrono-8","status":"publish","type":"product","link":"https:\/\/lediamant.ch\/de\/uhren\/173627-balmain-madrigal-chrono-8\/","title":{"rendered":"Balmain Madrigal Chrono 42mm"},"content":{"rendered":"<p>Ein sportlicher und maskuliner Chronograph wurde in die Madrigal-Kollektion von Balmain aufgenommen. Mit seinem zeitgen\u00f6ssischen Design und seinen markanten Linien ist dieses neue Modell in verschiedenen Zifferblattfarben und mit einer Auswahl an Stahl- oder Lederarmb\u00e4ndern erh\u00e4ltlich. Die Details des Zifferblatts unterstreichen die athletische Pers\u00f6nlichkeit der Uhr und zeigen ihren Charakter, w\u00e4hrend sie gleichzeitig ein schlichtes Design bewahrt. Die neue Madrigal Chrono Gent ist eine schlichte Uhr, die an den Handgelenken von stilbewussten Sportlern Platz finden wird, die sich auf dem Sportplatz genauso wohl f\u00fchlen wie bei einem eleganten Abend. Mit diesem zeitgen\u00f6ssischen St\u00fcck hat Balmain eine Kreation mit klaren, maskulinen Linien geschaffen, die dennoch sehr harmonisch sind.<\/p>\n","protected":false},"excerpt":{"rendered":"<p>Ein sportlicher und maskuliner Chronograph wurde in die Madrigal-Kollektion von Balmain aufgenommen. Mit seinem zeitgen\u00f6ssischen Design und seinen markanten Linien ist dieses neue Modell in verschiedenen Zifferblattfarben und mit einer Auswahl an Stahl- oder Lederarmb\u00e4ndern erh\u00e4ltlich. Die Details des Zifferblatts unterstreichen die athletische Pers\u00f6nlichkeit der Uhr und zeigen ihren Charakter, w\u00e4hrend sie gleichzeitig ein schlichtes &#8230; <a title=\"Balmain Madrigal Chrono 42mm\" class=\"read-more\" href=\"https:\/\/lediamant.ch\/de\/uhren\/173627-balmain-madrigal-chrono-8\/\" aria-label=\"Mehr Informationen \u00fcber Balmain Madrigal Chrono 42mm\">Weiterlesen &#8230;<\/a><\/p>\n","protected":false},"featured_media":173619,"template":"","meta":{"_acf_changed":false,"_seopress_robots_primary_cat":"27173","_seopress_titles_title":"","_seopress_titles_desc":"Entdecken Sie den neuen Balmain Madrigal Chrono Gent: maskulin, sportlich und in verschiedenen Designs erh\u00e4ltlich, perfekt f\u00fcr jeden Anlass.","_seopress_robots_index":""},"brand":[27083],"product_brand":[],"product_cat":[27173,27137,27465,27123],"product_tag":[],"class_list":{"0":"post-173627","1":"product","2":"type-product","3":"status-publish","4":"has-post-thumbnail","6":"brand-balmain-de","7":"product_cat-balmain-de","8":"product_cat-bracelet-ajustable-de","9":"product_cat-madrigal-de","10":"product_cat-uhren","11":"pa_couleurduboitier-gelb-de","12":"pa_couleurdubracelet-schwarz-de","13":"pa_couleurducadran-schwarz","14":"pa_dimensions-o-42-00mm","15":"pa_etancheite-50m-de","16":"pa_forme-runden","17":"pa_garantie-24monate","18":"pa_genre-mann","19":"pa_matiere-gelbgoldpvd","20":"pa_matierebraceletmontre-leder","21":"pa_mouvement-quarzbatterie-de","22":"pa_swissmade-ja-de","23":"pa_typedemontre-chronograph-de","24":"pa_verre-saphir-de","25":"sales-flash-overlay","26":"woocommerce-text-align-center","27":"woocommerce-image-align-center","28":"do-quantity-buttons","30":"first","31":"instock","32":"taxable","33":"shipping-taxable","34":"purchasable","35":"product-type-simple"},"acf":[],"_links":{"self":[{"href":"https:\/\/lediamant.ch\/de\/wp-json\/wp\/v2\/product\/173627","targetHints":{"allow":["GET"]}}],"collection":[{"href":"https:\/\/lediamant.ch\/de\/wp-json\/wp\/v2\/product"}],"about":[{"href":"https:\/\/lediamant.ch\/de\/wp-json\/wp\/v2\/types\/product"}],"wp:featuredmedia":[{"embeddable":true,"href":"https:\/\/lediamant.ch\/de\/wp-json\/wp\/v2\/media\/173619"}],"wp:attachment":[{"href":"https:\/\/lediamant.ch\/de\/wp-json\/wp\/v2\/media?parent=173627"}],"wp:term":[{"taxonomy":"brand","embeddable":true,"href":"https:\/\/lediamant.ch\/de\/wp-json\/wp\/v2\/brand?post=173627"},{"taxonomy":"product_brand","embeddable":true,"href":"https:\/\/lediamant.ch\/de\/wp-json\/wp\/v2\/product_brand?post=173627"},{"taxonomy":"product_cat","embeddable":true,"href":"https:\/\/lediamant.ch\/de\/wp-json\/wp\/v2\/product_cat?post=173627"},{"taxonomy":"product_tag","embeddable":true,"href":"https:\/\/lediamant.ch\/de\/wp-json\/wp\/v2\/product_tag?post=173627"}],"curies":[{"name":"wp","href":"https:\/\/api.w.org\/{rel}","templated":true}]}}